{"id":704721,"date":"2025-08-27T15:38:32","date_gmt":"2025-08-27T12:38:32","guid":{"rendered":"https:\/\/roveyayinevi.com.tr\/index.php\/urun\/kutalmisoglu-suleymansah-ululamasi\/"},"modified":"2026-04-16T02:13:34","modified_gmt":"2026-04-15T23:13:34","slug":"kutalmisoglu-suleymansah-ululamasi","status":"publish","type":"product","link":"https:\/\/roveyayinevi.com.tr\/index.php\/urun\/kutalmisoglu-suleymansah-ululamasi\/","title":{"rendered":"Kutalm\u0131\u015fo\u011flu S\u00fcleyman\u015fah Ululamas\u0131"},"content":{"rendered":"<p>Unutulmaya y\u00fcz tutan T\u00fcrk Destan \u015eiiri&#8217;ne yeni bir soluk getiren Hakan \u0130lhan Kurt; Anadolu Sel\u00e7uklu Devleti Kurucusu Kutalm\u0131\u015fo\u011flu S\u00fcleyman\u015fah&#8217;\u0131n Anadolu&#8217;ya geli\u015fini, kat\u0131ld\u0131\u011f\u0131 sava\u015flar\u0131, Anadolu Sel\u00e7uklu Devleti&#8217;nin kurulu\u015funu, Bizans \u0130mparatorlu\u011fu ile ilgili ili\u015fkilerini, fetihlerini, anla\u015fmalar\u0131n\u0131 ve \u00f6l\u00fcm\u00fcn\u00fc hece veznini kullanarak destanla\u015ft\u0131rm\u0131\u015ft\u0131r. Kutalm\u0131\u015fo\u011flu S\u00fcleyman\u015fah Ululamas\u0131\u2019nda, d\u00f6nemin kavramlar\u0131 ve olaylar\u0131, co\u011frafi adland\u0131rmalar ve tarihi karakterler dipnotlarda okuyucuya ayr\u0131nt\u0131l\u0131 bir \u015fekilde aktar\u0131larak tarihi arka plan\u0131 takip edilmesi kolayla\u015ft\u0131r\u0131lm\u0131\u015ft\u0131r. Anadolu Sel\u00e7uklu Devleti Kurucusu Kutalm\u0131\u015fo\u011flu S\u00fcleyman\u015fah&#8217;\u0131n hayat\u0131n\u0131 konu edinen ilk destan \u00e7al\u0131\u015fmas\u0131 olan Kutalm\u0131\u015fo\u011flu S\u00fcleyman\u015fah Ululamas\u0131, hem bi\u00e7im hem de kelime zenginli\u011fi bak\u0131m\u0131ndan sundu\u011fu kudretli T\u00fcrk\u00e7esiyle soluksuz bir destan tecr\u00fcbesi sunuyor. <\/p>\n","protected":false},"excerpt":{"rendered":"<p>Unutulmaya y\u00fcz tutan T\u00fcrk Destan \u015eiiri&#8217;ne yeni bir soluk getiren Hakan \u0130lhan Kurt; Anadolu Sel\u00e7uklu Devleti Kurucusu Kutalm\u0131\u015fo\u011flu S\u00fcleyman\u015fah&#8217;\u0131n Anadolu&#8217;ya geli\u015fini, kat\u0131ld\u0131\u011f\u0131 sava\u015flar\u0131, Anadolu Sel\u00e7uklu Devleti&#8217;nin<span class=\"excerpt-hellip\"> [\u2026]<\/span><\/p>\n","protected":false},"featured_media":0,"template":"","meta":{"_monsterinsights_skip_tracking":false,"_monsterinsights_sitenote_active":false,"_monsterinsights_sitenote_note":"","_monsterinsights_sitenote_category":0},"product_brand":[],"product_cat":[12291,12509],"product_tag":[],"class_list":{"0":"post-704721","1":"product","2":"type-product","3":"status-publish","5":"product_cat-edebiyat","6":"product_cat-siir","7":"pa_tur-kitap","8":"pa_yayinevi-otuken-nesriyat","9":"pa_yazar-hakan-ilhan-kurt","11":"first","12":"instock","13":"sale","14":"shipping-taxable","15":"purchasable","16":"product-type-simple"},"_links":{"self":[{"href":"https:\/\/roveyayinevi.com.tr\/index.php\/wp-json\/wp\/v2\/product\/704721","targetHints":{"allow":["GET"]}}],"collection":[{"href":"https:\/\/roveyayinevi.com.tr\/index.php\/wp-json\/wp\/v2\/product"}],"about":[{"href":"https:\/\/roveyayinevi.com.tr\/index.php\/wp-json\/wp\/v2\/types\/product"}],"wp:attachment":[{"href":"https:\/\/roveyayinevi.com.tr\/index.php\/wp-json\/wp\/v2\/media?parent=704721"}],"wp:term":[{"taxonomy":"product_brand","embeddable":true,"href":"https:\/\/roveyayinevi.com.tr\/index.php\/wp-json\/wp\/v2\/product_brand?post=704721"},{"taxonomy":"product_cat","embeddable":true,"href":"https:\/\/roveyayinevi.com.tr\/index.php\/wp-json\/wp\/v2\/product_cat?post=704721"},{"taxonomy":"product_tag","embeddable":true,"href":"https:\/\/roveyayinevi.com.tr\/index.php\/wp-json\/wp\/v2\/product_tag?post=704721"}],"curies":[{"name":"wp","href":"https:\/\/api.w.org\/{rel}","templated":true}]}}