{"id":704720,"date":"2025-08-27T15:38:32","date_gmt":"2025-08-27T12:38:32","guid":{"rendered":"https:\/\/roveyayinevi.com.tr\/index.php\/urun\/kagit-tas-kumas\/"},"modified":"2026-04-16T02:13:34","modified_gmt":"2026-04-15T23:13:34","slug":"kagit-tas-kumas","status":"publish","type":"product","link":"https:\/\/roveyayinevi.com.tr\/index.php\/urun\/kagit-tas-kumas\/","title":{"rendered":"Ka\u011f\u0131t Ta\u015f Kuma\u015f"},"content":{"rendered":"<p>Murathan Mungan&#8217;\u0131n Mezopotamya \u00dc\u00e7lemesi&#8217;ni olu\u015fturan Mahmud \u0130le Yezida, Taziye ve Geyikler Lanetler ile Bir Garip Orhan Veli oyunlar\u0131na 2007&#8217;de yeni bir oyun ekleniyor: K\u00e2\u011f\u0131t Ta\u015f Kuma\u015f. \u00dc\u00e7 perdeden olu\u015fan bu kitap da &#8220;tiyatro oyunlar\u0131 okunamaz&#8221; g\u00f6r\u00fc\u015f\u00fcn\u00fc bir kez daha ge\u00e7ersiz k\u0131lacak. Tiyatro tutkunlar\u0131na oldu\u011fu kadar t\u00fcm edebiyat severlere de hitap eden bir niteli\u011fi var. YAZAR HAKKINDA21 Nisan 1955 \u0130stanbul do\u011fumlu. Ankara \u00dcniversitesi Dil ve Tarih-Co\u011frafya Fak\u00fcltesi Tiyatro B\u00f6l\u00fcm\u00fc&#8217;n\u00fc bitirdi. \u0130lkin \u00e7e\u015fitli dergi ve gazetelerde yaz\u0131lar\u0131 ve \u015fiirleriyle g\u00f6r\u00fcnen yazar\u0131n ilk kitab\u0131 1980&#8217;de yay\u0131mlanan Mahmud ile Yezida&#8217;d\u0131r. Daha \u00e7ok \u015fiirleri, hik\u00e2yeleri ve oyunlar\u0131 ile tan\u0131nan Murathan Mungan ayn\u0131 zamanda radyo oyunu, film senaryosu ve \u015fark\u0131 s\u00f6z\u00fc yazd\u0131. Metis Yay\u0131nlar\u0131, yazar\u0131n kitapla\u015ft\u0131rd\u0131\u011f\u0131 b\u00fct\u00fcn \u00e7al\u0131\u015fmalar\u0131 bir k\u00fclliyat olarak yay\u0131mlamaktad\u0131r. <\/p>\n","protected":false},"excerpt":{"rendered":"<p>Murathan Mungan&#8217;\u0131n Mezopotamya \u00dc\u00e7lemesi&#8217;ni olu\u015fturan Mahmud \u0130le Yezida, Taziye ve Geyikler Lanetler ile Bir Garip Orhan Veli oyunlar\u0131na 2007&#8217;de yeni bir oyun ekleniyor: K\u00e2\u011f\u0131t Ta\u015f Kuma\u015f.<span class=\"excerpt-hellip\"> [\u2026]<\/span><\/p>\n","protected":false},"featured_media":0,"template":"","meta":{"_monsterinsights_skip_tracking":false,"_monsterinsights_sitenote_active":false,"_monsterinsights_sitenote_note":"","_monsterinsights_sitenote_category":0},"product_brand":[],"product_cat":[12291,14272],"product_tag":[],"class_list":{"0":"post-704720","1":"product","2":"type-product","3":"status-publish","5":"product_cat-edebiyat","6":"product_cat-tiyatro","7":"pa_cilt-ciltsiz","8":"pa_tur-kitap","9":"pa_yayinevi-metis-yayinlari","10":"pa_yazar-murathan-mungan","12":"first","13":"instock","14":"sale","15":"shipping-taxable","16":"purchasable","17":"product-type-simple"},"_links":{"self":[{"href":"https:\/\/roveyayinevi.com.tr\/index.php\/wp-json\/wp\/v2\/product\/704720","targetHints":{"allow":["GET"]}}],"collection":[{"href":"https:\/\/roveyayinevi.com.tr\/index.php\/wp-json\/wp\/v2\/product"}],"about":[{"href":"https:\/\/roveyayinevi.com.tr\/index.php\/wp-json\/wp\/v2\/types\/product"}],"wp:attachment":[{"href":"https:\/\/roveyayinevi.com.tr\/index.php\/wp-json\/wp\/v2\/media?parent=704720"}],"wp:term":[{"taxonomy":"product_brand","embeddable":true,"href":"https:\/\/roveyayinevi.com.tr\/index.php\/wp-json\/wp\/v2\/product_brand?post=704720"},{"taxonomy":"product_cat","embeddable":true,"href":"https:\/\/roveyayinevi.com.tr\/index.php\/wp-json\/wp\/v2\/product_cat?post=704720"},{"taxonomy":"product_tag","embeddable":true,"href":"https:\/\/roveyayinevi.com.tr\/index.php\/wp-json\/wp\/v2\/product_tag?post=704720"}],"curies":[{"name":"wp","href":"https:\/\/api.w.org\/{rel}","templated":true}]}}