{"id":704719,"date":"2025-08-27T15:38:31","date_gmt":"2025-08-27T12:38:31","guid":{"rendered":"https:\/\/roveyayinevi.com.tr\/index.php\/urun\/miymiy-teyze-1-kapinin-arkasinda\/"},"modified":"2026-04-13T02:16:51","modified_gmt":"2026-04-12T23:16:51","slug":"miymiy-teyze-1-kapinin-arkasinda","status":"publish","type":"product","link":"https:\/\/roveyayinevi.com.tr\/index.php\/urun\/miymiy-teyze-1-kapinin-arkasinda\/","title":{"rendered":"M\u0131ym\u0131y Teyze 1 &#8211; Kap\u0131n\u0131n Arkas\u0131nda"},"content":{"rendered":"<p>Ingaaa da \u0131ngaaa, g\u00fcm g\u00fcm de g\u00fcm g\u00fcm, \u00e7\u0131t \u00e7\u0131t da \u00e7\u0131t \u00e7\u0131t..M\u0131y m\u0131y da m\u0131y m\u0131y&#8230; <\/p>\n","protected":false},"excerpt":{"rendered":"<p>Ingaaa da \u0131ngaaa, g\u00fcm g\u00fcm de g\u00fcm g\u00fcm, \u00e7\u0131t \u00e7\u0131t da \u00e7\u0131t \u00e7\u0131t..M\u0131y m\u0131y da m\u0131y m\u0131y&#8230;<\/p>\n","protected":false},"featured_media":0,"template":"","meta":{"_monsterinsights_skip_tracking":false,"_monsterinsights_sitenote_active":false,"_monsterinsights_sitenote_note":"","_monsterinsights_sitenote_category":0},"product_brand":[],"product_cat":[12913,12274],"product_tag":[],"class_list":{"0":"post-704719","1":"product","2":"type-product","3":"status-publish","5":"product_cat-3-6-yas-kitaplari","6":"product_cat-cocuk-ve-genclik-kitaplari","7":"pa_tur-kitap","8":"pa_yayinevi-ucanbalik-yayincilik","9":"pa_yazar-aytul-akal","11":"first","12":"instock","13":"sale","14":"shipping-taxable","15":"purchasable","16":"product-type-simple"},"_links":{"self":[{"href":"https:\/\/roveyayinevi.com.tr\/index.php\/wp-json\/wp\/v2\/product\/704719","targetHints":{"allow":["GET"]}}],"collection":[{"href":"https:\/\/roveyayinevi.com.tr\/index.php\/wp-json\/wp\/v2\/product"}],"about":[{"href":"https:\/\/roveyayinevi.com.tr\/index.php\/wp-json\/wp\/v2\/types\/product"}],"wp:attachment":[{"href":"https:\/\/roveyayinevi.com.tr\/index.php\/wp-json\/wp\/v2\/media?parent=704719"}],"wp:term":[{"taxonomy":"product_brand","embeddable":true,"href":"https:\/\/roveyayinevi.com.tr\/index.php\/wp-json\/wp\/v2\/product_brand?post=704719"},{"taxonomy":"product_cat","embeddable":true,"href":"https:\/\/roveyayinevi.com.tr\/index.php\/wp-json\/wp\/v2\/product_cat?post=704719"},{"taxonomy":"product_tag","embeddable":true,"href":"https:\/\/roveyayinevi.com.tr\/index.php\/wp-json\/wp\/v2\/product_tag?post=704719"}],"curies":[{"name":"wp","href":"https:\/\/api.w.org\/{rel}","templated":true}]}}