{"id":704716,"date":"2025-08-27T15:38:30","date_gmt":"2025-08-27T12:38:30","guid":{"rendered":"https:\/\/roveyayinevi.com.tr\/index.php\/urun\/dusuncenin-acimasiz-basitligi-dunyayi-nasil-degistirdi\/"},"modified":"2026-04-16T02:13:34","modified_gmt":"2026-04-15T23:13:34","slug":"dusuncenin-acimasiz-basitligi-dunyayi-nasil-degistirdi","status":"publish","type":"product","link":"https:\/\/roveyayinevi.com.tr\/index.php\/urun\/dusuncenin-acimasiz-basitligi-dunyayi-nasil-degistirdi\/","title":{"rendered":"D\u00fc\u015f\u00fcncenin Ac\u0131mas\u0131z Basitli\u011fi D\u00fcnyay\u0131 Nas\u0131l De\u011fi\u015ftirdi?"},"content":{"rendered":"<p>Karma\u015f\u0131k hale getirmek basitle\u015ftirmekten daha kolayd\u0131r. <\/p>\n","protected":false},"excerpt":{"rendered":"<p>Karma\u015f\u0131k hale getirmek basitle\u015ftirmekten daha kolayd\u0131r.<\/p>\n","protected":false},"featured_media":0,"template":"","meta":{"_monsterinsights_skip_tracking":false,"_monsterinsights_sitenote_active":false,"_monsterinsights_sitenote_note":"","_monsterinsights_sitenote_category":0},"product_brand":[],"product_cat":[13043,17647],"product_tag":[],"class_list":{"0":"post-704716","1":"product","2":"type-product","3":"status-publish","5":"product_cat-ekonomi","6":"product_cat-is-dunyasi","7":"pa_tur-kitap","8":"pa_yayinevi-mediacat-kitaplari","9":"pa_yazar-maurice-saatchi","11":"first","12":"instock","13":"sale","14":"shipping-taxable","15":"purchasable","16":"product-type-simple"},"_links":{"self":[{"href":"https:\/\/roveyayinevi.com.tr\/index.php\/wp-json\/wp\/v2\/product\/704716","targetHints":{"allow":["GET"]}}],"collection":[{"href":"https:\/\/roveyayinevi.com.tr\/index.php\/wp-json\/wp\/v2\/product"}],"about":[{"href":"https:\/\/roveyayinevi.com.tr\/index.php\/wp-json\/wp\/v2\/types\/product"}],"wp:attachment":[{"href":"https:\/\/roveyayinevi.com.tr\/index.php\/wp-json\/wp\/v2\/media?parent=704716"}],"wp:term":[{"taxonomy":"product_brand","embeddable":true,"href":"https:\/\/roveyayinevi.com.tr\/index.php\/wp-json\/wp\/v2\/product_brand?post=704716"},{"taxonomy":"product_cat","embeddable":true,"href":"https:\/\/roveyayinevi.com.tr\/index.php\/wp-json\/wp\/v2\/product_cat?post=704716"},{"taxonomy":"product_tag","embeddable":true,"href":"https:\/\/roveyayinevi.com.tr\/index.php\/wp-json\/wp\/v2\/product_tag?post=704716"}],"curies":[{"name":"wp","href":"https:\/\/api.w.org\/{rel}","templated":true}]}}