{"id":704714,"date":"2025-08-27T15:38:29","date_gmt":"2025-08-27T12:38:29","guid":{"rendered":"https:\/\/roveyayinevi.com.tr\/index.php\/urun\/hikayede-buyuk-bosluklar-var\/"},"modified":"2026-02-03T02:23:16","modified_gmt":"2026-02-02T23:23:16","slug":"hikayede-buyuk-bosluklar-var","status":"publish","type":"product","link":"https:\/\/roveyayinevi.com.tr\/index.php\/urun\/hikayede-buyuk-bosluklar-var\/","title":{"rendered":"Hikayede B\u00fcy\u00fck Bo\u015fluklar Var"},"content":{"rendered":"<p>G\u00f6zlerimi a\u00e7t\u0131\u011f\u0131mda yataktayd\u0131m. Ancak bu benim yata\u011f\u0131m de\u011fildi. Yumu\u015fac\u0131k, a\u00e7\u0131k renk yorgan\u0131n ortas\u0131na g\u00f6m\u00fclm\u00fc\u015ft\u00fcm. Tepemde bembeyaz \u0131\u015f\u0131klar vard\u0131. G\u00f6zlerim ac\u0131yla kama\u015ft\u0131. Bak\u0131\u015flar\u0131m\u0131 spotlar\u0131n k\u00f6r edici beyazl\u0131\u011f\u0131ndan kurtar\u0131p sa\u011f\u0131ma bakt\u0131m. Al\u0131\u015fveri\u015f yapan m\u00fc\u015fteriler&#8230; Soluma bakt\u0131m. Yine al\u0131\u015fveri\u015f yapanlar&#8230; B\u00fcy\u00fck bir ma\u011fazan\u0131n orta yerindeydim. Te\u015fhir ama\u00e7l\u0131 sergilenen iki ki\u015filik yataklardan birinin \u00fczerinde&#8230; \u00dcr\u00fcn katalo\u011funa s\u0131z\u0131p kar\u015f\u0131ma \u00e7\u0131kan ilk mobilyaya uzan\u0131vermi\u015fim gibi. Sahipsiz, sat\u0131l\u0131k bir d\u00f6\u015fekteydim. \ufffcTan\u0131t\u0131m Metni<\/p>\n","protected":false},"excerpt":{"rendered":"<p>G\u00f6zlerimi a\u00e7t\u0131\u011f\u0131mda yataktayd\u0131m. Ancak bu benim yata\u011f\u0131m de\u011fildi. Yumu\u015fac\u0131k, a\u00e7\u0131k renk yorgan\u0131n ortas\u0131na g\u00f6m\u00fclm\u00fc\u015ft\u00fcm. Tepemde bembeyaz \u0131\u015f\u0131klar vard\u0131. G\u00f6zlerim ac\u0131yla kama\u015ft\u0131. Bak\u0131\u015flar\u0131m\u0131 spotlar\u0131n k\u00f6r edici beyazl\u0131\u011f\u0131ndan<span class=\"excerpt-hellip\"> [\u2026]<\/span><\/p>\n","protected":false},"featured_media":0,"template":"","meta":{"_monsterinsights_skip_tracking":false,"_monsterinsights_sitenote_active":false,"_monsterinsights_sitenote_note":"","_monsterinsights_sitenote_category":0},"product_brand":[],"product_cat":[12291,12711],"product_tag":[],"class_list":{"0":"post-704714","1":"product","2":"type-product","3":"status-publish","5":"product_cat-edebiyat","6":"product_cat-roman-oyku","7":"pa_cilt-ciltsiz","8":"pa_tur-kitap","9":"pa_yayinevi-iletisim-yayinlari","10":"pa_yazar-hakan-bicakci","12":"first","13":"instock","14":"sale","15":"shipping-taxable","16":"purchasable","17":"product-type-simple"},"_links":{"self":[{"href":"https:\/\/roveyayinevi.com.tr\/index.php\/wp-json\/wp\/v2\/product\/704714","targetHints":{"allow":["GET"]}}],"collection":[{"href":"https:\/\/roveyayinevi.com.tr\/index.php\/wp-json\/wp\/v2\/product"}],"about":[{"href":"https:\/\/roveyayinevi.com.tr\/index.php\/wp-json\/wp\/v2\/types\/product"}],"wp:attachment":[{"href":"https:\/\/roveyayinevi.com.tr\/index.php\/wp-json\/wp\/v2\/media?parent=704714"}],"wp:term":[{"taxonomy":"product_brand","embeddable":true,"href":"https:\/\/roveyayinevi.com.tr\/index.php\/wp-json\/wp\/v2\/product_brand?post=704714"},{"taxonomy":"product_cat","embeddable":true,"href":"https:\/\/roveyayinevi.com.tr\/index.php\/wp-json\/wp\/v2\/product_cat?post=704714"},{"taxonomy":"product_tag","embeddable":true,"href":"https:\/\/roveyayinevi.com.tr\/index.php\/wp-json\/wp\/v2\/product_tag?post=704714"}],"curies":[{"name":"wp","href":"https:\/\/api.w.org\/{rel}","templated":true}]}}