{"id":704710,"date":"2025-08-27T15:38:28","date_gmt":"2025-08-27T12:38:28","guid":{"rendered":"https:\/\/roveyayinevi.com.tr\/index.php\/urun\/satranc-6\/"},"modified":"2026-04-16T02:13:34","modified_gmt":"2026-04-15T23:13:34","slug":"satranc-6","status":"publish","type":"product","link":"https:\/\/roveyayinevi.com.tr\/index.php\/urun\/satranc-6\/","title":{"rendered":"Satran\u00e7"},"content":{"rendered":"<p>Rastlant\u0131 sonucu eline ge\u00e7irdi\u011fi kitapla satranc\u0131n incelilerini \u00f6\u011frenerek bu oyunu bir tutkuya d\u00f6n\u00fc\u015ft\u00fcren ve giderek bu tutkusu y\u00fcz\u00fcnden beyin hummas\u0131nda yakalanan Dr. B&#8217;nin \u00f6yk\u00fcs\u00fcd\u00fcr. g\u00f6r\u00fcn\u00fc\u015fte satran\u00e7 Ama derinlerde bir veda mektubudur asl\u0131nda. \ufffc<\/p>\n","protected":false},"excerpt":{"rendered":"<p>Rastlant\u0131 sonucu eline ge\u00e7irdi\u011fi kitapla satranc\u0131n incelilerini \u00f6\u011frenerek bu oyunu bir tutkuya d\u00f6n\u00fc\u015ft\u00fcren ve giderek bu tutkusu y\u00fcz\u00fcnden beyin hummas\u0131nda yakalanan Dr. B&#8217;nin \u00f6yk\u00fcs\u00fcd\u00fcr. g\u00f6r\u00fcn\u00fc\u015fte satran\u00e7<span class=\"excerpt-hellip\"> [\u2026]<\/span><\/p>\n","protected":false},"featured_media":0,"template":"","meta":{"_monsterinsights_skip_tracking":false,"_monsterinsights_sitenote_active":false,"_monsterinsights_sitenote_note":"","_monsterinsights_sitenote_category":0},"product_brand":[],"product_cat":[12782,12291],"product_tag":[],"class_list":{"0":"post-704710","1":"product","2":"type-product","3":"status-publish","5":"product_cat-alman-edebiyati","6":"product_cat-edebiyat","7":"pa_cilt-ciltsiz","8":"pa_tur-kitap","9":"pa_yayinevi-can-yayinlari","10":"pa_yazar-stefan-zweig","12":"first","13":"instock","14":"sale","15":"shipping-taxable","16":"purchasable","17":"product-type-simple"},"_links":{"self":[{"href":"https:\/\/roveyayinevi.com.tr\/index.php\/wp-json\/wp\/v2\/product\/704710","targetHints":{"allow":["GET"]}}],"collection":[{"href":"https:\/\/roveyayinevi.com.tr\/index.php\/wp-json\/wp\/v2\/product"}],"about":[{"href":"https:\/\/roveyayinevi.com.tr\/index.php\/wp-json\/wp\/v2\/types\/product"}],"wp:attachment":[{"href":"https:\/\/roveyayinevi.com.tr\/index.php\/wp-json\/wp\/v2\/media?parent=704710"}],"wp:term":[{"taxonomy":"product_brand","embeddable":true,"href":"https:\/\/roveyayinevi.com.tr\/index.php\/wp-json\/wp\/v2\/product_brand?post=704710"},{"taxonomy":"product_cat","embeddable":true,"href":"https:\/\/roveyayinevi.com.tr\/index.php\/wp-json\/wp\/v2\/product_cat?post=704710"},{"taxonomy":"product_tag","embeddable":true,"href":"https:\/\/roveyayinevi.com.tr\/index.php\/wp-json\/wp\/v2\/product_tag?post=704710"}],"curies":[{"name":"wp","href":"https:\/\/api.w.org\/{rel}","templated":true}]}}