{"id":704709,"date":"2025-08-27T15:38:27","date_gmt":"2025-08-27T12:38:27","guid":{"rendered":"https:\/\/roveyayinevi.com.tr\/index.php\/urun\/kvaidan\/"},"modified":"2026-04-16T02:13:34","modified_gmt":"2026-04-15T23:13:34","slug":"kvaidan","status":"publish","type":"product","link":"https:\/\/roveyayinevi.com.tr\/index.php\/urun\/kvaidan\/","title":{"rendered":"Kvaidan"},"content":{"rendered":"<p>Japonya\u2019n\u0131n Edgar Allan Poe\u2019su olarak tan\u0131nan Lafcadio Hearn (1850-1904), b\u00fcy\u00fck b\u00f6l\u00fcm\u00fc Japon, birka\u00e7\u0131 \u00c7in kaynakl\u0131 fantastik \u00f6yk\u00fclerden olu\u015fan Kvaidan\u2019da, okurun ruhunda ve teninde \u00fcrpertiler uyand\u0131ran tuhaf masallar anlat\u0131yor. B\u00fcy\u00fck \u00f6l\u00e7\u00fcde geleneksel Japon edebiyat\u0131ndan derleyip yeniden kaleme ald\u0131\u011f\u0131 \u015fa\u015f\u0131rt\u0131c\u0131, gizemli, \u015fiirsel \u00f6yk\u00fcler sunuyor okurlara. Bu b\u00fcy\u00fcl\u00fc kitab\u0131n ilk b\u00f6l\u00fcm\u00fcnde on yedi tuhaf \u00f6yk\u00fc , ikinci b\u00f6l\u00fcm\u00fcnde ise kelebekler, sivrisinekler ve kar\u0131ncalar \u00fcst\u00fcne hik\u00e2yeler yer al\u0131yor. \ufffcTan\u0131t\u0131m Metni<\/p>\n","protected":false},"excerpt":{"rendered":"<p>Japonya\u2019n\u0131n Edgar Allan Poe\u2019su olarak tan\u0131nan Lafcadio Hearn (1850-1904), b\u00fcy\u00fck b\u00f6l\u00fcm\u00fc Japon, birka\u00e7\u0131 \u00c7in kaynakl\u0131 fantastik \u00f6yk\u00fclerden olu\u015fan Kvaidan\u2019da, okurun ruhunda ve teninde \u00fcrpertiler uyand\u0131ran tuhaf<span class=\"excerpt-hellip\"> [\u2026]<\/span><\/p>\n","protected":false},"featured_media":0,"template":"","meta":{"_monsterinsights_skip_tracking":false,"_monsterinsights_sitenote_active":false,"_monsterinsights_sitenote_note":"","_monsterinsights_sitenote_category":0},"product_brand":[],"product_cat":[13661,12291],"product_tag":[],"class_list":{"0":"post-704709","1":"product","2":"type-product","3":"status-publish","5":"product_cat-diger-ulke-edebiyatlari","6":"product_cat-edebiyat","7":"pa_cilt-ciltsiz","8":"pa_tur-kitap","9":"pa_yayinevi-can-yayinlari","10":"pa_yazar-lafcadio-hearn","12":"first","13":"instock","14":"sale","15":"shipping-taxable","16":"purchasable","17":"product-type-simple"},"_links":{"self":[{"href":"https:\/\/roveyayinevi.com.tr\/index.php\/wp-json\/wp\/v2\/product\/704709","targetHints":{"allow":["GET"]}}],"collection":[{"href":"https:\/\/roveyayinevi.com.tr\/index.php\/wp-json\/wp\/v2\/product"}],"about":[{"href":"https:\/\/roveyayinevi.com.tr\/index.php\/wp-json\/wp\/v2\/types\/product"}],"wp:attachment":[{"href":"https:\/\/roveyayinevi.com.tr\/index.php\/wp-json\/wp\/v2\/media?parent=704709"}],"wp:term":[{"taxonomy":"product_brand","embeddable":true,"href":"https:\/\/roveyayinevi.com.tr\/index.php\/wp-json\/wp\/v2\/product_brand?post=704709"},{"taxonomy":"product_cat","embeddable":true,"href":"https:\/\/roveyayinevi.com.tr\/index.php\/wp-json\/wp\/v2\/product_cat?post=704709"},{"taxonomy":"product_tag","embeddable":true,"href":"https:\/\/roveyayinevi.com.tr\/index.php\/wp-json\/wp\/v2\/product_tag?post=704709"}],"curies":[{"name":"wp","href":"https:\/\/api.w.org\/{rel}","templated":true}]}}