{"id":704708,"date":"2025-08-27T15:38:27","date_gmt":"2025-08-27T12:38:27","guid":{"rendered":"https:\/\/roveyayinevi.com.tr\/index.php\/urun\/osmanli-hareminde-uc-haseki-sultan\/"},"modified":"2026-04-16T02:13:33","modified_gmt":"2026-04-15T23:13:33","slug":"osmanli-hareminde-uc-haseki-sultan","status":"publish","type":"product","link":"https:\/\/roveyayinevi.com.tr\/index.php\/urun\/osmanli-hareminde-uc-haseki-sultan\/","title":{"rendered":"Osmanl\u0131 Hareminde \u00dc\u00e7 Haseki Sultan"},"content":{"rendered":"<p>Osmanl\u0131 tarihine \u00e7ok farkl\u0131 bir a\u00e7\u0131dan, Harem zaviyesinden bakan orijinal bir eser. Tarihimizin bir b\u00f6l\u00fcm\u00fcne sarayl\u0131 kad\u0131nlar damga vurmu\u015f, d\u00f6nemlerindeki hadiseler onlar\u0131n ad\u0131yla an\u0131l\u0131r olmu\u015ftur. Bunlar\u0131n ileri gelenlerinden \u00fc\u00e7\u00fcd\u00fcr: Safiye Sultan, K\u00f6sem Mahpeyker Sultan, Hatice Turhan Sultan&#8230; Kimi m\u00fcspet, kimi menfi roller oynam\u0131\u015f ama her hal\u00fck\u00e2rda ya\u015fad\u0131klar\u0131 d\u00f6nemi avu\u00e7lar\u0131n\u0131n i\u00e7erisinden seyretmi\u015flerdir. Bu sultanlar acaba nas\u0131l ki\u015filerdir? Hangi \u00f6zellikleri onlar\u0131 bu payeye y\u00fckseltmi\u015ftir. \u00dc\u00e7 Haseki Sultan&#8217;\u0131n memleketlerinden ayr\u0131l\u0131p saraya gelmelerinden ba\u015flayarak \u00f6l\u00fcmlerine kadar olan hik\u00e2yeleri. Belgesel niteli\u011finin yan\u0131 s\u0131ra ak\u0131c\u0131 bir roman \u00fcslubuyla yaz\u0131lm\u0131\u015ft\u0131r.<\/p>\n","protected":false},"excerpt":{"rendered":"<p>Osmanl\u0131 tarihine \u00e7ok farkl\u0131 bir a\u00e7\u0131dan, Harem zaviyesinden bakan orijinal bir eser. Tarihimizin bir b\u00f6l\u00fcm\u00fcne sarayl\u0131 kad\u0131nlar damga vurmu\u015f, d\u00f6nemlerindeki hadiseler onlar\u0131n ad\u0131yla an\u0131l\u0131r olmu\u015ftur. Bunlar\u0131n<span class=\"excerpt-hellip\"> [\u2026]<\/span><\/p>\n","protected":false},"featured_media":0,"template":"","meta":{"_monsterinsights_skip_tracking":false,"_monsterinsights_sitenote_active":false,"_monsterinsights_sitenote_note":"","_monsterinsights_sitenote_category":0},"product_brand":[],"product_cat":[13517,12304],"product_tag":[],"class_list":{"0":"post-704708","1":"product","2":"type-product","3":"status-publish","5":"product_cat-osmanli-tarihi","6":"product_cat-tarih","7":"pa_cilt-ciltsiz","8":"pa_tur-kitap","9":"pa_yayinevi-otuken-nesriyat","10":"pa_yazar-yilmaz-oztuna","12":"first","13":"instock","14":"sale","15":"shipping-taxable","16":"purchasable","17":"product-type-simple"},"_links":{"self":[{"href":"https:\/\/roveyayinevi.com.tr\/index.php\/wp-json\/wp\/v2\/product\/704708","targetHints":{"allow":["GET"]}}],"collection":[{"href":"https:\/\/roveyayinevi.com.tr\/index.php\/wp-json\/wp\/v2\/product"}],"about":[{"href":"https:\/\/roveyayinevi.com.tr\/index.php\/wp-json\/wp\/v2\/types\/product"}],"wp:attachment":[{"href":"https:\/\/roveyayinevi.com.tr\/index.php\/wp-json\/wp\/v2\/media?parent=704708"}],"wp:term":[{"taxonomy":"product_brand","embeddable":true,"href":"https:\/\/roveyayinevi.com.tr\/index.php\/wp-json\/wp\/v2\/product_brand?post=704708"},{"taxonomy":"product_cat","embeddable":true,"href":"https:\/\/roveyayinevi.com.tr\/index.php\/wp-json\/wp\/v2\/product_cat?post=704708"},{"taxonomy":"product_tag","embeddable":true,"href":"https:\/\/roveyayinevi.com.tr\/index.php\/wp-json\/wp\/v2\/product_tag?post=704708"}],"curies":[{"name":"wp","href":"https:\/\/api.w.org\/{rel}","templated":true}]}}