{"id":704707,"date":"2025-08-27T15:38:26","date_gmt":"2025-08-27T12:38:26","guid":{"rendered":"https:\/\/roveyayinevi.com.tr\/index.php\/urun\/turkculugun-esaslari-3\/"},"modified":"2026-04-16T02:13:33","modified_gmt":"2026-04-15T23:13:33","slug":"turkculugun-esaslari-3","status":"publish","type":"product","link":"https:\/\/roveyayinevi.com.tr\/index.php\/urun\/turkculugun-esaslari-3\/","title":{"rendered":"T\u00fcrk\u00e7\u00fcl\u00fc\u011f\u00fcn Esaslar\u0131"},"content":{"rendered":"<p>T\u00fcrk d\u00fc\u015f\u00fcnce, k\u00fclt\u00fcr ve siyaset tarihinin \u00f6nemli simalar\u0131ndan olan Ziya G\u00f6kalp, T\u00fcrk\u00e7\u00fcl\u00fc\u011f\u00fcn Esaslar\u0131 adl\u0131 eseriyle \u201cT\u00fcrk milletindenim\u201d demenin ne demek oldu\u011funu, T\u00fcrk milletinin kim oldu\u011funu, nereden geldi\u011fini ve nereye gitmesi gerekti\u011fini \u00f6\u011freten bir ilk \u00f6\u011fretmendir. Bu \u00e7abalar\u0131yla T\u00fcrk milliyet\u00e7ili\u011finin zeminini de haz\u0131rlayan G\u00f6kalp, kendisine kadar da\u011f\u0131n\u0131k bir halde gelen d\u00fc\u015f\u00fcnceleri bir araya getirerek, ger\u00e7ek anlam\u0131n\u0131 bulan bu d\u00fc\u015f\u00fcnceye T\u00fcrk\u00e7\u00fcl\u00fck ad\u0131n\u0131 vermi\u015f ve milletin bundan sonra gidece\u011fi yolu tayin etmi\u015ftir. \u0130mparatorluktan Milli-Devlete ge\u00e7i\u015f d\u00f6neminde ya\u015fayan G\u00f6kalp&#8217;\u0131n, insanlar\u0131n kafalar\u0131n\u0131n kar\u0131\u015f\u0131k oldu\u011fu bir d\u00f6nemde, bu kar\u0131\u015f\u0131kl\u0131\u011fa \u00e7\u00f6z\u00fcm bulmak amac\u0131yla T\u00fcrk toplumu ve k\u00fclt\u00fcr\u00fc \u00fczerine yapt\u0131\u011f\u0131 sosyolojik, k\u00fclt\u00fcrel ve siyasi de\u011ferlendirmeler ge\u00e7erlili\u011fini bug\u00fcn de muhafaza etmektedir.<\/p>\n","protected":false},"excerpt":{"rendered":"<p>T\u00fcrk d\u00fc\u015f\u00fcnce, k\u00fclt\u00fcr ve siyaset tarihinin \u00f6nemli simalar\u0131ndan olan Ziya G\u00f6kalp, T\u00fcrk\u00e7\u00fcl\u00fc\u011f\u00fcn Esaslar\u0131 adl\u0131 eseriyle \u201cT\u00fcrk milletindenim\u201d demenin ne demek oldu\u011funu, T\u00fcrk milletinin kim oldu\u011funu, nereden<span class=\"excerpt-hellip\"> [\u2026]<\/span><\/p>\n","protected":false},"featured_media":0,"template":"","meta":{"_monsterinsights_skip_tracking":false,"_monsterinsights_sitenote_active":false,"_monsterinsights_sitenote_note":"","_monsterinsights_sitenote_category":0},"product_brand":[],"product_cat":[12325,12324],"product_tag":[],"class_list":{"0":"post-704707","1":"product","2":"type-product","3":"status-publish","5":"product_cat-diger-sosyoloji","6":"product_cat-sosyoloji","7":"pa_cilt-ciltsiz","8":"pa_tur-kitap","9":"pa_yayinevi-otuken-nesriyat","10":"pa_yazar-ziya-gokalp","12":"first","13":"instock","14":"sale","15":"shipping-taxable","16":"purchasable","17":"product-type-simple"},"_links":{"self":[{"href":"https:\/\/roveyayinevi.com.tr\/index.php\/wp-json\/wp\/v2\/product\/704707","targetHints":{"allow":["GET"]}}],"collection":[{"href":"https:\/\/roveyayinevi.com.tr\/index.php\/wp-json\/wp\/v2\/product"}],"about":[{"href":"https:\/\/roveyayinevi.com.tr\/index.php\/wp-json\/wp\/v2\/types\/product"}],"wp:attachment":[{"href":"https:\/\/roveyayinevi.com.tr\/index.php\/wp-json\/wp\/v2\/media?parent=704707"}],"wp:term":[{"taxonomy":"product_brand","embeddable":true,"href":"https:\/\/roveyayinevi.com.tr\/index.php\/wp-json\/wp\/v2\/product_brand?post=704707"},{"taxonomy":"product_cat","embeddable":true,"href":"https:\/\/roveyayinevi.com.tr\/index.php\/wp-json\/wp\/v2\/product_cat?post=704707"},{"taxonomy":"product_tag","embeddable":true,"href":"https:\/\/roveyayinevi.com.tr\/index.php\/wp-json\/wp\/v2\/product_tag?post=704707"}],"curies":[{"name":"wp","href":"https:\/\/api.w.org\/{rel}","templated":true}]}}