{"id":704705,"date":"2025-08-27T15:38:26","date_gmt":"2025-08-27T12:38:26","guid":{"rendered":"https:\/\/roveyayinevi.com.tr\/index.php\/urun\/cocuklar-icin-fikralar-dizisi-2-gulunce-guzel-dunya\/"},"modified":"2026-04-16T02:13:33","modified_gmt":"2026-04-15T23:13:33","slug":"cocuklar-icin-fikralar-dizisi-2-gulunce-guzel-dunya","status":"publish","type":"product","link":"https:\/\/roveyayinevi.com.tr\/index.php\/urun\/cocuklar-icin-fikralar-dizisi-2-gulunce-guzel-dunya\/","title":{"rendered":"\u00c7ocuklar \u0130\u00e7in F\u0131kralar Dizisi 2 &#8211; G\u00fcl\u00fcnce G\u00fczel D\u00fcnya"},"content":{"rendered":"<p>\u00c7ocuklar \u0130\u00e7in F\u0131kralar Dizisi &#8211; 2   Mizah ve \u00e7ocuk edebiyat\u0131n\u0131n \u00fcretken kalemi Cihan Demirci, \u201c\u00c7ocuklar \u0130\u00e7in F\u0131kralar Dizisi\u201dnin ikinci kitab\u0131 olan G\u00fcl\u00fcnce G\u00fczel D\u00fcnya ile kar\u015f\u0131n\u0131zda&#8230; \u00c7ocuklar, bu kitapta kimisi sizi kahkahalarla g\u00fcld\u00fcrecek, kimisi hafiften g\u00fcl\u00fcmsetip, kimisi inceden d\u00fc\u015f\u00fcnd\u00fcrecek, s\u00f6z\u00fcn\u00fc uzatmayan, birbirinden ne\u015feli, e\u011flenceli,  mizah y\u00fckl\u00fc, \u00f6zg\u00fcn f\u0131kralar yer al\u0131yor. Cihan Demirci, f\u0131kralar\u0131yla mizah\u0131n en eski ve en keyifli t\u00fcr\u00fc olan \u201cf\u0131kra\u201dy\u0131 g\u00fcn\u00fcm\u00fcz \u00e7ocuklar\u0131n\u0131n ilgi ve be\u011feni alan\u0131na ta\u015f\u0131yor. <\/p>\n","protected":false},"excerpt":{"rendered":"<p>\u00c7ocuklar \u0130\u00e7in F\u0131kralar Dizisi &#8211; 2 Mizah ve \u00e7ocuk edebiyat\u0131n\u0131n \u00fcretken kalemi Cihan Demirci, \u201c\u00c7ocuklar \u0130\u00e7in F\u0131kralar Dizisi\u201dnin ikinci kitab\u0131 olan G\u00fcl\u00fcnce G\u00fczel D\u00fcnya ile kar\u015f\u0131n\u0131zda&#8230;<span class=\"excerpt-hellip\"> [\u2026]<\/span><\/p>\n","protected":false},"featured_media":0,"template":"","meta":{"_monsterinsights_skip_tracking":false,"_monsterinsights_sitenote_active":false,"_monsterinsights_sitenote_note":"","_monsterinsights_sitenote_category":0},"product_brand":[],"product_cat":[12291,14825],"product_tag":[],"class_list":{"0":"post-704705","1":"product","2":"type-product","3":"status-publish","5":"product_cat-edebiyat","6":"product_cat-mizah","7":"pa_cilt-ciltsiz","8":"pa_tur-kitap","9":"pa_yayinevi-kirmizi-kedi-yayinevi","10":"pa_yazar-cihan-demirci","12":"first","13":"instock","14":"sale","15":"shipping-taxable","16":"purchasable","17":"product-type-simple"},"_links":{"self":[{"href":"https:\/\/roveyayinevi.com.tr\/index.php\/wp-json\/wp\/v2\/product\/704705","targetHints":{"allow":["GET"]}}],"collection":[{"href":"https:\/\/roveyayinevi.com.tr\/index.php\/wp-json\/wp\/v2\/product"}],"about":[{"href":"https:\/\/roveyayinevi.com.tr\/index.php\/wp-json\/wp\/v2\/types\/product"}],"wp:attachment":[{"href":"https:\/\/roveyayinevi.com.tr\/index.php\/wp-json\/wp\/v2\/media?parent=704705"}],"wp:term":[{"taxonomy":"product_brand","embeddable":true,"href":"https:\/\/roveyayinevi.com.tr\/index.php\/wp-json\/wp\/v2\/product_brand?post=704705"},{"taxonomy":"product_cat","embeddable":true,"href":"https:\/\/roveyayinevi.com.tr\/index.php\/wp-json\/wp\/v2\/product_cat?post=704705"},{"taxonomy":"product_tag","embeddable":true,"href":"https:\/\/roveyayinevi.com.tr\/index.php\/wp-json\/wp\/v2\/product_tag?post=704705"}],"curies":[{"name":"wp","href":"https:\/\/api.w.org\/{rel}","templated":true}]}}