{"id":704701,"date":"2025-08-27T15:38:24","date_gmt":"2025-08-27T12:38:24","guid":{"rendered":"https:\/\/roveyayinevi.com.tr\/index.php\/urun\/marie-curie-bilimin-izinde\/"},"modified":"2026-04-16T02:13:33","modified_gmt":"2026-04-15T23:13:33","slug":"marie-curie-bilimin-izinde","status":"publish","type":"product","link":"https:\/\/roveyayinevi.com.tr\/index.php\/urun\/marie-curie-bilimin-izinde\/","title":{"rendered":"Marie Curie &#8211; Bilimin \u0130zinde"},"content":{"rendered":"<p>Bilim d\u00fcnyas\u0131n\u0131 derinden sarsan ve insanl\u0131\u011f\u0131n kaderine bir nevi y\u00f6n \u00e7izen bulu\u015flar\u0131n sahibi olan Marie Curie&#8217;nin hayat hikayesini okumak ister misiniz? <\/p>\n","protected":false},"excerpt":{"rendered":"<p>Bilim d\u00fcnyas\u0131n\u0131 derinden sarsan ve insanl\u0131\u011f\u0131n kaderine bir nevi y\u00f6n \u00e7izen bulu\u015flar\u0131n sahibi olan Marie Curie&#8217;nin hayat hikayesini okumak ister misiniz?<\/p>\n","protected":false},"featured_media":0,"template":"","meta":{"_monsterinsights_skip_tracking":false,"_monsterinsights_sitenote_active":false,"_monsterinsights_sitenote_note":"","_monsterinsights_sitenote_category":0},"product_brand":[],"product_cat":[13829,12274],"product_tag":[],"class_list":{"0":"post-704701","1":"product","2":"type-product","3":"status-publish","5":"product_cat-bilimsel-kitaplar","6":"product_cat-cocuk-ve-genclik-kitaplari","7":"pa_tur-kitap","8":"pa_yayinevi-genc-timas","9":"pa_yazar-recep-sukru-apuhan","11":"first","12":"instock","13":"sale","14":"shipping-taxable","15":"purchasable","16":"product-type-simple"},"_links":{"self":[{"href":"https:\/\/roveyayinevi.com.tr\/index.php\/wp-json\/wp\/v2\/product\/704701","targetHints":{"allow":["GET"]}}],"collection":[{"href":"https:\/\/roveyayinevi.com.tr\/index.php\/wp-json\/wp\/v2\/product"}],"about":[{"href":"https:\/\/roveyayinevi.com.tr\/index.php\/wp-json\/wp\/v2\/types\/product"}],"wp:attachment":[{"href":"https:\/\/roveyayinevi.com.tr\/index.php\/wp-json\/wp\/v2\/media?parent=704701"}],"wp:term":[{"taxonomy":"product_brand","embeddable":true,"href":"https:\/\/roveyayinevi.com.tr\/index.php\/wp-json\/wp\/v2\/product_brand?post=704701"},{"taxonomy":"product_cat","embeddable":true,"href":"https:\/\/roveyayinevi.com.tr\/index.php\/wp-json\/wp\/v2\/product_cat?post=704701"},{"taxonomy":"product_tag","embeddable":true,"href":"https:\/\/roveyayinevi.com.tr\/index.php\/wp-json\/wp\/v2\/product_tag?post=704701"}],"curies":[{"name":"wp","href":"https:\/\/api.w.org\/{rel}","templated":true}]}}