{"id":704699,"date":"2025-08-27T15:38:23","date_gmt":"2025-08-27T12:38:23","guid":{"rendered":"https:\/\/roveyayinevi.com.tr\/index.php\/urun\/turkiyeyi-geziyorum-4-levent-ankarada\/"},"modified":"2026-02-03T02:23:15","modified_gmt":"2026-02-02T23:23:15","slug":"turkiyeyi-geziyorum-4-levent-ankarada","status":"publish","type":"product","link":"https:\/\/roveyayinevi.com.tr\/index.php\/urun\/turkiyeyi-geziyorum-4-levent-ankarada\/","title":{"rendered":"T\u00fcrkiye&#8217;yi Geziyorum 4 &#8211; Levent Ankara&#8217;da"},"content":{"rendered":"<p>\u00d6\u011fretmenin son c\u00fcmlesinden sonra arkama d\u00f6n\u00fcp bakt\u0131\u011f\u0131mda sadece Osman ile ikimizin kald\u0131\u011f\u0131n\u0131 fark ettim. B\u00fct\u00fcn gezi kul\u00fcb\u00fc etrafa da\u011f\u0131lm\u0131\u015f ve hamam\u0131 \u00e7oktan kendi aralar\u0131nda payla\u015fm\u0131\u015flard\u0131 bile&#8230; \ufffcTan\u0131t\u0131m Metni<\/p>\n","protected":false},"excerpt":{"rendered":"<p>\u00d6\u011fretmenin son c\u00fcmlesinden sonra arkama d\u00f6n\u00fcp bakt\u0131\u011f\u0131mda sadece Osman ile ikimizin kald\u0131\u011f\u0131n\u0131 fark ettim. B\u00fct\u00fcn gezi kul\u00fcb\u00fc etrafa da\u011f\u0131lm\u0131\u015f ve hamam\u0131 \u00e7oktan kendi aralar\u0131nda payla\u015fm\u0131\u015flard\u0131 bile&#8230;<span class=\"excerpt-hellip\"> [\u2026]<\/span><\/p>\n","protected":false},"featured_media":0,"template":"","meta":{"_monsterinsights_skip_tracking":false,"_monsterinsights_sitenote_active":false,"_monsterinsights_sitenote_note":"","_monsterinsights_sitenote_category":0},"product_brand":[],"product_cat":[12275,12274],"product_tag":[],"class_list":{"0":"post-704699","1":"product","2":"type-product","3":"status-publish","5":"product_cat-6-12-yas-kitaplari","6":"product_cat-cocuk-ve-genclik-kitaplari","7":"pa_cilt-ciltsiz","8":"pa_tur-kitap","9":"pa_yayinevi-timas-cocuk","10":"pa_yazar-mustafa-orakci","12":"first","13":"instock","14":"sale","15":"shipping-taxable","16":"purchasable","17":"product-type-simple"},"_links":{"self":[{"href":"https:\/\/roveyayinevi.com.tr\/index.php\/wp-json\/wp\/v2\/product\/704699","targetHints":{"allow":["GET"]}}],"collection":[{"href":"https:\/\/roveyayinevi.com.tr\/index.php\/wp-json\/wp\/v2\/product"}],"about":[{"href":"https:\/\/roveyayinevi.com.tr\/index.php\/wp-json\/wp\/v2\/types\/product"}],"wp:attachment":[{"href":"https:\/\/roveyayinevi.com.tr\/index.php\/wp-json\/wp\/v2\/media?parent=704699"}],"wp:term":[{"taxonomy":"product_brand","embeddable":true,"href":"https:\/\/roveyayinevi.com.tr\/index.php\/wp-json\/wp\/v2\/product_brand?post=704699"},{"taxonomy":"product_cat","embeddable":true,"href":"https:\/\/roveyayinevi.com.tr\/index.php\/wp-json\/wp\/v2\/product_cat?post=704699"},{"taxonomy":"product_tag","embeddable":true,"href":"https:\/\/roveyayinevi.com.tr\/index.php\/wp-json\/wp\/v2\/product_tag?post=704699"}],"curies":[{"name":"wp","href":"https:\/\/api.w.org\/{rel}","templated":true}]}}