{"id":704698,"date":"2025-08-27T15:38:23","date_gmt":"2025-08-27T12:38:23","guid":{"rendered":"https:\/\/roveyayinevi.com.tr\/index.php\/urun\/tanri-ile-sohbet-alisilmadik-bir-diyalog-1\/"},"modified":"2026-04-16T02:13:33","modified_gmt":"2026-04-15T23:13:33","slug":"tanri-ile-sohbet-alisilmadik-bir-diyalog-1","status":"publish","type":"product","link":"https:\/\/roveyayinevi.com.tr\/index.php\/urun\/tanri-ile-sohbet-alisilmadik-bir-diyalog-1\/","title":{"rendered":"Tanr\u0131 ile Sohbet &#8211; Al\u0131\u015f\u0131lmad\u0131k Bir Diyalog 1"},"content":{"rendered":"<p>\u0130lk yay\u0131mland\u0131\u011f\u0131 andan itibaren d\u00fcnyada b\u00fcy\u00fck ilgi \u00e7eken ve T\u00fcrkiye ile birlikte onlarca \u00fclkede yay\u0131mlanan Tanr\u0131 ile Sohbet 1 kitab\u0131 ve devam\u0131nda gelen serinin di\u011fer kitaplar\u0131 milyonlarca insan\u0131n hayat\u0131n\u0131 de\u011fi\u015ftirdi. Her \u00fclkede yeni bask\u0131lar yapan kitap T\u00fcrkiye&#8217;de de yeni bask\u0131lar\u0131na devam ediyor ve neredeyse ilk g\u00fcnk\u00fc gibi okurun ilgisini \u00e7ekiyor. \u0130lk kitab\u0131 alan\u0131n serini di\u011fer kitaplar\u0131n\u0131 da ald\u0131\u011f\u0131 Tanr\u0131 ile Sohbet kitaplar\u0131 sadece yay\u0131nc\u0131l\u0131k d\u00fcnyas\u0131nda de\u011fil spirit\u00fcel d\u00fcnyada, bireysel geli\u015fim d\u00fcnyas\u0131nda da ola\u011fan\u00fcst\u00fc bir fenomen oldu. \ufffcTan\u0131t\u0131m Metni<\/p>\n","protected":false},"excerpt":{"rendered":"<p>\u0130lk yay\u0131mland\u0131\u011f\u0131 andan itibaren d\u00fcnyada b\u00fcy\u00fck ilgi \u00e7eken ve T\u00fcrkiye ile birlikte onlarca \u00fclkede yay\u0131mlanan Tanr\u0131 ile Sohbet 1 kitab\u0131 ve devam\u0131nda gelen serinin di\u011fer kitaplar\u0131<span class=\"excerpt-hellip\"> [\u2026]<\/span><\/p>\n","protected":false},"featured_media":0,"template":"","meta":{"_monsterinsights_skip_tracking":false,"_monsterinsights_sitenote_active":false,"_monsterinsights_sitenote_note":"","_monsterinsights_sitenote_category":0},"product_brand":[],"product_cat":[12364],"product_tag":[],"class_list":{"0":"post-704698","1":"product","2":"type-product","3":"status-publish","5":"product_cat-genel-konular","6":"pa_cilt-ciltsiz","7":"pa_tur-kitap","8":"pa_yayinevi-otesi-yayincilik","9":"pa_yazar-neale-donald-walsch","11":"first","12":"instock","13":"sale","14":"shipping-taxable","15":"purchasable","16":"product-type-simple"},"_links":{"self":[{"href":"https:\/\/roveyayinevi.com.tr\/index.php\/wp-json\/wp\/v2\/product\/704698","targetHints":{"allow":["GET"]}}],"collection":[{"href":"https:\/\/roveyayinevi.com.tr\/index.php\/wp-json\/wp\/v2\/product"}],"about":[{"href":"https:\/\/roveyayinevi.com.tr\/index.php\/wp-json\/wp\/v2\/types\/product"}],"wp:attachment":[{"href":"https:\/\/roveyayinevi.com.tr\/index.php\/wp-json\/wp\/v2\/media?parent=704698"}],"wp:term":[{"taxonomy":"product_brand","embeddable":true,"href":"https:\/\/roveyayinevi.com.tr\/index.php\/wp-json\/wp\/v2\/product_brand?post=704698"},{"taxonomy":"product_cat","embeddable":true,"href":"https:\/\/roveyayinevi.com.tr\/index.php\/wp-json\/wp\/v2\/product_cat?post=704698"},{"taxonomy":"product_tag","embeddable":true,"href":"https:\/\/roveyayinevi.com.tr\/index.php\/wp-json\/wp\/v2\/product_tag?post=704698"}],"curies":[{"name":"wp","href":"https:\/\/api.w.org\/{rel}","templated":true}]}}