{"id":704696,"date":"2025-08-27T15:38:22","date_gmt":"2025-08-27T12:38:22","guid":{"rendered":"https:\/\/roveyayinevi.com.tr\/index.php\/urun\/tanri-daima-tebdil-i-kiyafet-gezer\/"},"modified":"2026-04-16T02:13:33","modified_gmt":"2026-04-15T23:13:33","slug":"tanri-daima-tebdil-i-kiyafet-gezer","status":"publish","type":"product","link":"https:\/\/roveyayinevi.com.tr\/index.php\/urun\/tanri-daima-tebdil-i-kiyafet-gezer\/","title":{"rendered":"Tanr\u0131 Daima Tebdil-i K\u0131yafet Gezer"},"content":{"rendered":"<p>Tanr\u0131 Daima Tebdil-i K\u0131yafet Gezer Mutlulu\u011fun kap\u0131n\u0131 \u00e7almas\u0131n\u0131 bekleme, sen ona git Hayat\u0131n\u0131 de\u011fi\u015ftirecek roman bu i\u015fte! Bir d\u00fc\u015f\u00fcn\u00fcn. \u0130ntihar etmek \u00fczeresiniz. Bir adam hayat\u0131n\u0131z\u0131 kurtar\u0131yor, ama kar\u015f\u0131l\u0131\u011f\u0131nda sizinle bir anla\u015fma yap\u0131yor. Bundan sonra o ne s\u00f6ylerse sorgusuz sualsiz yapacaks\u0131n\u0131z. Kendi iyili\u011finiz i\u00e7in&#8230; \u00c7aresiz, kabul ediyorsunuz ve hayat\u0131n\u0131z\u0131n iplerini t\u0131pk\u0131 bir kukla gibi ba\u015fkas\u0131n\u0131n ellerine b\u0131rak\u0131yorsunuz. Ve hayat\u0131n\u0131z eskisinden \u00e7ok daha g\u00fczel oluyor. Yine de \u015f\u00fcpheleriniz var: Bu adam asl\u0131nda kim? \u00c7evresindeki gizemli ki\u015filerin s\u0131rr\u0131 ne? Sizden asl\u0131nda ne istiyor? \ufffcTan\u0131t\u0131m Metni<\/p>\n","protected":false},"excerpt":{"rendered":"<p>Tanr\u0131 Daima Tebdil-i K\u0131yafet Gezer Mutlulu\u011fun kap\u0131n\u0131 \u00e7almas\u0131n\u0131 bekleme, sen ona git Hayat\u0131n\u0131 de\u011fi\u015ftirecek roman bu i\u015fte! Bir d\u00fc\u015f\u00fcn\u00fcn. \u0130ntihar etmek \u00fczeresiniz. Bir adam hayat\u0131n\u0131z\u0131 kurtar\u0131yor,<span class=\"excerpt-hellip\"> [\u2026]<\/span><\/p>\n","protected":false},"featured_media":0,"template":"","meta":{"_monsterinsights_skip_tracking":false,"_monsterinsights_sitenote_active":false,"_monsterinsights_sitenote_note":"","_monsterinsights_sitenote_category":0},"product_brand":[],"product_cat":[12291,13376],"product_tag":[],"class_list":{"0":"post-704696","1":"product","2":"type-product","3":"status-publish","5":"product_cat-edebiyat","6":"product_cat-fransiz-edebiyati","7":"pa_tur-kitap","8":"pa_yayinevi-pegasus-yayinlari","9":"pa_yazar-laurent-gounelle","11":"first","12":"instock","13":"sale","14":"shipping-taxable","15":"purchasable","16":"product-type-simple"},"_links":{"self":[{"href":"https:\/\/roveyayinevi.com.tr\/index.php\/wp-json\/wp\/v2\/product\/704696","targetHints":{"allow":["GET"]}}],"collection":[{"href":"https:\/\/roveyayinevi.com.tr\/index.php\/wp-json\/wp\/v2\/product"}],"about":[{"href":"https:\/\/roveyayinevi.com.tr\/index.php\/wp-json\/wp\/v2\/types\/product"}],"wp:attachment":[{"href":"https:\/\/roveyayinevi.com.tr\/index.php\/wp-json\/wp\/v2\/media?parent=704696"}],"wp:term":[{"taxonomy":"product_brand","embeddable":true,"href":"https:\/\/roveyayinevi.com.tr\/index.php\/wp-json\/wp\/v2\/product_brand?post=704696"},{"taxonomy":"product_cat","embeddable":true,"href":"https:\/\/roveyayinevi.com.tr\/index.php\/wp-json\/wp\/v2\/product_cat?post=704696"},{"taxonomy":"product_tag","embeddable":true,"href":"https:\/\/roveyayinevi.com.tr\/index.php\/wp-json\/wp\/v2\/product_tag?post=704696"}],"curies":[{"name":"wp","href":"https:\/\/api.w.org\/{rel}","templated":true}]}}