{"id":704695,"date":"2025-08-27T15:38:22","date_gmt":"2025-08-27T12:38:22","guid":{"rendered":"https:\/\/roveyayinevi.com.tr\/index.php\/urun\/mihr\/"},"modified":"2026-04-16T02:13:33","modified_gmt":"2026-04-15T23:13:33","slug":"mihr","status":"publish","type":"product","link":"https:\/\/roveyayinevi.com.tr\/index.php\/urun\/mihr\/","title":{"rendered":"Mihr"},"content":{"rendered":"<p>Eylem Tok&#8217;tan g\u00fcnlerce etkisinde kalaca\u011f\u0131n\u0131z sars\u0131c\u0131 bir roman. \u015eiddet, kin, umut, umutsuzluk, a\u015fk, arzu, tatminsizlik, \u00e7aresizlik ve yeniden umut&#8230; Duygular\u0131n okuyucuya arac\u0131s\u0131z ge\u00e7ti\u011fi &#8220;sahici bir d\u0131\u015favurum&#8221;. Eylem Tok&#8217;un roman\u0131 Mihr edebiyat\u0131m\u0131za yepyeni bir soluk getirecek, b\u0131\u00e7ak gibi keskin, yak\u0131c\u0131 bir metin. Yak\u0131n \u00e7evresindeki iki erke\u011fin \u00f6rseledi\u011fi bir &#8220;erken&#8221; kad\u0131n\u0131n \u00f6yk\u00fcs\u00fcn\u00fc anlatan roman, &#8220;namus&#8221; \u00fczerine kurgulanm\u0131\u015f kusursuz bir \u00f6\u00e7 plan\u0131 ayn\u0131 zamanda&#8230; Mihr&#8217;de kad\u0131nl\u0131\u011f\u0131n co\u011frafyas\u0131na, bedenin s\u0131n\u0131rlar\u0131na cesur bir yolculu\u011fa \u00e7\u0131kar\u0131yor okurlar\u0131 Eylem Tok. \u00c2dem ve Havva&#8217;dan bu yana iki cinsi ay\u0131ran ve birle\u015ftiren a\u015fk&#8217;\u0131 da, arzuyu da daha \u00f6nce hi\u00e7 denenmemi\u015f bir kurguda anlat\u0131yor. Mihr, cinsel istismar\u0131n travmalar\u0131n\u0131 t\u00fcm \u015fiddetiyle anlatan; kad\u0131n olmaya, erkek olmaya, iyili\u011fe, k\u00f6t\u00fcl\u00fc\u011fe ve masumiyete dair sars\u0131c\u0131 bir roman! Yorgun d\u00fc\u015fm\u00fc\u015f bir \u00e7ocuklu\u011fun \u00e7\u0131\u011fl\u0131\u011f\u0131, bir a\u011f\u0131t asl\u0131nda&#8230; Ayn\u0131 zamanda da bir iyile\u015fme yolculu\u011fu&#8230; <\/p>\n","protected":false},"excerpt":{"rendered":"<p>Eylem Tok&#8217;tan g\u00fcnlerce etkisinde kalaca\u011f\u0131n\u0131z sars\u0131c\u0131 bir roman. \u015eiddet, kin, umut, umutsuzluk, a\u015fk, arzu, tatminsizlik, \u00e7aresizlik ve yeniden umut&#8230; Duygular\u0131n okuyucuya arac\u0131s\u0131z ge\u00e7ti\u011fi &#8220;sahici bir d\u0131\u015favurum&#8221;.<span class=\"excerpt-hellip\"> [\u2026]<\/span><\/p>\n","protected":false},"featured_media":0,"template":"","meta":{"_monsterinsights_skip_tracking":false,"_monsterinsights_sitenote_active":false,"_monsterinsights_sitenote_note":"","_monsterinsights_sitenote_category":0},"product_brand":[],"product_cat":[30023,13527],"product_tag":[],"class_list":{"0":"post-704695","1":"product","2":"type-product","3":"status-publish","5":"product_cat-edebiyat-sureli-yayinlar","6":"product_cat-sureli-yayinlar","7":"pa_cilt-ciltsiz","8":"pa_tur-kitap","9":"pa_yayinevi-hayykitap","10":"pa_yazar-eylem-tok","12":"first","13":"instock","14":"sale","15":"shipping-taxable","16":"purchasable","17":"product-type-simple"},"_links":{"self":[{"href":"https:\/\/roveyayinevi.com.tr\/index.php\/wp-json\/wp\/v2\/product\/704695","targetHints":{"allow":["GET"]}}],"collection":[{"href":"https:\/\/roveyayinevi.com.tr\/index.php\/wp-json\/wp\/v2\/product"}],"about":[{"href":"https:\/\/roveyayinevi.com.tr\/index.php\/wp-json\/wp\/v2\/types\/product"}],"wp:attachment":[{"href":"https:\/\/roveyayinevi.com.tr\/index.php\/wp-json\/wp\/v2\/media?parent=704695"}],"wp:term":[{"taxonomy":"product_brand","embeddable":true,"href":"https:\/\/roveyayinevi.com.tr\/index.php\/wp-json\/wp\/v2\/product_brand?post=704695"},{"taxonomy":"product_cat","embeddable":true,"href":"https:\/\/roveyayinevi.com.tr\/index.php\/wp-json\/wp\/v2\/product_cat?post=704695"},{"taxonomy":"product_tag","embeddable":true,"href":"https:\/\/roveyayinevi.com.tr\/index.php\/wp-json\/wp\/v2\/product_tag?post=704695"}],"curies":[{"name":"wp","href":"https:\/\/api.w.org\/{rel}","templated":true}]}}