{"id":704683,"date":"2025-08-27T15:38:17","date_gmt":"2025-08-27T12:38:17","guid":{"rendered":"https:\/\/roveyayinevi.com.tr\/index.php\/urun\/periler\/"},"modified":"2026-04-16T02:13:33","modified_gmt":"2026-04-15T23:13:33","slug":"periler","status":"publish","type":"product","link":"https:\/\/roveyayinevi.com.tr\/index.php\/urun\/periler\/","title":{"rendered":"Periler"},"content":{"rendered":"<p>Ad\u0131m Ad\u0131m \u00c7iziyorum Dizisi, \u00e7ocuklara kolayca resim yapman\u0131n yollar\u0131n\u0131, yine resimler e\u015fli\u011finde \u00f6\u011freten e\u011flenceli bir \u00e7al\u0131\u015fma. Hayvanlar, Ara\u00e7lar ve Periler ba\u015fl\u0131klar\u0131yla tamamlanan dizi, \u00fc\u00e7 kitaptan olu\u015fuyor. Her kitap; isimlerinden de anla\u015f\u0131laca\u011f\u0131 \u00fczere belli kavramlardan yola \u00e7\u0131k\u0131larak, \u00e7ocuklara kademeli olarak kolayca resim yapmay\u0131 \u00f6\u011fretiyor. Resme ba\u015flamak ve e\u011flenceli vakit ge\u00e7irmek isteyen t\u00fcm merakl\u0131lar i\u00e7in olduk\u00e7a yararl\u0131 olan dizi, ayn\u0131 zamanda \u00e7e\u015fitli obje ve kavramlar\u0131n da \u00f6\u011frenilmesine yard\u0131mc\u0131 oluyor. <\/p>\n","protected":false},"excerpt":{"rendered":"<p>Ad\u0131m Ad\u0131m \u00c7iziyorum Dizisi, \u00e7ocuklara kolayca resim yapman\u0131n yollar\u0131n\u0131, yine resimler e\u015fli\u011finde \u00f6\u011freten e\u011flenceli bir \u00e7al\u0131\u015fma. Hayvanlar, Ara\u00e7lar ve Periler ba\u015fl\u0131klar\u0131yla tamamlanan dizi, \u00fc\u00e7 kitaptan olu\u015fuyor.<span class=\"excerpt-hellip\"> [\u2026]<\/span><\/p>\n","protected":false},"featured_media":0,"template":"","meta":{"_monsterinsights_skip_tracking":false,"_monsterinsights_sitenote_active":false,"_monsterinsights_sitenote_note":"","_monsterinsights_sitenote_category":0},"product_brand":[],"product_cat":[12274,12649],"product_tag":[],"class_list":{"0":"post-704683","1":"product","2":"type-product","3":"status-publish","5":"product_cat-cocuk-ve-genclik-kitaplari","6":"product_cat-hobi-muzik","7":"pa_tur-kitap","8":"pa_yayinevi-altin-kitaplar-cocuk-kitaplari","9":"pa_yazar-kolektif","11":"first","12":"instock","13":"sale","14":"shipping-taxable","15":"purchasable","16":"product-type-simple"},"_links":{"self":[{"href":"https:\/\/roveyayinevi.com.tr\/index.php\/wp-json\/wp\/v2\/product\/704683","targetHints":{"allow":["GET"]}}],"collection":[{"href":"https:\/\/roveyayinevi.com.tr\/index.php\/wp-json\/wp\/v2\/product"}],"about":[{"href":"https:\/\/roveyayinevi.com.tr\/index.php\/wp-json\/wp\/v2\/types\/product"}],"wp:attachment":[{"href":"https:\/\/roveyayinevi.com.tr\/index.php\/wp-json\/wp\/v2\/media?parent=704683"}],"wp:term":[{"taxonomy":"product_brand","embeddable":true,"href":"https:\/\/roveyayinevi.com.tr\/index.php\/wp-json\/wp\/v2\/product_brand?post=704683"},{"taxonomy":"product_cat","embeddable":true,"href":"https:\/\/roveyayinevi.com.tr\/index.php\/wp-json\/wp\/v2\/product_cat?post=704683"},{"taxonomy":"product_tag","embeddable":true,"href":"https:\/\/roveyayinevi.com.tr\/index.php\/wp-json\/wp\/v2\/product_tag?post=704683"}],"curies":[{"name":"wp","href":"https:\/\/api.w.org\/{rel}","templated":true}]}}