{"id":704682,"date":"2025-08-27T15:38:17","date_gmt":"2025-08-27T12:38:17","guid":{"rendered":"https:\/\/roveyayinevi.com.tr\/index.php\/urun\/kokotlar-mektebi\/"},"modified":"2026-04-16T02:13:33","modified_gmt":"2026-04-15T23:13:33","slug":"kokotlar-mektebi","status":"publish","type":"product","link":"https:\/\/roveyayinevi.com.tr\/index.php\/urun\/kokotlar-mektebi\/","title":{"rendered":"Kokotlar Mektebi"},"content":{"rendered":"<p>H\u00fcseyin Rahmi her \u015feyden \u00f6nce sosyolog ve psikolog de\u011fildir, o bir romanc\u0131d\u0131r. Fakat Kokotlar Mektebi m\u00fcdiresi, H\u00fcseyin Rahmi\u2019yi topluma hizmet eden bir filozof olarak g\u00f6r\u00fcr ve onunla metreslerin durumu \u00fczerine tart\u0131\u015f\u0131r. Yazar, bir kokotu seven ye\u011feni \u0130rfan Yekta sebebiyle kar\u015f\u0131m\u0131za bir roman kahraman\u0131 olarak \u00e7\u0131kar. <\/p>\n","protected":false},"excerpt":{"rendered":"<p>H\u00fcseyin Rahmi her \u015feyden \u00f6nce sosyolog ve psikolog de\u011fildir, o bir romanc\u0131d\u0131r. Fakat Kokotlar Mektebi m\u00fcdiresi, H\u00fcseyin Rahmi\u2019yi topluma hizmet eden bir filozof olarak g\u00f6r\u00fcr ve<span class=\"excerpt-hellip\"> [\u2026]<\/span><\/p>\n","protected":false},"featured_media":0,"template":"","meta":{"_monsterinsights_skip_tracking":false,"_monsterinsights_sitenote_active":false,"_monsterinsights_sitenote_note":"","_monsterinsights_sitenote_category":0},"product_brand":[],"product_cat":[12291,12711],"product_tag":[],"class_list":{"0":"post-704682","1":"product","2":"type-product","3":"status-publish","5":"product_cat-edebiyat","6":"product_cat-roman-oyku","7":"pa_tur-kitap","8":"pa_yayinevi-bilge-kultur-sanat","9":"pa_yazar-huseyin-rahmi-gurpinar","11":"first","12":"instock","13":"sale","14":"shipping-taxable","15":"purchasable","16":"product-type-simple"},"_links":{"self":[{"href":"https:\/\/roveyayinevi.com.tr\/index.php\/wp-json\/wp\/v2\/product\/704682","targetHints":{"allow":["GET"]}}],"collection":[{"href":"https:\/\/roveyayinevi.com.tr\/index.php\/wp-json\/wp\/v2\/product"}],"about":[{"href":"https:\/\/roveyayinevi.com.tr\/index.php\/wp-json\/wp\/v2\/types\/product"}],"wp:attachment":[{"href":"https:\/\/roveyayinevi.com.tr\/index.php\/wp-json\/wp\/v2\/media?parent=704682"}],"wp:term":[{"taxonomy":"product_brand","embeddable":true,"href":"https:\/\/roveyayinevi.com.tr\/index.php\/wp-json\/wp\/v2\/product_brand?post=704682"},{"taxonomy":"product_cat","embeddable":true,"href":"https:\/\/roveyayinevi.com.tr\/index.php\/wp-json\/wp\/v2\/product_cat?post=704682"},{"taxonomy":"product_tag","embeddable":true,"href":"https:\/\/roveyayinevi.com.tr\/index.php\/wp-json\/wp\/v2\/product_tag?post=704682"}],"curies":[{"name":"wp","href":"https:\/\/api.w.org\/{rel}","templated":true}]}}