{"id":704679,"date":"2025-08-27T15:38:16","date_gmt":"2025-08-27T12:38:16","guid":{"rendered":"https:\/\/roveyayinevi.com.tr\/index.php\/urun\/tarihimizle-yuzlesmek\/"},"modified":"2026-04-16T02:13:33","modified_gmt":"2026-04-15T23:13:33","slug":"tarihimizle-yuzlesmek","status":"publish","type":"product","link":"https:\/\/roveyayinevi.com.tr\/index.php\/urun\/tarihimizle-yuzlesmek\/","title":{"rendered":"Tarihimizle Y\u00fczle\u015fmek"},"content":{"rendered":"<p>Tarihe bakarken genellikle hangi yanl\u0131\u015flar yap\u0131l\u0131r? \u2022 T\u00fcrkler isteyerek mi M\u00fcsl\u00fcman oldular? \u2022 \u0130slama laikli\u011fi kimler getirdi? \u2022 Osmanl\u0131\u2019da inan\u00e7lar\u0131 y\u00fcz\u00fcnden kimler yak\u0131ld\u0131? \u2022 Osmanl\u0131 \u0130mparatorlu\u011fu M\u00fcsl\u00fcman oldu\u011fu i\u00e7in mi \u00e7\u00f6kt\u00fc? \u2022 Ermeni trajedisi bir soyk\u0131r\u0131m m\u0131d\u0131r? Ni\u00e7in? \u2022 Abd\u00fclhamit: \u201cK\u0131z\u0131l Sultan\u201d m\u0131, \u201cUlu Hakan\u201d m\u0131? Vahdettin \u201chain\u201d miydi? \u2022 Amerika hangi Lozan\u2019\u0131 kabul etmedi? Atat\u00fcrk ni\u00e7in yaln\u0131z bir liderdi? \u2022 Menderes bir \u201cDemokrasi \u015eehidi\u201d midir? \u2022 Askerler siyasette ne t\u00fcr tarihi roller oynam\u0131\u015ft\u0131r? \u2022 Atat\u00fcrk\u00e7\u00fc ayd\u0131nlar ni\u00e7in \u00f6ld\u00fcr\u00fcld\u00fc? \ufffcTan\u0131t\u0131m Metni<\/p>\n","protected":false},"excerpt":{"rendered":"<p>Tarihe bakarken genellikle hangi yanl\u0131\u015flar yap\u0131l\u0131r? \u2022 T\u00fcrkler isteyerek mi M\u00fcsl\u00fcman oldular? \u2022 \u0130slama laikli\u011fi kimler getirdi? \u2022 Osmanl\u0131\u2019da inan\u00e7lar\u0131 y\u00fcz\u00fcnden kimler yak\u0131ld\u0131? \u2022 Osmanl\u0131 \u0130mparatorlu\u011fu<span class=\"excerpt-hellip\"> [\u2026]<\/span><\/p>\n","protected":false},"featured_media":0,"template":"","meta":{"_monsterinsights_skip_tracking":false,"_monsterinsights_sitenote_active":false,"_monsterinsights_sitenote_note":"","_monsterinsights_sitenote_category":0},"product_brand":[],"product_cat":[13517,12304],"product_tag":[],"class_list":{"0":"post-704679","1":"product","2":"type-product","3":"status-publish","5":"product_cat-osmanli-tarihi","6":"product_cat-tarih","7":"pa_cilt-ciltsiz","8":"pa_tur-kitap","9":"pa_yayinevi-remzi-kitabevi","10":"pa_yazar-emre-kongar","12":"first","13":"instock","14":"sale","15":"shipping-taxable","16":"purchasable","17":"product-type-simple"},"_links":{"self":[{"href":"https:\/\/roveyayinevi.com.tr\/index.php\/wp-json\/wp\/v2\/product\/704679","targetHints":{"allow":["GET"]}}],"collection":[{"href":"https:\/\/roveyayinevi.com.tr\/index.php\/wp-json\/wp\/v2\/product"}],"about":[{"href":"https:\/\/roveyayinevi.com.tr\/index.php\/wp-json\/wp\/v2\/types\/product"}],"wp:attachment":[{"href":"https:\/\/roveyayinevi.com.tr\/index.php\/wp-json\/wp\/v2\/media?parent=704679"}],"wp:term":[{"taxonomy":"product_brand","embeddable":true,"href":"https:\/\/roveyayinevi.com.tr\/index.php\/wp-json\/wp\/v2\/product_brand?post=704679"},{"taxonomy":"product_cat","embeddable":true,"href":"https:\/\/roveyayinevi.com.tr\/index.php\/wp-json\/wp\/v2\/product_cat?post=704679"},{"taxonomy":"product_tag","embeddable":true,"href":"https:\/\/roveyayinevi.com.tr\/index.php\/wp-json\/wp\/v2\/product_tag?post=704679"}],"curies":[{"name":"wp","href":"https:\/\/api.w.org\/{rel}","templated":true}]}}