{"id":704674,"date":"2025-08-27T15:38:14","date_gmt":"2025-08-27T12:38:14","guid":{"rendered":"https:\/\/roveyayinevi.com.tr\/index.php\/urun\/harezm-turkcesi-grameri-isim\/"},"modified":"2026-04-16T02:13:33","modified_gmt":"2026-04-15T23:13:33","slug":"harezm-turkcesi-grameri-isim","status":"publish","type":"product","link":"https:\/\/roveyayinevi.com.tr\/index.php\/urun\/harezm-turkcesi-grameri-isim\/","title":{"rendered":"Harezm T\u00fcrk\u00e7esi Grameri -\u0130sim-"},"content":{"rendered":"<p>1-harezm,k\u0131p\u00e7ak,alt\u0131n ordu t\u00fcrkleri ve dilleri 2-ad \u00e7ekim ve durum ekleri 3-ad yap\u0131m\u0131 4-zamirler 5-s\u0131fatlar 6-edatlar <\/p>\n","protected":false},"excerpt":{"rendered":"<p>1-harezm,k\u0131p\u00e7ak,alt\u0131n ordu t\u00fcrkleri ve dilleri 2-ad \u00e7ekim ve durum ekleri 3-ad yap\u0131m\u0131 4-zamirler 5-s\u0131fatlar 6-edatlar<\/p>\n","protected":false},"featured_media":0,"template":"","meta":{"_monsterinsights_skip_tracking":false,"_monsterinsights_sitenote_active":false,"_monsterinsights_sitenote_note":"","_monsterinsights_sitenote_category":0},"product_brand":[],"product_cat":[12573,12566],"product_tag":[],"class_list":{"0":"post-704674","1":"product","2":"type-product","3":"status-publish","5":"product_cat-akademik-kitaplar","6":"product_cat-egitim","7":"pa_cilt-ciltsiz","8":"pa_tur-kitap","9":"pa_yayinevi-gazi-kitabevi","10":"pa_yazar-sirvan-kalsin","12":"first","13":"instock","14":"sale","15":"shipping-taxable","16":"purchasable","17":"product-type-simple"},"_links":{"self":[{"href":"https:\/\/roveyayinevi.com.tr\/index.php\/wp-json\/wp\/v2\/product\/704674","targetHints":{"allow":["GET"]}}],"collection":[{"href":"https:\/\/roveyayinevi.com.tr\/index.php\/wp-json\/wp\/v2\/product"}],"about":[{"href":"https:\/\/roveyayinevi.com.tr\/index.php\/wp-json\/wp\/v2\/types\/product"}],"wp:attachment":[{"href":"https:\/\/roveyayinevi.com.tr\/index.php\/wp-json\/wp\/v2\/media?parent=704674"}],"wp:term":[{"taxonomy":"product_brand","embeddable":true,"href":"https:\/\/roveyayinevi.com.tr\/index.php\/wp-json\/wp\/v2\/product_brand?post=704674"},{"taxonomy":"product_cat","embeddable":true,"href":"https:\/\/roveyayinevi.com.tr\/index.php\/wp-json\/wp\/v2\/product_cat?post=704674"},{"taxonomy":"product_tag","embeddable":true,"href":"https:\/\/roveyayinevi.com.tr\/index.php\/wp-json\/wp\/v2\/product_tag?post=704674"}],"curies":[{"name":"wp","href":"https:\/\/api.w.org\/{rel}","templated":true}]}}