{"id":704673,"date":"2025-08-27T15:38:14","date_gmt":"2025-08-27T12:38:14","guid":{"rendered":"https:\/\/roveyayinevi.com.tr\/index.php\/urun\/dede-korkut-kitabinda-yapi-ideoloji-ve-yaratim\/"},"modified":"2025-11-22T03:40:23","modified_gmt":"2025-11-22T00:40:23","slug":"dede-korkut-kitabinda-yapi-ideoloji-ve-yaratim","status":"publish","type":"product","link":"https:\/\/roveyayinevi.com.tr\/index.php\/urun\/dede-korkut-kitabinda-yapi-ideoloji-ve-yaratim\/","title":{"rendered":"Dede Korkut Kitab\u0131&#8217;nda Yap\u0131, \u0130deoloji ve Yarat\u0131m"},"content":{"rendered":"<p>\u201cB\u00fct\u00fcn T\u00fcrk edebiyat\u0131n\u0131 terazinin bir g\u00f6z\u00fcne, Dede Korkut\u2019u \u00f6b\u00fcr g\u00f6z\u00fcne koysan\u0131z, yine Dede Korkut a\u011f\u0131r basar.\u201d Fuat K\u00f6pr\u00fcl\u00fc\u2019n\u00fcn bu s\u00f6z\u00fc, m\u00fcbala\u011fal\u0131 olarak d\u00fc\u015f\u00fcn\u00fclebilir. Ancak t\u00fcm T\u00fcrk edebiyat\u0131nda T\u00fcrk\u2019\u00fcn \u00fcz\u00fcnt\u00fclerini, sevin\u00e7lerini, k\u0131zg\u0131nl\u0131klar\u0131n\u0131, d\u00fcnyay\u0131 alg\u0131lama tarz\u0131n\u0131, k\u0131sacas\u0131 zihniyetini bu kadar saf ve ayr\u0131nt\u0131l\u0131 olarak yans\u0131tan bir ba\u015fka metnin elimizde olmad\u0131\u011f\u0131 d\u00fc\u015f\u00fcn\u00fcld\u00fc\u011f\u00fcnde, bu s\u00f6z\u00fcn bir m\u00fcbala\u011fa de\u011fil, eserin biricikli\u011fini vurgulayan asl\u0131nda bir hakikat oldu\u011fu anla\u015f\u0131l\u0131r. Bu kitapta, Dede Korkut Kitab\u0131\u2019n\u0131n mevcut iki n\u00fcshas\u0131 olan Dresden ve Vatikan n\u00fcshalar\u0131n\u0131n halk bilimsel a\u00e7\u0131dan bir tahlili yap\u0131larak, eserin olu\u015fum ve aktar\u0131m\u0131nda m\u00fcstensihlerin rolleri \u00fczerinde durulmu\u015ftur. Yine bu ba\u011flamda eserin ideolojik yap\u0131s\u0131 ve yarat\u0131m s\u00fcreci incelenmi\u015ftir. Yazmalar h\u00e2linde bize ula\u015fm\u0131\u015f eserlerdeki ideolojik yap\u0131lanmay\u0131 tahlil edebilmek i\u00e7in, \u00f6ncelikle, farkl\u0131 n\u00fcshalar h\u00e2linde gelen eserin bu a\u00e7\u0131dan kar\u015f\u0131la\u015ft\u0131r\u0131lmas\u0131n\u0131n yap\u0131lmas\u0131 gerekmektedir. \u00c7\u00fcnk\u00fc eserde ge\u00e7en, dolay\u0131s\u0131yla yazar\/\u015fair\/anlat\u0131c\u0131ya ait oldu\u011fu d\u00fc\u015f\u00fcn\u00fclen d\u00fc\u015f\u00fcnce\/duygunun, ona m\u0131 m\u00fcstensihe mi ait oldu\u011fu tespit edilmelidir. G\u00fcrol Pehlivan\u2019\u0131n b\u00fcy\u00fck bir titizlikle kaleme ald\u0131\u011f\u0131 Dede Korkut Kitab\u0131\u2019nda Yap\u0131, \u0130deoloji ve Yarat\u0131m kitab\u0131, bu \u00e7oklu katmanlara dikkat \u00e7ekerken, ayn\u0131 zamanda eserden ayr\u0131 olarak m\u00fcstensihlerin de bir ideolojilerinin olup olmad\u0131\u011f\u0131n\u0131 irdelemektir. T\u00fcrk k\u00fclt\u00fcn\u00fcn en \u00f6nemli yarat\u0131mlar\u0131ndan biri olarak kabul edilen Dede Korkut Kitab\u0131 \u00fczerine yap\u0131lan bu \u00e7al\u0131\u015fmayla, T\u00fcrk\u2019\u00fcn kendini, \u00f6tekileri ve evreni alg\u0131lama tarz\u0131n\u0131 anlama yolunda bir ad\u0131m at\u0131lmaya \u00e7al\u0131\u015f\u0131lm\u0131\u015ft\u0131r. \ufffcTan\u0131t\u0131m Metni<\/p>\n","protected":false},"excerpt":{"rendered":"<p>\u201cB\u00fct\u00fcn T\u00fcrk edebiyat\u0131n\u0131 terazinin bir g\u00f6z\u00fcne, Dede Korkut\u2019u \u00f6b\u00fcr g\u00f6z\u00fcne koysan\u0131z, yine Dede Korkut a\u011f\u0131r basar.\u201d Fuat K\u00f6pr\u00fcl\u00fc\u2019n\u00fcn bu s\u00f6z\u00fc, m\u00fcbala\u011fal\u0131 olarak d\u00fc\u015f\u00fcn\u00fclebilir. Ancak t\u00fcm T\u00fcrk<span class=\"excerpt-hellip\"> [\u2026]<\/span><\/p>\n","protected":false},"featured_media":0,"template":"","meta":{"_monsterinsights_skip_tracking":false,"_monsterinsights_sitenote_active":false,"_monsterinsights_sitenote_note":"","_monsterinsights_sitenote_category":0},"product_brand":[],"product_cat":[12718,12858],"product_tag":[],"class_list":{"0":"post-704673","1":"product","2":"type-product","3":"status-publish","5":"product_cat-din","6":"product_cat-mitolojiler","7":"pa_cilt-ciltsiz","8":"pa_tur-kitap","9":"pa_yayinevi-otuken-nesriyat","10":"pa_yazar-gurol-pehlivan","12":"first","13":"instock","14":"sale","15":"shipping-taxable","16":"purchasable","17":"product-type-simple"},"_links":{"self":[{"href":"https:\/\/roveyayinevi.com.tr\/index.php\/wp-json\/wp\/v2\/product\/704673","targetHints":{"allow":["GET"]}}],"collection":[{"href":"https:\/\/roveyayinevi.com.tr\/index.php\/wp-json\/wp\/v2\/product"}],"about":[{"href":"https:\/\/roveyayinevi.com.tr\/index.php\/wp-json\/wp\/v2\/types\/product"}],"wp:attachment":[{"href":"https:\/\/roveyayinevi.com.tr\/index.php\/wp-json\/wp\/v2\/media?parent=704673"}],"wp:term":[{"taxonomy":"product_brand","embeddable":true,"href":"https:\/\/roveyayinevi.com.tr\/index.php\/wp-json\/wp\/v2\/product_brand?post=704673"},{"taxonomy":"product_cat","embeddable":true,"href":"https:\/\/roveyayinevi.com.tr\/index.php\/wp-json\/wp\/v2\/product_cat?post=704673"},{"taxonomy":"product_tag","embeddable":true,"href":"https:\/\/roveyayinevi.com.tr\/index.php\/wp-json\/wp\/v2\/product_tag?post=704673"}],"curies":[{"name":"wp","href":"https:\/\/api.w.org\/{rel}","templated":true}]}}