{"id":704670,"date":"2025-08-27T15:38:13","date_gmt":"2025-08-27T12:38:13","guid":{"rendered":"https:\/\/roveyayinevi.com.tr\/index.php\/urun\/kuytumda\/"},"modified":"2026-04-16T02:13:33","modified_gmt":"2026-04-15T23:13:33","slug":"kuytumda","status":"publish","type":"product","link":"https:\/\/roveyayinevi.com.tr\/index.php\/urun\/kuytumda\/","title":{"rendered":"Kuytumda"},"content":{"rendered":"<p>\u201cY\u00fcz\u00fcne b\u0131rakt\u0131\u011f\u0131m orman yitirdi yank\u0131s\u0131n\u0131 Alb\u00fcm\u00fcn tozunda darmada\u011f\u0131n an\u0131lar Aynalar m\u0131 yanl\u0131\u015f, kendime benzerli\u011fim mi? Neye dokunsam \u00e7\u00fcr\u00fcyorum kuytumda Benimki bir i\u00e7 kanama, bir bozk\u0131r s\u0131k\u0131nt\u0131s\u0131\u201d Gonca \u00d6zmen\u2019in ilk \u015fiir kitab\u0131 Kuytumda yay\u0131nland\u0131\u011f\u0131nda \u015fair 18 ya\u015f\u0131ndayd\u0131. Son derece dikkate de\u011fer bulunan bu ilk kitaptan sonra \u015fiirseverler yeni bir kitap i\u00e7in 8 y\u0131l beklediler. Gonca \u00d6zmen acele etmeden, \u015fiirlerini dam\u0131tarak, olgunla\u015ft\u0131rarak yazan bir \u015fair. Gonca \u00d6zmen\u2019in \u015fiirleri k\u0131r\u0131k bir aynadan yans\u0131yan g\u00f6r\u00fcnt\u00fcleri an\u0131msat\u0131yor. Ama b\u00f6ylece de bu k\u0131r\u0131k g\u00f6r\u00fcnt\u00fcler toplam\u0131, d\u00fczg\u00fcn bir aynadaki tek bir b\u00fct\u00fcnsel g\u00f6r\u00fcnt\u00fcden \u00e7ok \u015fey anlatabiliyor. Ger\u00e7ek \u015fiir severler Gonca \u00d6zmen\u2019in \u015fiirlerinde \u00e7oktand\u0131r \u00f6zledikleri yeni, taptaze \u015fiir tatlar\u0131 bulacaklard\u0131r.       Ataol Behramo\u011flu <\/p>\n","protected":false},"excerpt":{"rendered":"<p>\u201cY\u00fcz\u00fcne b\u0131rakt\u0131\u011f\u0131m orman yitirdi yank\u0131s\u0131n\u0131 Alb\u00fcm\u00fcn tozunda darmada\u011f\u0131n an\u0131lar Aynalar m\u0131 yanl\u0131\u015f, kendime benzerli\u011fim mi? Neye dokunsam \u00e7\u00fcr\u00fcyorum kuytumda Benimki bir i\u00e7 kanama, bir bozk\u0131r s\u0131k\u0131nt\u0131s\u0131\u201d<span class=\"excerpt-hellip\"> [\u2026]<\/span><\/p>\n","protected":false},"featured_media":0,"template":"","meta":{"_monsterinsights_skip_tracking":false,"_monsterinsights_sitenote_active":false,"_monsterinsights_sitenote_note":"","_monsterinsights_sitenote_category":0},"product_brand":[],"product_cat":[12291,12509],"product_tag":[],"class_list":{"0":"post-704670","1":"product","2":"type-product","3":"status-publish","5":"product_cat-edebiyat","6":"product_cat-siir","7":"pa_cilt-ciltsiz","8":"pa_tur-kitap","9":"pa_yayinevi-kirmizi-kedi-yayinevi","10":"pa_yazar-gonca-ozmen","12":"first","13":"instock","14":"sale","15":"shipping-taxable","16":"purchasable","17":"product-type-simple"},"_links":{"self":[{"href":"https:\/\/roveyayinevi.com.tr\/index.php\/wp-json\/wp\/v2\/product\/704670","targetHints":{"allow":["GET"]}}],"collection":[{"href":"https:\/\/roveyayinevi.com.tr\/index.php\/wp-json\/wp\/v2\/product"}],"about":[{"href":"https:\/\/roveyayinevi.com.tr\/index.php\/wp-json\/wp\/v2\/types\/product"}],"wp:attachment":[{"href":"https:\/\/roveyayinevi.com.tr\/index.php\/wp-json\/wp\/v2\/media?parent=704670"}],"wp:term":[{"taxonomy":"product_brand","embeddable":true,"href":"https:\/\/roveyayinevi.com.tr\/index.php\/wp-json\/wp\/v2\/product_brand?post=704670"},{"taxonomy":"product_cat","embeddable":true,"href":"https:\/\/roveyayinevi.com.tr\/index.php\/wp-json\/wp\/v2\/product_cat?post=704670"},{"taxonomy":"product_tag","embeddable":true,"href":"https:\/\/roveyayinevi.com.tr\/index.php\/wp-json\/wp\/v2\/product_tag?post=704670"}],"curies":[{"name":"wp","href":"https:\/\/api.w.org\/{rel}","templated":true}]}}