{"id":704668,"date":"2025-08-27T15:38:12","date_gmt":"2025-08-27T12:38:12","guid":{"rendered":"https:\/\/roveyayinevi.com.tr\/index.php\/urun\/kadinligin-21-hikayesi-murathan-munganin-sectikleriyle\/"},"modified":"2025-09-23T03:39:35","modified_gmt":"2025-09-23T00:39:35","slug":"kadinligin-21-hikayesi-murathan-munganin-sectikleriyle","status":"publish","type":"product","link":"https:\/\/roveyayinevi.com.tr\/index.php\/urun\/kadinligin-21-hikayesi-murathan-munganin-sectikleriyle\/","title":{"rendered":"Kad\u0131nl\u0131\u011f\u0131n 21 Hikayesi: Murathan Mungan&#8217;\u0131n Se\u00e7tikleriyle"},"content":{"rendered":"<p>Kad\u0131nlar\u0131n \u00e7ocukluklar\u0131ndan ya\u015fl\u0131l\u0131klar\u0131na \u00f6m\u00fcrleri boyunca i\u00e7inde yer ald\u0131klar\u0131 \u00e7e\u015fitli durumlar\u0131 g\u00f6steren \u00f6yk\u00fcler bunlar; ya\u015fam boyu verdikleri var olma sava\u015f\u0131; anne, e\u015f, k\u0131z \u00e7ocu\u011fu, sevgili, metres olarak s\u00fcrekli kendilerini bir erkek \u00fczerinden tarif etmenin a\u011f\u0131r, uzun yolu; bu u\u011furda onlar\u0131 \u00e7o\u011fu kez kar\u015f\u0131 kar\u015f\u0131ya getiren ili\u015fkilerin e\u015fitsiz aritmeti\u011fi? Durumlar\u0131n bir aradal\u0131klar\u0131ndan, \u00f6yk\u00fclerin art arda dizili\u015flerinden bir \u00fcst c\u00fcmle kurmak istedim. D\u00f6n\u00fcp tek tek hikayeleri, durumlar\u0131 yeniden g\u00f6zden ge\u00e7irmemizi sa\u011flayacak olan bir \u00fcst c\u00fcmle? Edebiyat\u0131n as\u0131l g\u00fcc\u00fcn\u00fcn burada sakl\u0131 oldu\u011funu d\u00fc\u015f\u00fcn\u00fcyorum. Ak\u0131p gideni durup g\u00f6rmemizi sa\u011flayacak olan bir atmosfer yaratmak, bir d\u00fcnya kurmak. \u00d6\u011frenmi\u015f g\u00f6zlerle bize hayat\u0131 yeniden iade etmek. Yazd\u0131klar\u0131m bir yana okuduklar\u0131m\u0131 okurla payla\u015fma iste\u011fim de bu y\u00fczden&#8230;  Yazarlar:   Roald Dahl Margaret Atwood Flannery O\u2019Connor Judith Hermann Jean Rhys Katherine Mansfield Dorothy Parker Tama Janowitz Doris D\u00f6rrie Hanif Kureishi Charles Bukowski I. Bachmann Italo Calvino V. S. Pritchett Marta Lynch Vasco Pratolini G. G. Marquez D. Lessing Alice Walker Jhumpa Lahiri Elsa Morante <\/p>\n","protected":false},"excerpt":{"rendered":"<p>Kad\u0131nlar\u0131n \u00e7ocukluklar\u0131ndan ya\u015fl\u0131l\u0131klar\u0131na \u00f6m\u00fcrleri boyunca i\u00e7inde yer ald\u0131klar\u0131 \u00e7e\u015fitli durumlar\u0131 g\u00f6steren \u00f6yk\u00fcler bunlar; ya\u015fam boyu verdikleri var olma sava\u015f\u0131; anne, e\u015f, k\u0131z \u00e7ocu\u011fu, sevgili, metres olarak<span class=\"excerpt-hellip\"> [\u2026]<\/span><\/p>\n","protected":false},"featured_media":0,"template":"","meta":{"_monsterinsights_skip_tracking":false,"_monsterinsights_sitenote_active":false,"_monsterinsights_sitenote_note":"","_monsterinsights_sitenote_category":0},"product_brand":[],"product_cat":[13661,12291],"product_tag":[],"class_list":{"0":"post-704668","1":"product","2":"type-product","3":"status-publish","5":"product_cat-diger-ulke-edebiyatlari","6":"product_cat-edebiyat","7":"pa_cilt-ciltsiz","8":"pa_tur-kitap","9":"pa_yayinevi-metis-yayinlari","10":"pa_yazar-murathan-mungan-haz","12":"first","13":"instock","14":"sale","15":"shipping-taxable","16":"purchasable","17":"product-type-simple"},"_links":{"self":[{"href":"https:\/\/roveyayinevi.com.tr\/index.php\/wp-json\/wp\/v2\/product\/704668","targetHints":{"allow":["GET"]}}],"collection":[{"href":"https:\/\/roveyayinevi.com.tr\/index.php\/wp-json\/wp\/v2\/product"}],"about":[{"href":"https:\/\/roveyayinevi.com.tr\/index.php\/wp-json\/wp\/v2\/types\/product"}],"wp:attachment":[{"href":"https:\/\/roveyayinevi.com.tr\/index.php\/wp-json\/wp\/v2\/media?parent=704668"}],"wp:term":[{"taxonomy":"product_brand","embeddable":true,"href":"https:\/\/roveyayinevi.com.tr\/index.php\/wp-json\/wp\/v2\/product_brand?post=704668"},{"taxonomy":"product_cat","embeddable":true,"href":"https:\/\/roveyayinevi.com.tr\/index.php\/wp-json\/wp\/v2\/product_cat?post=704668"},{"taxonomy":"product_tag","embeddable":true,"href":"https:\/\/roveyayinevi.com.tr\/index.php\/wp-json\/wp\/v2\/product_tag?post=704668"}],"curies":[{"name":"wp","href":"https:\/\/api.w.org\/{rel}","templated":true}]}}