{"id":704662,"date":"2025-08-27T15:38:10","date_gmt":"2025-08-27T12:38:10","guid":{"rendered":"https:\/\/roveyayinevi.com.tr\/index.php\/urun\/turk-politik-kulturunde-romantizm\/"},"modified":"2026-04-16T02:13:32","modified_gmt":"2026-04-15T23:13:32","slug":"turk-politik-kulturunde-romantizm","status":"publish","type":"product","link":"https:\/\/roveyayinevi.com.tr\/index.php\/urun\/turk-politik-kulturunde-romantizm\/","title":{"rendered":"T\u00fcrk Politik K\u00fclt\u00fcr\u00fcnde Romantizm"},"content":{"rendered":"<p>Hasan Aksakal bu kitapta, T\u00fcrk politik k\u00fclt\u00fcr\u00fcnde Romantizmin ne denli merkez\u00ee ve kritik bir yer tuttu\u011funu inceliyor. Siyasal d\u00fc\u015f\u00fcnde romantizm, g\u00f6zle g\u00f6r\u00fcl\u00fcr, elle tutulur d\u00fcnyan\u0131n \u00f6tesine ge\u00e7en metafizik-idealist de\u011fer ve g\u00fc\u00e7lere at\u0131fta bulunur. Romantikler, sek\u00fclerle\u015firken b\u00fcy\u00fcs\u00fc bozulan d\u00fcnyay\u0131 yeniden b\u00fcy\u00fclemeye \u00e7al\u0131\u015f\u0131rlarken, hakikati bir efsaneye d\u00f6n\u00fc\u015ft\u00fcr\u00fcrler. Muhafazak\u00e2r ve milliyet\u00e7i kesimde heyecanla sahiplenilen \u201cmilli ruh\u201d ve \u201cotantik k\u00fclt\u00fcr\u201d aray\u0131\u015f\u0131, milli k\u00fclt\u00fcr\u00fc evrensel medeniyetten \u00e7ok daha \u00f6ncelikli k\u0131lar.Kutsal devlet-millet-vatan teslisini, dil-tarih-co\u011frafya \u00fc\u00e7l\u00fcs\u00fcne bak\u0131\u015fta yatan efsanevi ve irrasyonel tav\u0131rla birle\u015ftiren Milli Romantizm, T\u00fcrkiye\u2019de esas olarak edebiyatta g\u00fcc\u00fcn\u00fc g\u00f6sterdi. Aksakal, modern T\u00fcrk d\u00fc\u015f\u00fcncesinin en \u00f6nemli temsilcilerinin ancak romantikle\u015ftirici etki uyand\u0131rabildikleri \u00f6l\u00e7\u00fcde sevilen, say\u0131lan, hatta ikonla\u015ft\u0131r\u0131lan birer edebiyat\u00e7\u0131, tarih\u00e7i, politikac\u0131 veya \u015fair oldu\u011funa i\u015faret ediyor. T\u00fcrkiye\u2019de N\u00e2m\u0131k Kemal ve Ziya G\u00f6kalp\u2019in \u00f6n plana \u00e7\u0131kt\u0131\u011f\u0131 ve bazen milliyet\u00e7i, bazen muhafazak\u00e2r, bazen de \u0130sl\u00e2m\u00ee y\u00f6n\u00fc a\u011f\u0131r basan bu \u201cmilli romantik duyu\u015f\u201dun, Kemalist, halk\u00e7\u0131 ve devrimci versiyonlar\u0131n\u0131 da i\u00e7eren genel karakteri \u00fczerine \u0131\u015f\u0131k tutuyor. Romantik halk\u00e7\u0131l\u0131ktan romantik tarih\u00e7ili\u011fe ve oradan da g\u00fcn\u00fcm\u00fczdeki romantik stratejik derinliklere uzanan, \u015earkiyat\u00e7\u0131l\u0131k kar\u015f\u0131s\u0131nda Garbiyat\u00e7\u0131 \u00f6fkeyi \u00f6n plana \u00e7\u0131karan bu siyasal d\u00fc\u015f\u00fcn\u00fc anlamak i\u00e7in rehber niteli\u011finde bir ara\u015ft\u0131rma.<\/p>\n","protected":false},"excerpt":{"rendered":"<p>Hasan Aksakal bu kitapta, T\u00fcrk politik k\u00fclt\u00fcr\u00fcnde Romantizmin ne denli merkez\u00ee ve kritik bir yer tuttu\u011funu inceliyor. Siyasal d\u00fc\u015f\u00fcnde romantizm, g\u00f6zle g\u00f6r\u00fcl\u00fcr, elle tutulur d\u00fcnyan\u0131n \u00f6tesine<span class=\"excerpt-hellip\"> [\u2026]<\/span><\/p>\n","protected":false},"featured_media":0,"template":"","meta":{"_monsterinsights_skip_tracking":false,"_monsterinsights_sitenote_active":false,"_monsterinsights_sitenote_note":"","_monsterinsights_sitenote_category":0},"product_brand":[],"product_cat":[14841,13043],"product_tag":[],"class_list":{"0":"post-704662","1":"product","2":"type-product","3":"status-publish","5":"product_cat-arastirma-inceleme-kuram","6":"product_cat-ekonomi","7":"pa_cilt-ciltsiz","8":"pa_tur-kitap","9":"pa_yayinevi-iletisim-yayinlari","10":"pa_yazar-hasan-aksakal","12":"first","13":"instock","14":"sale","15":"shipping-taxable","16":"purchasable","17":"product-type-simple"},"_links":{"self":[{"href":"https:\/\/roveyayinevi.com.tr\/index.php\/wp-json\/wp\/v2\/product\/704662","targetHints":{"allow":["GET"]}}],"collection":[{"href":"https:\/\/roveyayinevi.com.tr\/index.php\/wp-json\/wp\/v2\/product"}],"about":[{"href":"https:\/\/roveyayinevi.com.tr\/index.php\/wp-json\/wp\/v2\/types\/product"}],"wp:attachment":[{"href":"https:\/\/roveyayinevi.com.tr\/index.php\/wp-json\/wp\/v2\/media?parent=704662"}],"wp:term":[{"taxonomy":"product_brand","embeddable":true,"href":"https:\/\/roveyayinevi.com.tr\/index.php\/wp-json\/wp\/v2\/product_brand?post=704662"},{"taxonomy":"product_cat","embeddable":true,"href":"https:\/\/roveyayinevi.com.tr\/index.php\/wp-json\/wp\/v2\/product_cat?post=704662"},{"taxonomy":"product_tag","embeddable":true,"href":"https:\/\/roveyayinevi.com.tr\/index.php\/wp-json\/wp\/v2\/product_tag?post=704662"}],"curies":[{"name":"wp","href":"https:\/\/api.w.org\/{rel}","templated":true}]}}