{"id":704661,"date":"2025-08-27T15:38:10","date_gmt":"2025-08-27T12:38:10","guid":{"rendered":"https:\/\/roveyayinevi.com.tr\/index.php\/urun\/cagdas-kazak-turkcesi\/"},"modified":"2025-11-13T03:40:09","modified_gmt":"2025-11-13T00:40:09","slug":"cagdas-kazak-turkcesi","status":"publish","type":"product","link":"https:\/\/roveyayinevi.com.tr\/index.php\/urun\/cagdas-kazak-turkcesi\/","title":{"rendered":"\u00c7a\u011fda\u015f Kazak T\u00fcrk\u00e7esi"},"content":{"rendered":"<p>Kazak T\u00fcrkleri, T\u00fcrk boylar\u0131n\u0131n Kuzey yani K\u0131p\u00e7ak koluna girer. Konu\u015ftuklar\u0131 T\u00fcrk\u00e7e de T\u00fcrk leh\u00e7eleri i\u00e7inde tarih\u00ee K\u0131p\u00e7ak kolu i\u00e7erisinde yer al\u0131r. Bug\u00fcn K\u0131p\u00e7ak grubu veya Kuzeybat\u0131 T\u00fcrk leh\u00e7eleri grubu ad\u0131 alt\u0131nda ele al\u0131nmaktad\u0131r.     1991\u2019den sonra \u00fclkenin tek resm\u00ee dili olan Kazak T\u00fcrk\u00e7esi ile bir\u00e7ok edeb\u00ee eser, ilm\u00ee yaz\u0131 kaleme al\u0131nm\u0131\u015ft\u0131r.     \u00c7a\u011fda\u015f T\u00fcrk Leh\u00e7eleri ve Edebiyatlar\u0131 B\u00f6l\u00fcm\u00fc \u00f6\u011frencilerine y\u00f6nelik olarak haz\u0131rlanan bu eser, ayn\u0131 zamanda T\u00fcrk Dili ve Edebiyat\u0131 B\u00f6l\u00fcmlerinde okutulan Kazak T\u00fcrk\u00e7esi dersi i\u00e7in de kaynak bir eserdir.      Bu kitapta \u00e7a\u011fda\u015f Kazak T\u00fcrk\u00e7esi yaz\u0131 dilinin ses, \u015fekil ve c\u00fcmle bilgisi ayr\u0131nt\u0131l\u0131 bir \u015fekilde ele al\u0131nm\u0131\u015f; farkl\u0131 b\u00f6l\u00fcmlerde incelenen b\u00fct\u00fcn konular Kazak T\u00fcrk\u00e7esinden se\u00e7ilen metin \u00f6rnekleri ile desteklenmi\u015ftir.      Bu kitapla, Kazak T\u00fcrk\u00e7esi grameri yan\u0131nda, \u00f6rnek metinlerle birlikte Kazak T\u00fcrklerinin k\u00fclt\u00fcr\u00fc de tan\u0131t\u0131lmaya \u00e7al\u0131\u015f\u0131lm\u0131\u015ft\u0131r. \u00d6rnek metinler \u00f6\u011frencinin Kazak T\u00fcrk\u00e7esine h\u00e2kim olma durumuna g\u00f6re \u00e7e\u015fitli seviyelerden se\u00e7ilmi\u015ftir. G\u00fcnl\u00fck hayatta kullan\u0131lan ifadelerden edeb\u00ee metin \u00f6rneklerine kadar \u00e7e\u015fitlilik arz etmektedir.  <\/p>\n","protected":false},"excerpt":{"rendered":"<p>Kazak T\u00fcrkleri, T\u00fcrk boylar\u0131n\u0131n Kuzey yani K\u0131p\u00e7ak koluna girer. Konu\u015ftuklar\u0131 T\u00fcrk\u00e7e de T\u00fcrk leh\u00e7eleri i\u00e7inde tarih\u00ee K\u0131p\u00e7ak kolu i\u00e7erisinde yer al\u0131r. Bug\u00fcn K\u0131p\u00e7ak grubu veya Kuzeybat\u0131<span class=\"excerpt-hellip\"> [\u2026]<\/span><\/p>\n","protected":false},"featured_media":0,"template":"","meta":{"_monsterinsights_skip_tracking":false,"_monsterinsights_sitenote_active":false,"_monsterinsights_sitenote_note":"","_monsterinsights_sitenote_category":0},"product_brand":[],"product_cat":[14597,12566],"product_tag":[],"class_list":{"0":"post-704661","1":"product","2":"type-product","3":"status-publish","5":"product_cat-dil-ogrenimi","6":"product_cat-egitim","7":"pa_cilt-ciltsiz","8":"pa_tur-kitap","9":"pa_yayinevi-bilge-kultur-sanat","10":"pa_yazar-guljanat-kurmangaliyeva-ercilasun","12":"first","13":"instock","14":"sale","15":"shipping-taxable","16":"purchasable","17":"product-type-simple"},"_links":{"self":[{"href":"https:\/\/roveyayinevi.com.tr\/index.php\/wp-json\/wp\/v2\/product\/704661","targetHints":{"allow":["GET"]}}],"collection":[{"href":"https:\/\/roveyayinevi.com.tr\/index.php\/wp-json\/wp\/v2\/product"}],"about":[{"href":"https:\/\/roveyayinevi.com.tr\/index.php\/wp-json\/wp\/v2\/types\/product"}],"wp:attachment":[{"href":"https:\/\/roveyayinevi.com.tr\/index.php\/wp-json\/wp\/v2\/media?parent=704661"}],"wp:term":[{"taxonomy":"product_brand","embeddable":true,"href":"https:\/\/roveyayinevi.com.tr\/index.php\/wp-json\/wp\/v2\/product_brand?post=704661"},{"taxonomy":"product_cat","embeddable":true,"href":"https:\/\/roveyayinevi.com.tr\/index.php\/wp-json\/wp\/v2\/product_cat?post=704661"},{"taxonomy":"product_tag","embeddable":true,"href":"https:\/\/roveyayinevi.com.tr\/index.php\/wp-json\/wp\/v2\/product_tag?post=704661"}],"curies":[{"name":"wp","href":"https:\/\/api.w.org\/{rel}","templated":true}]}}