{"id":704658,"date":"2025-08-27T15:38:09","date_gmt":"2025-08-27T12:38:09","guid":{"rendered":"https:\/\/roveyayinevi.com.tr\/index.php\/urun\/doga-kesifleri-kar-yagiyor\/"},"modified":"2026-04-16T02:13:32","modified_gmt":"2026-04-15T23:13:32","slug":"doga-kesifleri-kar-yagiyor","status":"publish","type":"product","link":"https:\/\/roveyayinevi.com.tr\/index.php\/urun\/doga-kesifleri-kar-yagiyor\/","title":{"rendered":"Do\u011fa Ke\u015fifleri : Kar Ya\u011f\u0131yor"},"content":{"rendered":"<p>Okulda ilk birka\u00e7 ders her zamanki gibiydi. Kar lapa lapa ya\u011fmaya devam ediyordu. Teneff\u00fcslerde \u00e7ocuklar d\u0131\u015far\u0131 \u00e7\u0131k\u0131p, kar topu oynad\u0131lar. Uzun teneff\u00fcste hep birlikte kocaman bir kardan adam yapt\u0131lar. Sonunda beklenen haber geldi, okullar tatil edilmi\u015fti&#8230;\u0130lgin\u00e7 do\u011fa olaylar\u0131ndan kar ya\u011f\u0131\u015f\u0131na e\u011flenceli bir bak\u0131\u015f!.. <\/p>\n","protected":false},"excerpt":{"rendered":"<p>Okulda ilk birka\u00e7 ders her zamanki gibiydi. Kar lapa lapa ya\u011fmaya devam ediyordu. Teneff\u00fcslerde \u00e7ocuklar d\u0131\u015far\u0131 \u00e7\u0131k\u0131p, kar topu oynad\u0131lar. Uzun teneff\u00fcste hep birlikte kocaman bir<span class=\"excerpt-hellip\"> [\u2026]<\/span><\/p>\n","protected":false},"featured_media":0,"template":"","meta":{"_monsterinsights_skip_tracking":false,"_monsterinsights_sitenote_active":false,"_monsterinsights_sitenote_note":"","_monsterinsights_sitenote_category":0},"product_brand":[],"product_cat":[12274,12284],"product_tag":[],"class_list":{"0":"post-704658","1":"product","2":"type-product","3":"status-publish","5":"product_cat-cocuk-ve-genclik-kitaplari","6":"product_cat-hikayeler","7":"pa_cilt-ciltsiz","8":"pa_tur-kitap","9":"pa_yayinevi-is-bankasi-kultur-yayinlari","10":"pa_yazar-nevin-avan-ozdemir","12":"first","13":"instock","14":"sale","15":"shipping-taxable","16":"purchasable","17":"product-type-simple"},"_links":{"self":[{"href":"https:\/\/roveyayinevi.com.tr\/index.php\/wp-json\/wp\/v2\/product\/704658","targetHints":{"allow":["GET"]}}],"collection":[{"href":"https:\/\/roveyayinevi.com.tr\/index.php\/wp-json\/wp\/v2\/product"}],"about":[{"href":"https:\/\/roveyayinevi.com.tr\/index.php\/wp-json\/wp\/v2\/types\/product"}],"wp:attachment":[{"href":"https:\/\/roveyayinevi.com.tr\/index.php\/wp-json\/wp\/v2\/media?parent=704658"}],"wp:term":[{"taxonomy":"product_brand","embeddable":true,"href":"https:\/\/roveyayinevi.com.tr\/index.php\/wp-json\/wp\/v2\/product_brand?post=704658"},{"taxonomy":"product_cat","embeddable":true,"href":"https:\/\/roveyayinevi.com.tr\/index.php\/wp-json\/wp\/v2\/product_cat?post=704658"},{"taxonomy":"product_tag","embeddable":true,"href":"https:\/\/roveyayinevi.com.tr\/index.php\/wp-json\/wp\/v2\/product_tag?post=704658"}],"curies":[{"name":"wp","href":"https:\/\/api.w.org\/{rel}","templated":true}]}}