{"id":704657,"date":"2025-08-27T15:38:08","date_gmt":"2025-08-27T12:38:08","guid":{"rendered":"https:\/\/roveyayinevi.com.tr\/index.php\/urun\/1980-sonrasi-turkiyede-sanat-ve-siyaset\/"},"modified":"2026-01-29T02:25:05","modified_gmt":"2026-01-28T23:25:05","slug":"1980-sonrasi-turkiyede-sanat-ve-siyaset","status":"publish","type":"product","link":"https:\/\/roveyayinevi.com.tr\/index.php\/urun\/1980-sonrasi-turkiyede-sanat-ve-siyaset\/","title":{"rendered":"1980 Sonras\u0131 T\u00fcrkiye&#8217;de Sanat ve Siyaset"},"content":{"rendered":"<p>Bu kitap, k\u00fcresel dinamikler \u0131\u015f\u0131\u011f\u0131nda, 12 Eyl\u00fcl 1980 darbesinden bu yanaT\u00fcrkiye&#8217;deki kurumsal \u00f6znelerin k\u00fclt\u00fcr siyasetlerini, sanat\u00e7\u0131lar\u0131n sanat-siyaset ba\u011flam\u0131ndaki yap\u0131tlar\u0131n\u0131 ve ilgili de\u011ferlendirmeleri kaps\u0131yor. Asker\u00ee darbeyle temelleri at\u0131lan ortam\u0131n \u00f6zellikleri nelerdir? Yeni liberalizmin k\u00fclt\u00fcrel ortama etkisi hangi y\u00f6nde olmu\u015ftur? Y\u00fcksek\u00f6\u011frenim d\u00fczeyindeki sanat e\u011fitiminin \u00fcniversite b\u00fcnyesine al\u0131nmas\u0131 neler getirmi\u015ftir? Resm\u00ee ve \u00f6zel kurumlar\u0131n, galeri ve b\u00fcy\u00fck \u015firketlerin k\u00fclt\u00fcr ve sanata yakla\u015f\u0131mlar\u0131 nas\u0131l bir d\u00f6n\u00fc\u015f\u00fcm ge\u00e7irmi\u015ftir? Modernden postmodern paradigmaya ge\u00e7i\u015f T\u00fcrkiye&#8217;de nas\u0131l ger\u00e7ekle\u015fmi\u015ftir? Bienal ve di\u011fer k\u00fcrat\u00f6rl\u00fc sergilerin sanat\u00e7\u0131lar ve sanat yazarlar\u0131 \u00fczerindeki etkilen nelerdir? Marksist, Kemalist, liberal ve muhafazak\u00e2r \u00e7evrelerin, sanat\u00e7\u0131 inisiyatiflerinin sanat-siyaset ili\u015fkisine bak\u0131\u015flar\u0131 nas\u0131ld\u0131r? S\u0131n\u0131fsall\u0131k, etnisite, \u015fiddet, cinsiyet, piyasala\u015fma, melezlik, \u00e7o\u011fulluk ve g\u00fcncellik gibi meseleler resim, heykel, video, yerle\u015ftirme ve g\u00f6steri gibi t\u00fcrlerde nas\u0131l ifade edilmi\u015ftir? Mizah, sokak ve yeni medya ortam\u0131n\u0131n \u00e7a\u011fda\u015f yap\u0131tlara etkileri nelerdir? Ay\u015fe Nahide Y\u0131lmaz titiz bir kaynak ara\u015ft\u0131rmas\u0131na dayand\u0131rd\u0131\u011f\u0131 bu \u00e7al\u0131\u015fmas\u0131nda, sanat ve siyaset ili\u015fkisine dair alg\u0131 de\u011fi\u015fikliklerini, \u00e7eli\u015fki ve s\u0131k\u0131nt\u0131lar\u0131 g\u00f6zler \u00f6n\u00fcne seriyor; bar\u0131\u015f ve karde\u015flik \u00e7a\u011fr\u0131lar\u0131n\u0131n \u00f6nemine i\u015faret ediyor.  G\u00fcncel ortam\u0131n karakterine \u0131\u015f\u0131k tutan temel bir ba\u015fvuru kitab\u0131&#8230; <\/p>\n","protected":false},"excerpt":{"rendered":"<p>Bu kitap, k\u00fcresel dinamikler \u0131\u015f\u0131\u011f\u0131nda, 12 Eyl\u00fcl 1980 darbesinden bu yanaT\u00fcrkiye&#8217;deki kurumsal \u00f6znelerin k\u00fclt\u00fcr siyasetlerini, sanat\u00e7\u0131lar\u0131n sanat-siyaset ba\u011flam\u0131ndaki yap\u0131tlar\u0131n\u0131 ve ilgili de\u011ferlendirmeleri kaps\u0131yor. Asker\u00ee darbeyle temelleri<span class=\"excerpt-hellip\"> [\u2026]<\/span><\/p>\n","protected":false},"featured_media":0,"template":"","meta":{"_monsterinsights_skip_tracking":false,"_monsterinsights_sitenote_active":false,"_monsterinsights_sitenote_note":"","_monsterinsights_sitenote_category":0},"product_brand":[],"product_cat":[13590,12337],"product_tag":[],"class_list":{"0":"post-704657","1":"product","2":"type-product","3":"status-publish","5":"product_cat-arastirma-inceleme-politika-siyaset","6":"product_cat-politika-siyaset","7":"pa_cilt-ciltsiz","8":"pa_tur-kitap","9":"pa_yayinevi-utopya-yayinevi","10":"pa_yazar-ayse-nahide-yilmaz","12":"first","13":"instock","14":"sale","15":"shipping-taxable","16":"purchasable","17":"product-type-simple"},"_links":{"self":[{"href":"https:\/\/roveyayinevi.com.tr\/index.php\/wp-json\/wp\/v2\/product\/704657","targetHints":{"allow":["GET"]}}],"collection":[{"href":"https:\/\/roveyayinevi.com.tr\/index.php\/wp-json\/wp\/v2\/product"}],"about":[{"href":"https:\/\/roveyayinevi.com.tr\/index.php\/wp-json\/wp\/v2\/types\/product"}],"wp:attachment":[{"href":"https:\/\/roveyayinevi.com.tr\/index.php\/wp-json\/wp\/v2\/media?parent=704657"}],"wp:term":[{"taxonomy":"product_brand","embeddable":true,"href":"https:\/\/roveyayinevi.com.tr\/index.php\/wp-json\/wp\/v2\/product_brand?post=704657"},{"taxonomy":"product_cat","embeddable":true,"href":"https:\/\/roveyayinevi.com.tr\/index.php\/wp-json\/wp\/v2\/product_cat?post=704657"},{"taxonomy":"product_tag","embeddable":true,"href":"https:\/\/roveyayinevi.com.tr\/index.php\/wp-json\/wp\/v2\/product_tag?post=704657"}],"curies":[{"name":"wp","href":"https:\/\/api.w.org\/{rel}","templated":true}]}}