{"id":704656,"date":"2025-08-27T15:38:08","date_gmt":"2025-08-27T12:38:08","guid":{"rendered":"https:\/\/roveyayinevi.com.tr\/index.php\/urun\/haydi-ciz\/"},"modified":"2026-04-16T02:13:32","modified_gmt":"2026-04-15T23:13:32","slug":"haydi-ciz","status":"publish","type":"product","link":"https:\/\/roveyayinevi.com.tr\/index.php\/urun\/haydi-ciz\/","title":{"rendered":"Haydi \u00c7iz"},"content":{"rendered":"<p>Eline bir kalem al\u0131p sadece \u00e7izmek isteyen hekese hitap eden bu kitap, \u00e7o\u011fu zaman yarat\u0131c\u0131l\u0131\u011f\u0131n\u0131z\u0131 sekmeye u\u011fratan tak\u0131nt\u0131lar olmaks\u0131z\u0131n becerilerimizi ve cesaretimizi geli\u015ftirmek i\u00e7in kusursuz bir ara\u00e7t\u0131r. <\/p>\n","protected":false},"excerpt":{"rendered":"<p>Eline bir kalem al\u0131p sadece \u00e7izmek isteyen hekese hitap eden bu kitap, \u00e7o\u011fu zaman yarat\u0131c\u0131l\u0131\u011f\u0131n\u0131z\u0131 sekmeye u\u011fratan tak\u0131nt\u0131lar olmaks\u0131z\u0131n becerilerimizi ve cesaretimizi geli\u015ftirmek i\u00e7in kusursuz bir<span class=\"excerpt-hellip\"> [\u2026]<\/span><\/p>\n","protected":false},"featured_media":0,"template":"","meta":{"_monsterinsights_skip_tracking":false,"_monsterinsights_sitenote_active":false,"_monsterinsights_sitenote_note":"","_monsterinsights_sitenote_category":0},"product_brand":[],"product_cat":[15733,12408],"product_tag":[],"class_list":{"0":"post-704656","1":"product","2":"type-product","3":"status-publish","5":"product_cat-resim","6":"product_cat-sanat","7":"pa_tur-kitap","8":"pa_yayinevi-beta-kitap","9":"pa_yazar-sam-piyasena","11":"first","12":"instock","13":"sale","14":"shipping-taxable","15":"purchasable","16":"product-type-simple"},"_links":{"self":[{"href":"https:\/\/roveyayinevi.com.tr\/index.php\/wp-json\/wp\/v2\/product\/704656","targetHints":{"allow":["GET"]}}],"collection":[{"href":"https:\/\/roveyayinevi.com.tr\/index.php\/wp-json\/wp\/v2\/product"}],"about":[{"href":"https:\/\/roveyayinevi.com.tr\/index.php\/wp-json\/wp\/v2\/types\/product"}],"wp:attachment":[{"href":"https:\/\/roveyayinevi.com.tr\/index.php\/wp-json\/wp\/v2\/media?parent=704656"}],"wp:term":[{"taxonomy":"product_brand","embeddable":true,"href":"https:\/\/roveyayinevi.com.tr\/index.php\/wp-json\/wp\/v2\/product_brand?post=704656"},{"taxonomy":"product_cat","embeddable":true,"href":"https:\/\/roveyayinevi.com.tr\/index.php\/wp-json\/wp\/v2\/product_cat?post=704656"},{"taxonomy":"product_tag","embeddable":true,"href":"https:\/\/roveyayinevi.com.tr\/index.php\/wp-json\/wp\/v2\/product_tag?post=704656"}],"curies":[{"name":"wp","href":"https:\/\/api.w.org\/{rel}","templated":true}]}}