{"id":704654,"date":"2025-08-27T15:38:08","date_gmt":"2025-08-27T12:38:08","guid":{"rendered":"https:\/\/roveyayinevi.com.tr\/index.php\/urun\/karatay-diyetiyle-yasam-boyu-saglik\/"},"modified":"2026-04-16T02:13:32","modified_gmt":"2026-04-15T23:13:32","slug":"karatay-diyetiyle-yasam-boyu-saglik","status":"publish","type":"product","link":"https:\/\/roveyayinevi.com.tr\/index.php\/urun\/karatay-diyetiyle-yasam-boyu-saglik\/","title":{"rendered":"Karatay Diyeti\u2019yle Ya\u015fam Boyu Sa\u011fl\u0131k"},"content":{"rendered":"<p>\u00c7ok Satanlar Listesi&#8217;nde aylard\u0131r inmeyen Karatay Diyeti&#8217;nin Yazar\u0131ndan yeni kitap Karatay Diyeti&#8217;yle Ya\u015fam Boyu Sa\u011fl\u0131k&#8230;Ba\u015far\u0131 oran\u0131 %100&#8217;e yak\u0131n!50 y\u0131ll\u0131k hekimden, 24 saat 365 g\u00fcn her ya\u015fta kolayl\u0131kla uygulayabilece\u011finiz tavsiyeler!Prof. Canan Efendigil Karatay&#8217;\u0131n yazd\u0131\u011f\u0131 ve \u00e7\u0131kt\u0131\u011f\u0131 g\u00fcnden beri &#8216;en \u00e7ok satanlar&#8217; listesinden inmeyen Karatay Diyeti, T\u00fcrk insan\u0131n\u0131n en b\u00fcy\u00fck hayalini ger\u00e7ekle\u015ftirdi: A\u015f\u0131r\u0131 kilolardan kurtularak hastal\u0131klardan uzak, enerjik ve kaliteli bir ya\u015fam s\u00fcrmek&#8230; Bu diyeti uygulayan binlerce insan y\u00fczde 100&#8217;e yak\u0131n bir ba\u015far\u0131 oran\u0131yla, v\u00fccut ya\u011flar\u0131ndan kurtuldu ve kilo verdi. \u00dcstelik kendilerini mutlu ve din\u00e7 hissetti. Verdikleri kilolar\u0131 geri almad\u0131. Bu ya\u015fam bi\u00e7imi, &#8220;T\u00fcrk halk\u0131 i\u00e7in en uygun&#8221; oldu\u011fundan ve kilo vermenin \u00f6n\u00fcnde en b\u00fcy\u00fck engel olan &#8216;ac\u0131kma korkusu&#8217;nu da tamamen yok etti\u011fi i\u00e7in adeta bir fenomen haline geldi. Karatay Diyeti uygulay\u0131c\u0131lar\u0131n\u0131n say\u0131s\u0131 her ge\u00e7en g\u00fcn katlanarak art\u0131yor.Bu kitap Karatay Diyeti&#8217;nin devam\u0131 niteli\u011finde. Do\u011fru beslenme ve sa\u011fl\u0131kl\u0131 kilo verme ile ilgili \u00e7ok daha kapsaml\u0131 bilgiler i\u00e7eriyor. Gen\u00e7 ya\u015fl\u0131 hepimize \u015fefkatli bir k\u0131lavuzluk yap\u0131yor: Mevsimlere ve ya\u015f d\u00f6nemlerine g\u00f6re, 365 g\u00fcn 24 saat nelere dikkat etmeliyiz ki, her ya\u015fta kendimizi din\u00e7 hissedelim, kilo problemi ya\u015famayal\u0131m ve hastal\u0131klarla aram\u0131za kal\u0131n bir duvar \u00f6relim? Prof. Karatay, bu yeni kitab\u0131nda okuyucular\u0131n merak etti\u011fi t\u00fcm &#8216;\u00f6zel&#8217; sorulara da yan\u0131t veriyor. Yine o anla\u015f\u0131l\u0131r \u00fcslubuyla, nedenleriyle, ni\u00e7inleriyle, bilimsel ara\u015ft\u0131rmalar \u0131\u015f\u0131\u011f\u0131nda ve uygulamas\u0131 kolay \u00f6nerileriyle&#8230;Karatay Diyeti&#8217;ni al\u0131p okuduysan\u0131z bu kitab\u0131 ka\u00e7\u0131rmay\u0131n, okumad\u0131ysan\u0131z ikisini birden al\u0131n, hayat boyu rahat edin! <\/p>\n","protected":false},"excerpt":{"rendered":"<p>\u00c7ok Satanlar Listesi&#8217;nde aylard\u0131r inmeyen Karatay Diyeti&#8217;nin Yazar\u0131ndan yeni kitap Karatay Diyeti&#8217;yle Ya\u015fam Boyu Sa\u011fl\u0131k&#8230;Ba\u015far\u0131 oran\u0131 %100&#8217;e yak\u0131n!50 y\u0131ll\u0131k hekimden, 24 saat 365 g\u00fcn her ya\u015fta<span class=\"excerpt-hellip\"> [\u2026]<\/span><\/p>\n","protected":false},"featured_media":0,"template":"","meta":{"_monsterinsights_skip_tracking":false,"_monsterinsights_sitenote_active":false,"_monsterinsights_sitenote_note":"","_monsterinsights_sitenote_category":0},"product_brand":[],"product_cat":[13402,13365],"product_tag":[],"class_list":{"0":"post-704654","1":"product","2":"type-product","3":"status-publish","5":"product_cat-beslenme-ve-diyet","6":"product_cat-saglik","7":"pa_cilt-ciltsiz","8":"pa_tur-kitap","9":"pa_yayinevi-hayykitap","10":"pa_yazar-canan-efendigil-karatay","12":"first","13":"instock","14":"sale","15":"shipping-taxable","16":"purchasable","17":"product-type-simple"},"_links":{"self":[{"href":"https:\/\/roveyayinevi.com.tr\/index.php\/wp-json\/wp\/v2\/product\/704654","targetHints":{"allow":["GET"]}}],"collection":[{"href":"https:\/\/roveyayinevi.com.tr\/index.php\/wp-json\/wp\/v2\/product"}],"about":[{"href":"https:\/\/roveyayinevi.com.tr\/index.php\/wp-json\/wp\/v2\/types\/product"}],"wp:attachment":[{"href":"https:\/\/roveyayinevi.com.tr\/index.php\/wp-json\/wp\/v2\/media?parent=704654"}],"wp:term":[{"taxonomy":"product_brand","embeddable":true,"href":"https:\/\/roveyayinevi.com.tr\/index.php\/wp-json\/wp\/v2\/product_brand?post=704654"},{"taxonomy":"product_cat","embeddable":true,"href":"https:\/\/roveyayinevi.com.tr\/index.php\/wp-json\/wp\/v2\/product_cat?post=704654"},{"taxonomy":"product_tag","embeddable":true,"href":"https:\/\/roveyayinevi.com.tr\/index.php\/wp-json\/wp\/v2\/product_tag?post=704654"}],"curies":[{"name":"wp","href":"https:\/\/api.w.org\/{rel}","templated":true}]}}