{"id":704651,"date":"2025-08-27T15:38:06","date_gmt":"2025-08-27T12:38:06","guid":{"rendered":"https:\/\/roveyayinevi.com.tr\/index.php\/urun\/tanri-ile-sohbet-alisilmadik-bir-diyalog-3\/"},"modified":"2026-04-16T02:13:32","modified_gmt":"2026-04-15T23:13:32","slug":"tanri-ile-sohbet-alisilmadik-bir-diyalog-3","status":"publish","type":"product","link":"https:\/\/roveyayinevi.com.tr\/index.php\/urun\/tanri-ile-sohbet-alisilmadik-bir-diyalog-3\/","title":{"rendered":"Tanr\u0131 ile Sohbet Al\u0131\u015f\u0131lmad\u0131k Bir Diyalog 3"},"content":{"rendered":"<p>Tanr\u0131 ile Sohbet &#8211; 3\u2019\u00fcn kutsal ve spirit\u00fcel bir kitap oldu\u011funa inan\u0131yorum. Bu asl\u0131nda \u00fc\u00e7lemenin her kitab\u0131 i\u00e7in de ge\u00e7erli. Bu kitaplar y\u0131llar, hatta nesiller boyu okunacak ve bunlar\u0131n \u00fczerine \u00e7al\u0131\u015fmalar yap\u0131lacak. Belki de y\u00fczy\u0131llar boyu. \u00c7\u00fcnk\u00fc beraber ele al\u0131nd\u0131\u011f\u0131nda, \u00fc\u00e7leme, geni\u015f bir konu \u00e7e\u015fitlili\u011fine sahip. \u0130li\u015fkilerin nas\u0131l sa\u011fl\u0131kl\u0131 ya\u015fanaca\u011f\u0131ndan, mutlak ger\u00e7e\u011fin do\u011fas\u0131na ve evrenin kozmolojisine kadar. Ayr\u0131ca ya\u015fam, \u00f6l\u00fcm, a\u015fk, evlilik, cinsellik, ebeveynlik, sa\u011fl\u0131k, e\u011fitim, ekonomi, politika, spirit\u00fcellik ve din, fizik, zaman, sosyal normlar ve gelenekler, yarat\u0131m s\u00fcreci, Tanr\u0131\u2019yla ki\u015fisel ili\u015fkimiz, ekoloji, su\u00e7 ve ceza, kozmostaki y\u00fcksek toplumlarda ya\u015fam, do\u011fru ve yanl\u0131\u015f, k\u00fclt\u00fcrel mitler ve k\u00fclt\u00fcrel etik, ruh, ruh partnerleri, a\u015fk\u0131n do\u011fas\u0131 ve Tanr\u0131sall\u0131k\u2019\u0131n do\u011fal miras\u0131m\u0131z oldu\u011funu bilen taraf\u0131m\u0131z\u0131n kendini nas\u0131l ifade edebilece\u011fi \u00fczerine g\u00f6zlemler i\u00e7eriyor. Bu kitaptan yararlanman\u0131z i\u00e7in dua ediyorum. T\u00fcm y\u00fcceli\u011finizle. <\/p>\n","protected":false},"excerpt":{"rendered":"<p>Tanr\u0131 ile Sohbet &#8211; 3\u2019\u00fcn kutsal ve spirit\u00fcel bir kitap oldu\u011funa inan\u0131yorum. Bu asl\u0131nda \u00fc\u00e7lemenin her kitab\u0131 i\u00e7in de ge\u00e7erli. Bu kitaplar y\u0131llar, hatta nesiller boyu<span class=\"excerpt-hellip\"> [\u2026]<\/span><\/p>\n","protected":false},"featured_media":0,"template":"","meta":{"_monsterinsights_skip_tracking":false,"_monsterinsights_sitenote_active":false,"_monsterinsights_sitenote_note":"","_monsterinsights_sitenote_category":0},"product_brand":[],"product_cat":[12364,16154],"product_tag":[],"class_list":{"0":"post-704651","1":"product","2":"type-product","3":"status-publish","5":"product_cat-genel-konular","6":"product_cat-parapsikoloji","7":"pa_cilt-ciltsiz","8":"pa_tur-kitap","9":"pa_yayinevi-otesi-yayincilik","10":"pa_yazar-neale-donald-walsch","12":"first","13":"instock","14":"sale","15":"shipping-taxable","16":"purchasable","17":"product-type-simple"},"_links":{"self":[{"href":"https:\/\/roveyayinevi.com.tr\/index.php\/wp-json\/wp\/v2\/product\/704651","targetHints":{"allow":["GET"]}}],"collection":[{"href":"https:\/\/roveyayinevi.com.tr\/index.php\/wp-json\/wp\/v2\/product"}],"about":[{"href":"https:\/\/roveyayinevi.com.tr\/index.php\/wp-json\/wp\/v2\/types\/product"}],"wp:attachment":[{"href":"https:\/\/roveyayinevi.com.tr\/index.php\/wp-json\/wp\/v2\/media?parent=704651"}],"wp:term":[{"taxonomy":"product_brand","embeddable":true,"href":"https:\/\/roveyayinevi.com.tr\/index.php\/wp-json\/wp\/v2\/product_brand?post=704651"},{"taxonomy":"product_cat","embeddable":true,"href":"https:\/\/roveyayinevi.com.tr\/index.php\/wp-json\/wp\/v2\/product_cat?post=704651"},{"taxonomy":"product_tag","embeddable":true,"href":"https:\/\/roveyayinevi.com.tr\/index.php\/wp-json\/wp\/v2\/product_tag?post=704651"}],"curies":[{"name":"wp","href":"https:\/\/api.w.org\/{rel}","templated":true}]}}