{"id":704650,"date":"2025-08-27T15:38:06","date_gmt":"2025-08-27T12:38:06","guid":{"rendered":"https:\/\/roveyayinevi.com.tr\/index.php\/urun\/tanri-ile-sohbet-alisilmadik-bir-diyalog-2\/"},"modified":"2026-04-16T02:13:32","modified_gmt":"2026-04-15T23:13:32","slug":"tanri-ile-sohbet-alisilmadik-bir-diyalog-2","status":"publish","type":"product","link":"https:\/\/roveyayinevi.com.tr\/index.php\/urun\/tanri-ile-sohbet-alisilmadik-bir-diyalog-2\/","title":{"rendered":"Tanr\u0131 ile Sohbet &#8211; Al\u0131\u015f\u0131lmad\u0131k Bir Diyalog 2"},"content":{"rendered":"<p>Bu kitap bir umudun kitab\u0131. Sen, ben, o&#8230; birlikte d\u00fcnyay\u0131 (kendi d\u00fcnyam\u0131z\u0131 ve gezegenimizi) de\u011fi\u015ftirebilme g\u00fcc\u00fcne sahip oldu\u011fumuzu bilmek ne harikulade, ne heyecan verici bir duygu. Hepimizin i\u00e7indeki Tanr\u0131, \u00d6z, Sevgi bize ya\u015fam\u0131m\u0131z\u0131n ta ba\u015f\u0131ndan beri hep ayn\u0131 mesaj\u0131 veriyor: B\u0130R\u2019siniz. Egomuz ise bunun tam z\u0131dd\u0131n\u0131 ba\u011f\u0131ra ba\u011f\u0131ra s\u00f6yl\u00fcyor: AYRI\u2019s\u0131n\u0131z. Egomuzun sesini dinleyerek geldi\u011fimiz durum ortada. Bir de \u00d6z\u00fcm\u00fcz\u00fcn minik, ahenkli sesine kulak vermeyi denesek. O zaman her birimiz bir Tanr\u0131 ile Sohbet kitab\u0131 yazabiliriz. \ufffcTan\u0131t\u0131m Metni<\/p>\n","protected":false},"excerpt":{"rendered":"<p>Bu kitap bir umudun kitab\u0131. Sen, ben, o&#8230; birlikte d\u00fcnyay\u0131 (kendi d\u00fcnyam\u0131z\u0131 ve gezegenimizi) de\u011fi\u015ftirebilme g\u00fcc\u00fcne sahip oldu\u011fumuzu bilmek ne harikulade, ne heyecan verici bir duygu.<span class=\"excerpt-hellip\"> [\u2026]<\/span><\/p>\n","protected":false},"featured_media":0,"template":"","meta":{"_monsterinsights_skip_tracking":false,"_monsterinsights_sitenote_active":false,"_monsterinsights_sitenote_note":"","_monsterinsights_sitenote_category":0},"product_brand":[],"product_cat":[12718,16794],"product_tag":[],"class_list":{"0":"post-704650","1":"product","2":"type-product","3":"status-publish","5":"product_cat-din","6":"product_cat-dinler-tarihi","7":"pa_tur-kitap","8":"pa_yayinevi-otesi-yayincilik","9":"pa_yazar-neale-donald-walsch","11":"first","12":"instock","13":"sale","14":"shipping-taxable","15":"purchasable","16":"product-type-simple"},"_links":{"self":[{"href":"https:\/\/roveyayinevi.com.tr\/index.php\/wp-json\/wp\/v2\/product\/704650","targetHints":{"allow":["GET"]}}],"collection":[{"href":"https:\/\/roveyayinevi.com.tr\/index.php\/wp-json\/wp\/v2\/product"}],"about":[{"href":"https:\/\/roveyayinevi.com.tr\/index.php\/wp-json\/wp\/v2\/types\/product"}],"wp:attachment":[{"href":"https:\/\/roveyayinevi.com.tr\/index.php\/wp-json\/wp\/v2\/media?parent=704650"}],"wp:term":[{"taxonomy":"product_brand","embeddable":true,"href":"https:\/\/roveyayinevi.com.tr\/index.php\/wp-json\/wp\/v2\/product_brand?post=704650"},{"taxonomy":"product_cat","embeddable":true,"href":"https:\/\/roveyayinevi.com.tr\/index.php\/wp-json\/wp\/v2\/product_cat?post=704650"},{"taxonomy":"product_tag","embeddable":true,"href":"https:\/\/roveyayinevi.com.tr\/index.php\/wp-json\/wp\/v2\/product_tag?post=704650"}],"curies":[{"name":"wp","href":"https:\/\/api.w.org\/{rel}","templated":true}]}}