{"id":704648,"date":"2025-08-27T15:38:05","date_gmt":"2025-08-27T12:38:05","guid":{"rendered":"https:\/\/roveyayinevi.com.tr\/index.php\/urun\/mass-effect-intikam\/"},"modified":"2026-04-16T02:13:32","modified_gmt":"2026-04-15T23:13:32","slug":"mass-effect-intikam","status":"publish","type":"product","link":"https:\/\/roveyayinevi.com.tr\/index.php\/urun\/mass-effect-intikam\/","title":{"rendered":"Mass Effect &#8211; \u0130ntikam"},"content":{"rendered":"<p>Drew Karpyshyn; \u00d6d\u00fcll\u00fc bilgisayar oyunu Mass Effect&#8217;in ba\u015fyazar\u0131 ve New York Times&#8217;\u0131n \u00e7ok satanlar listelerinin gediklisi. <\/p>\n","protected":false},"excerpt":{"rendered":"<p>Drew Karpyshyn; \u00d6d\u00fcll\u00fc bilgisayar oyunu Mass Effect&#8217;in ba\u015fyazar\u0131 ve New York Times&#8217;\u0131n \u00e7ok satanlar listelerinin gediklisi.<\/p>\n","protected":false},"featured_media":0,"template":"","meta":{"_monsterinsights_skip_tracking":false,"_monsterinsights_sitenote_active":false,"_monsterinsights_sitenote_note":"","_monsterinsights_sitenote_category":0},"product_brand":[],"product_cat":[12540,12291],"product_tag":[],"class_list":{"0":"post-704648","1":"product","2":"type-product","3":"status-publish","5":"product_cat-bilim-kurgu","6":"product_cat-edebiyat","7":"pa_tur-kitap","8":"pa_yayinevi-akil-celen-kitaplar","9":"pa_yazar-drew-karpyshyn","11":"first","12":"instock","13":"sale","14":"shipping-taxable","15":"purchasable","16":"product-type-simple"},"_links":{"self":[{"href":"https:\/\/roveyayinevi.com.tr\/index.php\/wp-json\/wp\/v2\/product\/704648","targetHints":{"allow":["GET"]}}],"collection":[{"href":"https:\/\/roveyayinevi.com.tr\/index.php\/wp-json\/wp\/v2\/product"}],"about":[{"href":"https:\/\/roveyayinevi.com.tr\/index.php\/wp-json\/wp\/v2\/types\/product"}],"wp:attachment":[{"href":"https:\/\/roveyayinevi.com.tr\/index.php\/wp-json\/wp\/v2\/media?parent=704648"}],"wp:term":[{"taxonomy":"product_brand","embeddable":true,"href":"https:\/\/roveyayinevi.com.tr\/index.php\/wp-json\/wp\/v2\/product_brand?post=704648"},{"taxonomy":"product_cat","embeddable":true,"href":"https:\/\/roveyayinevi.com.tr\/index.php\/wp-json\/wp\/v2\/product_cat?post=704648"},{"taxonomy":"product_tag","embeddable":true,"href":"https:\/\/roveyayinevi.com.tr\/index.php\/wp-json\/wp\/v2\/product_tag?post=704648"}],"curies":[{"name":"wp","href":"https:\/\/api.w.org\/{rel}","templated":true}]}}