{"id":704644,"date":"2025-08-27T15:38:04","date_gmt":"2025-08-27T12:38:04","guid":{"rendered":"https:\/\/roveyayinevi.com.tr\/index.php\/urun\/eski-yazi\/"},"modified":"2026-04-16T02:13:32","modified_gmt":"2026-04-15T23:13:32","slug":"eski-yazi","status":"publish","type":"product","link":"https:\/\/roveyayinevi.com.tr\/index.php\/urun\/eski-yazi\/","title":{"rendered":"Eski Yaz\u0131"},"content":{"rendered":"<p>\u201c\u2018Biz eski bir alfabenin harfleriyiz, bizi yazma\u2019 diyor bir sessiz harf, \u2018bizi k\u0131rma, bizi yaralama\u2019 der gibi adeta. Hangisi oldu\u011funu s\u00f6yleyemem, sessizli\u011finden do\u011fru bu eski yaz\u0131ya k\u0131r\u0131ls\u0131n istemem. Ba\u015fka bir harfin kap\u0131s\u0131n\u0131 da \u00e7almam. Harfler gecede cem olmu\u015f, yaln\u0131zl\u0131klar\u0131ndan kurtulmaya \u00e7al\u0131\u015f\u0131rlarken, g\u00fcl bah\u00e7esine girmi\u015f bir \u015fair olmak istemem, bah\u00e7eye giren \u015fair de h\u0131rs\u0131z say\u0131l\u0131r, o cemden nasibime d\u00fc\u015fen kelimelerle \u00e7\u0131kmak isterim. Kimi elimi, kimi dilimi, kimi g\u00f6nl\u00fcm\u00fc kanatan kelimelerden bir yolculuk alfabesi \u00e7\u0131kar belki. Belki bir yokluk alfabesi de \u00e7\u0131kar. Bilmem ki o yolculukta, o yoklukta da demeli, k\u0131lavuz kimdir, kim g\u00f6n\u00fcll\u00fc, kim bir kervan\u0131n g\u00f6\u00e7\u00fcne yaz\u0131l\u0131 ve kim geride bir yaln\u0131zl\u0131k kalmas\u0131n diye bir kelimeye girer de feda eder kendini. G\u00f6\u00e7 yolda d\u00fczelir denildi\u011fi gibi, ben de eskinin alfabesi yoklukta yaz\u0131l\u0131r deyip b\u0131rak\u0131r\u0131m harfleri kelimelerin yurduna do\u011fru. Kimi var\u0131r yurduna, kimi ba\u015fkas\u0131n\u0131n kelimesini yurt tutar, ki gurbete say\u0131l\u0131r ba\u015fkas\u0131n\u0131n kelimesi de, kiminin y\u00f6n\u00fc evvel ezel kaybolmaya do\u011frudur, kimi c\u00fcmlesinden kopar\u0131lm\u0131\u015f bir zeytin gibi ac\u0131ya kal\u0131r, \u00f6ks\u00fcz kal\u0131r. Onca c\u00fcmle i\u00e7inde, onca kelime aras\u0131nda anlam\u0131ndan soyunmu\u015f, eskisinden kovulmu\u015f ve \u00e7a\u011fr\u0131lmamaktan yorulmu\u015f halde \u00fcryan kal\u0131r ki, onun \u00e7\u0131plakl\u0131\u011f\u0131 i\u00e7in \u015fairler bile \u015fiir s\u00f6ylemekte zorlan\u0131rlar.\u201d <\/p>\n","protected":false},"excerpt":{"rendered":"<p>\u201c\u2018Biz eski bir alfabenin harfleriyiz, bizi yazma\u2019 diyor bir sessiz harf, \u2018bizi k\u0131rma, bizi yaralama\u2019 der gibi adeta. Hangisi oldu\u011funu s\u00f6yleyemem, sessizli\u011finden do\u011fru bu eski yaz\u0131ya<span class=\"excerpt-hellip\"> [\u2026]<\/span><\/p>\n","protected":false},"featured_media":0,"template":"","meta":{"_monsterinsights_skip_tracking":false,"_monsterinsights_sitenote_active":false,"_monsterinsights_sitenote_note":"","_monsterinsights_sitenote_category":0},"product_brand":[],"product_cat":[12291,12711],"product_tag":[],"class_list":{"0":"post-704644","1":"product","2":"type-product","3":"status-publish","5":"product_cat-edebiyat","6":"product_cat-roman-oyku","7":"pa_cilt-ciltsiz","8":"pa_tur-kitap","9":"pa_yayinevi-kirmizi-kedi-yayinevi","10":"pa_yazar-haydar-ergulen","12":"first","13":"instock","14":"sale","15":"shipping-taxable","16":"purchasable","17":"product-type-simple"},"_links":{"self":[{"href":"https:\/\/roveyayinevi.com.tr\/index.php\/wp-json\/wp\/v2\/product\/704644","targetHints":{"allow":["GET"]}}],"collection":[{"href":"https:\/\/roveyayinevi.com.tr\/index.php\/wp-json\/wp\/v2\/product"}],"about":[{"href":"https:\/\/roveyayinevi.com.tr\/index.php\/wp-json\/wp\/v2\/types\/product"}],"wp:attachment":[{"href":"https:\/\/roveyayinevi.com.tr\/index.php\/wp-json\/wp\/v2\/media?parent=704644"}],"wp:term":[{"taxonomy":"product_brand","embeddable":true,"href":"https:\/\/roveyayinevi.com.tr\/index.php\/wp-json\/wp\/v2\/product_brand?post=704644"},{"taxonomy":"product_cat","embeddable":true,"href":"https:\/\/roveyayinevi.com.tr\/index.php\/wp-json\/wp\/v2\/product_cat?post=704644"},{"taxonomy":"product_tag","embeddable":true,"href":"https:\/\/roveyayinevi.com.tr\/index.php\/wp-json\/wp\/v2\/product_tag?post=704644"}],"curies":[{"name":"wp","href":"https:\/\/api.w.org\/{rel}","templated":true}]}}