{"id":704641,"date":"2025-08-27T15:38:02","date_gmt":"2025-08-27T12:38:02","guid":{"rendered":"https:\/\/roveyayinevi.com.tr\/index.php\/urun\/adim-adim-resim-ciziyorum\/"},"modified":"2026-04-16T02:13:32","modified_gmt":"2026-04-15T23:13:32","slug":"adim-adim-resim-ciziyorum","status":"publish","type":"product","link":"https:\/\/roveyayinevi.com.tr\/index.php\/urun\/adim-adim-resim-ciziyorum\/","title":{"rendered":"Ad\u0131m Ad\u0131m Resim \u00c7iziyorum"},"content":{"rendered":"<p>Ad\u0131m ad\u0131m ilerleyen y\u00f6nergeleri takip edecek ve robotlardan maymunlara, insanlardan canavarlara var\u0131ncaya kadar pek \u00e7ok farkl\u0131 resmi kolayca \u00e7izeceksiniz. \u00dcstelik resimlerinizi yap\u0131p yetene\u011finizi sergilemeniz i\u00e7in size yeterince bo\u015f yer de b\u0131rakt\u0131k. Zamanla kendi tekni\u011finizi geli\u015ftirecek, kendi tarz\u0131n\u0131z\u0131 ortaya koyarak \u00e7evrenizdekileri b\u00fcy\u00fcleyeceksiniz. \ufffcTan\u0131t\u0131m Metni<\/p>\n","protected":false},"excerpt":{"rendered":"<p>Ad\u0131m ad\u0131m ilerleyen y\u00f6nergeleri takip edecek ve robotlardan maymunlara, insanlardan canavarlara var\u0131ncaya kadar pek \u00e7ok farkl\u0131 resmi kolayca \u00e7izeceksiniz. \u00dcstelik resimlerinizi yap\u0131p yetene\u011finizi sergilemeniz i\u00e7in size<span class=\"excerpt-hellip\"> [\u2026]<\/span><\/p>\n","protected":false},"featured_media":0,"template":"","meta":{"_monsterinsights_skip_tracking":false,"_monsterinsights_sitenote_active":false,"_monsterinsights_sitenote_note":"","_monsterinsights_sitenote_category":0},"product_brand":[],"product_cat":[12644,12274],"product_tag":[],"class_list":{"0":"post-704641","1":"product","2":"type-product","3":"status-publish","5":"product_cat-boyama-kitaplari","6":"product_cat-cocuk-ve-genclik-kitaplari","7":"pa_cilt-ciltsiz","8":"pa_tur-kitap","9":"pa_yayinevi-1001-cicek-kitaplar","10":"pa_yazar-candice-whatmore","12":"first","13":"instock","14":"sale","15":"shipping-taxable","16":"purchasable","17":"product-type-simple"},"_links":{"self":[{"href":"https:\/\/roveyayinevi.com.tr\/index.php\/wp-json\/wp\/v2\/product\/704641","targetHints":{"allow":["GET"]}}],"collection":[{"href":"https:\/\/roveyayinevi.com.tr\/index.php\/wp-json\/wp\/v2\/product"}],"about":[{"href":"https:\/\/roveyayinevi.com.tr\/index.php\/wp-json\/wp\/v2\/types\/product"}],"wp:attachment":[{"href":"https:\/\/roveyayinevi.com.tr\/index.php\/wp-json\/wp\/v2\/media?parent=704641"}],"wp:term":[{"taxonomy":"product_brand","embeddable":true,"href":"https:\/\/roveyayinevi.com.tr\/index.php\/wp-json\/wp\/v2\/product_brand?post=704641"},{"taxonomy":"product_cat","embeddable":true,"href":"https:\/\/roveyayinevi.com.tr\/index.php\/wp-json\/wp\/v2\/product_cat?post=704641"},{"taxonomy":"product_tag","embeddable":true,"href":"https:\/\/roveyayinevi.com.tr\/index.php\/wp-json\/wp\/v2\/product_tag?post=704641"}],"curies":[{"name":"wp","href":"https:\/\/api.w.org\/{rel}","templated":true}]}}