{"id":704638,"date":"2025-08-27T15:38:01","date_gmt":"2025-08-27T12:38:01","guid":{"rendered":"https:\/\/roveyayinevi.com.tr\/index.php\/urun\/nuktedan-ataturk\/"},"modified":"2026-04-16T02:13:32","modified_gmt":"2026-04-15T23:13:32","slug":"nuktedan-ataturk","status":"publish","type":"product","link":"https:\/\/roveyayinevi.com.tr\/index.php\/urun\/nuktedan-ataturk\/","title":{"rendered":"N\u00fcktedan &#8211; Atat\u00fcrk"},"content":{"rendered":"<p>Ne\u015feli, e\u011flenceli bir \u00c7ankaya gecesinden sonra k\u00f6\u015fke \u00e7\u0131kan gazeteci Falih R\u0131fk\u0131 Atay, Atat\u00fcrk&#8217;\u00fc bilardo oynarken bulunca, bu f\u0131rsattan yararlanarak ka\u00e7 zamand\u0131r d\u00fc\u015f\u00fcnd\u00fc\u011f\u00fc \u015feyi s\u00f6ylemeye karar verdi ve, Pa\u015fam, \u015fimdiye kadar sizin hayat\u0131n\u0131z\u0131 yabanc\u0131 dillerde Frenkler yazd\u0131lar. Biz yan\u0131n\u0131zday\u0131z. Sizi onlardan daha iyi tan\u0131yoruz. \u0130zin vermez misiniz? Yakup Kadri ile ben hayat\u0131n\u0131z ve eserleriniz hakk\u0131nda bir kitap haz\u0131rlasak, dedi. \ufffc<\/p>\n","protected":false},"excerpt":{"rendered":"<p>Ne\u015feli, e\u011flenceli bir \u00c7ankaya gecesinden sonra k\u00f6\u015fke \u00e7\u0131kan gazeteci Falih R\u0131fk\u0131 Atay, Atat\u00fcrk&#8217;\u00fc bilardo oynarken bulunca, bu f\u0131rsattan yararlanarak ka\u00e7 zamand\u0131r d\u00fc\u015f\u00fcnd\u00fc\u011f\u00fc \u015feyi s\u00f6ylemeye karar verdi<span class=\"excerpt-hellip\"> [\u2026]<\/span><\/p>\n","protected":false},"featured_media":0,"template":"","meta":{"_monsterinsights_skip_tracking":false,"_monsterinsights_sitenote_active":false,"_monsterinsights_sitenote_note":"","_monsterinsights_sitenote_category":0},"product_brand":[],"product_cat":[12530,12304],"product_tag":[],"class_list":{"0":"post-704638","1":"product","2":"type-product","3":"status-publish","5":"product_cat-mustafa-kemal-ataturk","6":"product_cat-tarih","7":"pa_cilt-ciltsiz","8":"pa_tur-kitap","9":"pa_yayinevi-can-yayinlari","10":"pa_yazar-suleyman-bulut","12":"first","13":"instock","14":"sale","15":"shipping-taxable","16":"purchasable","17":"product-type-simple"},"_links":{"self":[{"href":"https:\/\/roveyayinevi.com.tr\/index.php\/wp-json\/wp\/v2\/product\/704638","targetHints":{"allow":["GET"]}}],"collection":[{"href":"https:\/\/roveyayinevi.com.tr\/index.php\/wp-json\/wp\/v2\/product"}],"about":[{"href":"https:\/\/roveyayinevi.com.tr\/index.php\/wp-json\/wp\/v2\/types\/product"}],"wp:attachment":[{"href":"https:\/\/roveyayinevi.com.tr\/index.php\/wp-json\/wp\/v2\/media?parent=704638"}],"wp:term":[{"taxonomy":"product_brand","embeddable":true,"href":"https:\/\/roveyayinevi.com.tr\/index.php\/wp-json\/wp\/v2\/product_brand?post=704638"},{"taxonomy":"product_cat","embeddable":true,"href":"https:\/\/roveyayinevi.com.tr\/index.php\/wp-json\/wp\/v2\/product_cat?post=704638"},{"taxonomy":"product_tag","embeddable":true,"href":"https:\/\/roveyayinevi.com.tr\/index.php\/wp-json\/wp\/v2\/product_tag?post=704638"}],"curies":[{"name":"wp","href":"https:\/\/api.w.org\/{rel}","templated":true}]}}