{"id":704634,"date":"2025-08-27T15:37:12","date_gmt":"2025-08-27T12:37:12","guid":{"rendered":"https:\/\/roveyayinevi.com.tr\/index.php\/urun\/devlet-i-aliyye-osmanli-imparatorlugu-uzerine-arastirmalar-3\/"},"modified":"2026-04-16T02:13:32","modified_gmt":"2026-04-15T23:13:32","slug":"devlet-i-aliyye-osmanli-imparatorlugu-uzerine-arastirmalar-3","status":"publish","type":"product","link":"https:\/\/roveyayinevi.com.tr\/index.php\/urun\/devlet-i-aliyye-osmanli-imparatorlugu-uzerine-arastirmalar-3\/","title":{"rendered":"Devlet-i Aliyye &#8211; Osmanl\u0131 \u0130mparatorlu\u011fu \u00dczerine Ara\u015ft\u0131rmalar 3"},"content":{"rendered":"<p>Devlet-i \u2018Aliyye\u2019nin birinci cildi Osmanl\u0131 Devleti\u2019nin bir beylikten Balkanlar ve Ortado\u011fu\u2019ya h\u00fckmeden g\u00fc\u00e7l\u00fc bir imparatorlu\u011fu d\u00f6n\u00fc\u015f\u00fcm\u00fcn\u00fc konu al\u0131r. \u0130kinci cilt ise padi\u015fah otoritesinin zay\u0131flad\u0131\u011f\u0131 ve yok oldu\u011fu 17. Y\u00fczy\u0131l\u0131n ilk yar\u0131s\u0131ndaki iktidar m\u00fccadelesini inceler ve K\u00f6pr\u00fcl\u00fc Mehmed Pa\u015fa\u2019n\u0131n mutlak bir otoriteyle veziriazaml\u0131\u011fa gelmesiyle sonlan\u0131r. Devlet-i \u2018Aliyye\u2019nin \u00fc\u00e7\u00fcnc\u00fc cildi, merkezi devlet otoritesinin yeniden kuruldu\u011fu K\u00f6pr\u00fcl\u00fcler d\u00f6nemini mercek alt\u0131na al\u0131yor.Bir yandan bu d\u00f6nemde ya\u015fanan m\u00e2li krizi Avrupa\u2019da ya\u015fanan Fiyat Devrimi ile ili\u015fkili olarak de\u011ferlendirirken, di\u011fer yandan da Orta-Avrupa\u2019da Habsburglarla s\u00fcren uzun iktidar m\u00fccadelesini ayr\u0131nt\u0131lar\u0131yla ele al\u0131yor. Bu b\u00fcy\u00fck meselenin yan\u0131 s\u0131ra Venedik\u2019le Akdeniz ve Ege\u2019de, Fransa\u2019yla Cezayir\u2019de s\u00fcren ihtilaflar\u0131 da inceliyor. Mali ve siyasi bunal\u0131ma kar\u015f\u0131 \u00e7\u00f6z\u00fcm aray\u0131\u015flar\u0131 ve bu \u00e7er\u00e7evede yaz\u0131lan \u0131slahat layihalar\u0131n\u0131 mercek alt\u0131na al\u0131yor. <\/p>\n","protected":false},"excerpt":{"rendered":"<p>Devlet-i \u2018Aliyye\u2019nin birinci cildi Osmanl\u0131 Devleti\u2019nin bir beylikten Balkanlar ve Ortado\u011fu\u2019ya h\u00fckmeden g\u00fc\u00e7l\u00fc bir imparatorlu\u011fu d\u00f6n\u00fc\u015f\u00fcm\u00fcn\u00fc konu al\u0131r. \u0130kinci cilt ise padi\u015fah otoritesinin zay\u0131flad\u0131\u011f\u0131 ve yok<span class=\"excerpt-hellip\"> [\u2026]<\/span><\/p>\n","protected":false},"featured_media":0,"template":"","meta":{"_monsterinsights_skip_tracking":false,"_monsterinsights_sitenote_active":false,"_monsterinsights_sitenote_note":"","_monsterinsights_sitenote_category":0},"product_brand":[],"product_cat":[13517,12304],"product_tag":[],"class_list":{"0":"post-704634","1":"product","2":"type-product","3":"status-publish","5":"product_cat-osmanli-tarihi","6":"product_cat-tarih","7":"pa_cilt-ciltsiz","8":"pa_tur-kitap","9":"pa_yayinevi-is-bankasi-kultur-yayinlari","10":"pa_yazar-halil-inalcik","12":"first","13":"instock","14":"sale","15":"shipping-taxable","16":"purchasable","17":"product-type-simple"},"_links":{"self":[{"href":"https:\/\/roveyayinevi.com.tr\/index.php\/wp-json\/wp\/v2\/product\/704634","targetHints":{"allow":["GET"]}}],"collection":[{"href":"https:\/\/roveyayinevi.com.tr\/index.php\/wp-json\/wp\/v2\/product"}],"about":[{"href":"https:\/\/roveyayinevi.com.tr\/index.php\/wp-json\/wp\/v2\/types\/product"}],"wp:attachment":[{"href":"https:\/\/roveyayinevi.com.tr\/index.php\/wp-json\/wp\/v2\/media?parent=704634"}],"wp:term":[{"taxonomy":"product_brand","embeddable":true,"href":"https:\/\/roveyayinevi.com.tr\/index.php\/wp-json\/wp\/v2\/product_brand?post=704634"},{"taxonomy":"product_cat","embeddable":true,"href":"https:\/\/roveyayinevi.com.tr\/index.php\/wp-json\/wp\/v2\/product_cat?post=704634"},{"taxonomy":"product_tag","embeddable":true,"href":"https:\/\/roveyayinevi.com.tr\/index.php\/wp-json\/wp\/v2\/product_tag?post=704634"}],"curies":[{"name":"wp","href":"https:\/\/api.w.org\/{rel}","templated":true}]}}