{"id":704627,"date":"2025-08-27T15:37:09","date_gmt":"2025-08-27T12:37:09","guid":{"rendered":"https:\/\/roveyayinevi.com.tr\/index.php\/urun\/diyalektik-dusuncenin-tarihi\/"},"modified":"2026-04-16T02:13:31","modified_gmt":"2026-04-15T23:13:31","slug":"diyalektik-dusuncenin-tarihi","status":"publish","type":"product","link":"https:\/\/roveyayinevi.com.tr\/index.php\/urun\/diyalektik-dusuncenin-tarihi\/","title":{"rendered":"Diyalektik D\u00fc\u015f\u00fcncenin Tarihi"},"content":{"rendered":"<p>Bu dikkat \u00e7ekici \u00e7al\u0131\u015fmas\u0131nda Selahattin Hilav diyalektik d\u00fc\u015f\u00fcnceyi, Do\u011fu d\u00fc\u015f\u00fcncesi ve Antik Yunan felsefesindeki k\u00f6kenlerinden alarak, Alman idealizminin ve \u00f6zellikle Hegel&#8217;in bir miras gibi devral\u0131p geli\u015ftirdi\u011fi ve Marx\u00e7\u0131l\u0131k i\u00e7inde daha da somutla\u015fan, bilimselle\u015fen ve zenginle\u015fen bir varl\u0131k g\u00f6r\u00fc\u015f\u00fc, d\u00fc\u015f\u00fcnce bi\u00e7imi ve y\u00f6ntemi olarak tarihsel geli\u015fimi i\u00e7inde irdeliyor. B\u00f6ylece ger\u00e7ek diyaletik d\u00fc\u015f\u00fcncenin evreni olmu\u015f bitmi\u015f, de\u011fi\u015fmeyen, sonlu ve birbiriyle ilintisiz nesnelerin y\u0131\u011f\u0131\u015f\u0131m\u0131 olarak g\u00f6ren duruk ve \u00e7\u00f6z\u00fcmleyici g\u00f6r\u00fc\u015flerin ve felsefelerin kar\u015f\u0131t\u0131 oldu\u011funu belirtmeye y\u00f6neldik. Ba\u015fka bir deyi\u015fle, ger\u00e7ekli\u011fi s\u00fcrekli bir olu\u015f ve de\u011fi\u015fme, etkile\u015fim ve nitel farkl\u0131l\u0131klar ta\u015f\u0131yan yeni ve daha y\u00fcksek d\u00fczeylerin ve b\u00fct\u00fcnlerin \u00e7eli\u015fkilerden ge\u00e7erek ortaya \u00e7\u0131k\u0131\u015f\u0131 olarak, yani bir dinamik s\u00fcre\u00e7 olarak ele alan g\u00f6r\u00fc\u015fler ve felsefeler \u00fczerinde durduk. \ufffcTan\u0131t\u0131m Metni<\/p>\n","protected":false},"excerpt":{"rendered":"<p>Bu dikkat \u00e7ekici \u00e7al\u0131\u015fmas\u0131nda Selahattin Hilav diyalektik d\u00fc\u015f\u00fcnceyi, Do\u011fu d\u00fc\u015f\u00fcncesi ve Antik Yunan felsefesindeki k\u00f6kenlerinden alarak, Alman idealizminin ve \u00f6zellikle Hegel&#8217;in bir miras gibi devral\u0131p geli\u015ftirdi\u011fi<span class=\"excerpt-hellip\"> [\u2026]<\/span><\/p>\n","protected":false},"featured_media":0,"template":"","meta":{"_monsterinsights_skip_tracking":false,"_monsterinsights_sitenote_active":false,"_monsterinsights_sitenote_note":"","_monsterinsights_sitenote_category":0},"product_brand":[],"product_cat":[12388,13555],"product_tag":[],"class_list":{"0":"post-704627","1":"product","2":"type-product","3":"status-publish","5":"product_cat-felsefe","6":"product_cat-genel-felsefe","7":"pa_cilt-ciltsiz","8":"pa_tur-kitap","9":"pa_yayinevi-yapi-kredi-yayinlari","10":"pa_yazar-selahattin-hilav","12":"first","13":"instock","14":"sale","15":"shipping-taxable","16":"purchasable","17":"product-type-simple"},"_links":{"self":[{"href":"https:\/\/roveyayinevi.com.tr\/index.php\/wp-json\/wp\/v2\/product\/704627","targetHints":{"allow":["GET"]}}],"collection":[{"href":"https:\/\/roveyayinevi.com.tr\/index.php\/wp-json\/wp\/v2\/product"}],"about":[{"href":"https:\/\/roveyayinevi.com.tr\/index.php\/wp-json\/wp\/v2\/types\/product"}],"wp:attachment":[{"href":"https:\/\/roveyayinevi.com.tr\/index.php\/wp-json\/wp\/v2\/media?parent=704627"}],"wp:term":[{"taxonomy":"product_brand","embeddable":true,"href":"https:\/\/roveyayinevi.com.tr\/index.php\/wp-json\/wp\/v2\/product_brand?post=704627"},{"taxonomy":"product_cat","embeddable":true,"href":"https:\/\/roveyayinevi.com.tr\/index.php\/wp-json\/wp\/v2\/product_cat?post=704627"},{"taxonomy":"product_tag","embeddable":true,"href":"https:\/\/roveyayinevi.com.tr\/index.php\/wp-json\/wp\/v2\/product_tag?post=704627"}],"curies":[{"name":"wp","href":"https:\/\/api.w.org\/{rel}","templated":true}]}}