{"id":704626,"date":"2025-08-27T15:37:09","date_gmt":"2025-08-27T12:37:09","guid":{"rendered":"https:\/\/roveyayinevi.com.tr\/index.php\/urun\/imdat-asik-oldum\/"},"modified":"2026-04-16T02:13:31","modified_gmt":"2026-04-15T23:13:31","slug":"imdat-asik-oldum","status":"publish","type":"product","link":"https:\/\/roveyayinevi.com.tr\/index.php\/urun\/imdat-asik-oldum\/","title":{"rendered":"\u0130mdat A\u015f\u0131k Oldum!"},"content":{"rendered":"<p>2010 y\u0131l\u0131n\u0131n \u015eubat\u0131yd\u0131. Bir g\u00fcn maillerimi a\u00e7t\u0131\u011f\u0131mda, beni \u00e7ok \u015fa\u015f\u0131rtan bir \u00e7a\u011fr\u0131 g\u00f6rd\u00fcm. Mailin konu b\u00f6l\u00fcm\u00fcnde sadece tek kelime yaz\u0131yordu: \u201c\u0130mdat!\u201d <\/p>\n","protected":false},"excerpt":{"rendered":"<p>2010 y\u0131l\u0131n\u0131n \u015eubat\u0131yd\u0131. Bir g\u00fcn maillerimi a\u00e7t\u0131\u011f\u0131mda, beni \u00e7ok \u015fa\u015f\u0131rtan bir \u00e7a\u011fr\u0131 g\u00f6rd\u00fcm. Mailin konu b\u00f6l\u00fcm\u00fcnde sadece tek kelime yaz\u0131yordu: \u201c\u0130mdat!\u201d<\/p>\n","protected":false},"featured_media":0,"template":"","meta":{"_monsterinsights_skip_tracking":false,"_monsterinsights_sitenote_active":false,"_monsterinsights_sitenote_note":"","_monsterinsights_sitenote_category":0},"product_brand":[],"product_cat":[12782,12291],"product_tag":[],"class_list":{"0":"post-704626","1":"product","2":"type-product","3":"status-publish","5":"product_cat-alman-edebiyati","6":"product_cat-edebiyat","7":"pa_tur-kitap","8":"pa_yayinevi-nesil-yayinlari","9":"pa_yazar-cuneyd-suavi","11":"first","12":"instock","13":"sale","14":"shipping-taxable","15":"purchasable","16":"product-type-simple"},"_links":{"self":[{"href":"https:\/\/roveyayinevi.com.tr\/index.php\/wp-json\/wp\/v2\/product\/704626","targetHints":{"allow":["GET"]}}],"collection":[{"href":"https:\/\/roveyayinevi.com.tr\/index.php\/wp-json\/wp\/v2\/product"}],"about":[{"href":"https:\/\/roveyayinevi.com.tr\/index.php\/wp-json\/wp\/v2\/types\/product"}],"wp:attachment":[{"href":"https:\/\/roveyayinevi.com.tr\/index.php\/wp-json\/wp\/v2\/media?parent=704626"}],"wp:term":[{"taxonomy":"product_brand","embeddable":true,"href":"https:\/\/roveyayinevi.com.tr\/index.php\/wp-json\/wp\/v2\/product_brand?post=704626"},{"taxonomy":"product_cat","embeddable":true,"href":"https:\/\/roveyayinevi.com.tr\/index.php\/wp-json\/wp\/v2\/product_cat?post=704626"},{"taxonomy":"product_tag","embeddable":true,"href":"https:\/\/roveyayinevi.com.tr\/index.php\/wp-json\/wp\/v2\/product_tag?post=704626"}],"curies":[{"name":"wp","href":"https:\/\/api.w.org\/{rel}","templated":true}]}}