{"id":704625,"date":"2025-08-27T15:37:08","date_gmt":"2025-08-27T12:37:08","guid":{"rendered":"https:\/\/roveyayinevi.com.tr\/index.php\/urun\/gecenin-sonuna-yolculuk\/"},"modified":"2026-04-16T02:13:31","modified_gmt":"2026-04-15T23:13:31","slug":"gecenin-sonuna-yolculuk","status":"publish","type":"product","link":"https:\/\/roveyayinevi.com.tr\/index.php\/urun\/gecenin-sonuna-yolculuk\/","title":{"rendered":"Gecenin Sonuna Yolculuk"},"content":{"rendered":"<p>Louis-Ferdinand C\u00e9line\u2019in ilk ve en \u00fcnl\u00fc kitab\u0131 Gecenin Sonuna Yolculuk, ya\u015fam\u0131n oradan oraya, Birinci D\u00fcnya Sava\u015f\u0131\u2019ndan Afrika\u2019ya, Amerika\u2019dan Fransa\u2019daki bir ak\u0131l hastanesine savurdu\u011fu bir anti-kahraman\u0131n, Bardamu\u2019n\u00fcn \u00f6yk\u00fcs\u00fc. Sefalet, hastal\u0131k, yozla\u015fm\u0131\u015fl\u0131k, delilik, \u00f6l\u00fcm her yerde. \u0130nsan\u0131n varolu\u015f kar\u015f\u0131s\u0131ndaki \u00e7aresizli\u011fi y\u00fcz\u00fcm\u00fcze t\u00fcyler \u00fcrpertici bir ritimle vuruluyor. Kapkara ama alabildi\u011fine \u015fiirsel, Simone de Beauvoir\u2019\u0131n deyi\u015fiyle \u201cs\u00f6z kadar canl\u0131 bir yaz\u0131\u201dyla yaz\u0131lm\u0131\u015f bir senfoni.     Gecenin Sonuna Yolculuk iki d\u00fcnya sava\u015f\u0131 \u00e7\u0131karm\u0131\u015f bir y\u00fczy\u0131lda aynaya yans\u0131yan insan ruhunun bir nevi yaz\u0131nsal otopsisidir.     Ger\u00e7ek C\u00e9line \u201cmucize\u201dsini yaratan \u015fey okuman\u0131n yaratt\u0131\u011f\u0131 etkidir \u2013 b\u00fcy\u00fcleyici, gizemli, kopkoyu bir karanl\u0131k i\u00e7inde, ho\u015fnutsuz ama bununla birlikte yard\u0131m eli uzatan kahkahayla. Julia Kristeva     Asl\u0131na bakarsan\u0131z Fransa\u2019da \u201cbenim Proust\u2019um\u201d C\u00e9line\u2019dir. (\u2026) C\u00e9line \u00e7ok b\u00fcy\u00fck bir \u00f6zg\u00fcrl\u00fck\u00e7\u00fcd\u00fcr, onun sesinin \u00e7a\u011fr\u0131s\u0131 beni i\u00e7ine \u00e7ekiyor. Philip Roth     \u00d6nce C\u00e9line\u2019i okumal\u0131, son 2000 y\u0131l\u0131n en b\u00fcy\u00fck yazar\u0131\u2026 <\/p>\n","protected":false},"excerpt":{"rendered":"<p>Louis-Ferdinand C\u00e9line\u2019in ilk ve en \u00fcnl\u00fc kitab\u0131 Gecenin Sonuna Yolculuk, ya\u015fam\u0131n oradan oraya, Birinci D\u00fcnya Sava\u015f\u0131\u2019ndan Afrika\u2019ya, Amerika\u2019dan Fransa\u2019daki bir ak\u0131l hastanesine savurdu\u011fu bir anti-kahraman\u0131n, Bardamu\u2019n\u00fcn<span class=\"excerpt-hellip\"> [\u2026]<\/span><\/p>\n","protected":false},"featured_media":0,"template":"","meta":{"_monsterinsights_skip_tracking":false,"_monsterinsights_sitenote_active":false,"_monsterinsights_sitenote_note":"","_monsterinsights_sitenote_category":0},"product_brand":[],"product_cat":[12291,13376],"product_tag":[],"class_list":{"0":"post-704625","1":"product","2":"type-product","3":"status-publish","5":"product_cat-edebiyat","6":"product_cat-fransiz-edebiyati","7":"pa_cilt-ciltsiz","8":"pa_tur-kitap","9":"pa_yayinevi-yapi-kredi-yayinlari","10":"pa_yazar-louis-ferdinand-celine","12":"first","13":"instock","14":"sale","15":"shipping-taxable","16":"purchasable","17":"product-type-simple"},"_links":{"self":[{"href":"https:\/\/roveyayinevi.com.tr\/index.php\/wp-json\/wp\/v2\/product\/704625","targetHints":{"allow":["GET"]}}],"collection":[{"href":"https:\/\/roveyayinevi.com.tr\/index.php\/wp-json\/wp\/v2\/product"}],"about":[{"href":"https:\/\/roveyayinevi.com.tr\/index.php\/wp-json\/wp\/v2\/types\/product"}],"wp:attachment":[{"href":"https:\/\/roveyayinevi.com.tr\/index.php\/wp-json\/wp\/v2\/media?parent=704625"}],"wp:term":[{"taxonomy":"product_brand","embeddable":true,"href":"https:\/\/roveyayinevi.com.tr\/index.php\/wp-json\/wp\/v2\/product_brand?post=704625"},{"taxonomy":"product_cat","embeddable":true,"href":"https:\/\/roveyayinevi.com.tr\/index.php\/wp-json\/wp\/v2\/product_cat?post=704625"},{"taxonomy":"product_tag","embeddable":true,"href":"https:\/\/roveyayinevi.com.tr\/index.php\/wp-json\/wp\/v2\/product_tag?post=704625"}],"curies":[{"name":"wp","href":"https:\/\/api.w.org\/{rel}","templated":true}]}}