{"id":704619,"date":"2025-08-27T15:37:06","date_gmt":"2025-08-27T12:37:06","guid":{"rendered":"https:\/\/roveyayinevi.com.tr\/index.php\/urun\/muzik-alfabesi-1-bolum\/"},"modified":"2026-04-16T02:13:31","modified_gmt":"2026-04-15T23:13:31","slug":"muzik-alfabesi-1-bolum","status":"publish","type":"product","link":"https:\/\/roveyayinevi.com.tr\/index.php\/urun\/muzik-alfabesi-1-bolum\/","title":{"rendered":"M\u00fczik Alfabesi 1. B\u00f6l\u00fcm"},"content":{"rendered":"<p>Bu b\u00f6l\u00fcmde Sol Anahtar\u0131nda Do, Re, Mi, Fa, Sol notalar\u0131, Fa Anahtar\u0131ndaki Do, Si, La, Sol notalar\u0131 tan\u0131t\u0131l\u0131yor. Birlik, \u0130kilik, Noktal\u0131 ikilik ve d\u00f6rtl\u00fck nota de\u011ferleri ile 3\/4, 2\/4 ve 4\/4`l\u00fck \u00f6l\u00e7\u00fc say\u0131lar\u0131na giri\u015f yap\u0131l\u0131yor. Bu bilgiler, \u00e7\u0131kartmalar ile bo\u015fluk doldurma, oyunlar ve tekrar \u00e7al\u0131\u015fmalar\u0131 ile destekleniyor.<\/p>\n","protected":false},"excerpt":{"rendered":"<p>Bu b\u00f6l\u00fcmde Sol Anahtar\u0131nda Do, Re, Mi, Fa, Sol notalar\u0131, Fa Anahtar\u0131ndaki Do, Si, La, Sol notalar\u0131 tan\u0131t\u0131l\u0131yor. Birlik, \u0130kilik, Noktal\u0131 ikilik ve d\u00f6rtl\u00fck nota de\u011ferleri<span class=\"excerpt-hellip\"> [\u2026]<\/span><\/p>\n","protected":false},"featured_media":0,"template":"","meta":{"_monsterinsights_skip_tracking":false,"_monsterinsights_sitenote_active":false,"_monsterinsights_sitenote_note":"","_monsterinsights_sitenote_category":0},"product_brand":[],"product_cat":[12274,12649],"product_tag":[],"class_list":{"0":"post-704619","1":"product","2":"type-product","3":"status-publish","5":"product_cat-cocuk-ve-genclik-kitaplari","6":"product_cat-hobi-muzik","7":"pa_cilt-ciltsiz","8":"pa_tur-kitap","9":"pa_yayinevi-porte-muzik-egitim-merkezi","10":"pa_yazar-lina-ng","12":"first","13":"instock","14":"sale","15":"shipping-taxable","16":"purchasable","17":"product-type-simple"},"_links":{"self":[{"href":"https:\/\/roveyayinevi.com.tr\/index.php\/wp-json\/wp\/v2\/product\/704619","targetHints":{"allow":["GET"]}}],"collection":[{"href":"https:\/\/roveyayinevi.com.tr\/index.php\/wp-json\/wp\/v2\/product"}],"about":[{"href":"https:\/\/roveyayinevi.com.tr\/index.php\/wp-json\/wp\/v2\/types\/product"}],"wp:attachment":[{"href":"https:\/\/roveyayinevi.com.tr\/index.php\/wp-json\/wp\/v2\/media?parent=704619"}],"wp:term":[{"taxonomy":"product_brand","embeddable":true,"href":"https:\/\/roveyayinevi.com.tr\/index.php\/wp-json\/wp\/v2\/product_brand?post=704619"},{"taxonomy":"product_cat","embeddable":true,"href":"https:\/\/roveyayinevi.com.tr\/index.php\/wp-json\/wp\/v2\/product_cat?post=704619"},{"taxonomy":"product_tag","embeddable":true,"href":"https:\/\/roveyayinevi.com.tr\/index.php\/wp-json\/wp\/v2\/product_tag?post=704619"}],"curies":[{"name":"wp","href":"https:\/\/api.w.org\/{rel}","templated":true}]}}