{"id":704618,"date":"2025-08-27T15:37:05","date_gmt":"2025-08-27T12:37:05","guid":{"rendered":"https:\/\/roveyayinevi.com.tr\/index.php\/urun\/sakatat\/"},"modified":"2026-04-16T02:13:31","modified_gmt":"2026-04-15T23:13:31","slug":"sakatat","status":"publish","type":"product","link":"https:\/\/roveyayinevi.com.tr\/index.php\/urun\/sakatat\/","title":{"rendered":"Sakatat"},"content":{"rendered":"<p>Sakatat asl\u0131nda engin bir deniz&#8230; Tarihe bakt\u0131\u011f\u0131m\u0131z zaman en fakirin masas\u0131ndan tutun da en zenginin sofras\u0131na kadar s\u0131k\u00e7a rastl\u0131yoruz ona. T\u00fcrklerin en \u00e7ok sevdi\u011fi yiyeceklerden\u2026Seyyar a\u015f\u00e7\u0131lar taraf\u0131ndan sokakta sat\u0131lm\u0131\u015f, halk\u0131 doyurmu\u015f&#8230; Tarihi lokantalar\u0131n, meyhane k\u00fclt\u00fcr\u00fcn\u00fcn aranan par\u00e7as\u0131 olarak sofralardan eksik olmam\u0131\u015f&#8230; Ci\u011ferci dedi\u011fimiz, sadece sakatat\u0131n sat\u0131ld\u0131\u011f\u0131 bir meslek kolu olu\u015fturmu\u015f&#8230;\u00c7ocuklu\u011funda sakatatlar\u0131n pi\u015fti\u011fi bir evde b\u00fcy\u00fcyen ve o g\u00fcnlerden itibaren sakatata ilgi duyan \u00fcnl\u00fc gen\u00e7 \u015fef Pelin Dumanl\u0131, \u00fcniversite y\u0131llar\u0131nda da konunun ne kadar derin ve daha \u00f6nce hi\u00e7 \u00e7al\u0131\u015f\u0131lmam\u0131\u015f oldu\u011funu fark etti. Bir de yemek tarihi alan\u0131nda yapt\u0131\u011f\u0131 ara\u015ft\u0131rmalar\u0131n tad\u0131na var\u0131nca, gastronomiden mezun olduktan sonra y\u00fcksek lisans tez konusu olarak sakatat\u0131 se\u00e7ti.\u0130ki y\u0131l boyunca \u00e7e\u015fitli r\u00f6portajlar, mezbaha ve ci\u011ferci ziyaretleri, kaynak taramalar\u0131 sonunda kendine \u00e7ok geni\u015f bir \u00e7al\u0131\u015fma alan\u0131 olu\u015fturdu ve sonunda ortaya T\u00fcrkiye\u2019de sakatat ile ilgili yaz\u0131lm\u0131\u015f en kapsaml\u0131 bu kitap \u00e7\u0131kt\u0131.Bu kitap sakatat ile ilgili yaz\u0131lm\u0131\u015f d\u00fcnyada d\u00f6rd\u00fcnc\u00fc, \u00fclkemizde ise ilk olma \u00f6zelli\u011fi ta\u015f\u0131yor. Bu kitab\u0131 okuyunca, sakatat yemek tariflerini zevkle uygulay\u0131p afiyetle yiyeceksiniz. Sakatat\u0131n sa\u011fl\u0131\u011f\u0131n\u0131za faydas\u0131n\u0131 g\u00f6receksiniz.\u201cProf. Dr. Canan Karatay, senelerdir bu ger\u00e7e\u011fi kafam\u0131za \u00e7ak\u0131yor, istedi\u011finiz kadar yumurta, pirzola, tereya\u011f\u0131 yiyin diyor. Ben de ekliyorum: Sakatat yiyin, sakata gelmeyin!\u201dProf. Dr. Ahmet Rasim K\u00fc\u00e7\u00fckusta\u201cKolesterol\u00fcn y\u00fckselme mant\u0131\u011f\u0131n\u0131 alg\u0131layamayacak kadar k\u00f6relmi\u015f bilimsel zek\u00e2, meseleyi sakatata ba\u011flayarak sonland\u0131rmaya \u00e7al\u0131\u015f\u0131rken, National Geographic belgesellerinde ceylan\u0131 avlayan aslan\u0131n \u00f6nce nereyi yedi\u011fini alg\u0131lamakta elbette zorlan\u0131r!\u201dYard. Do\u00e7. Dr. Yavuz Dizdar\u201cBug\u00fcn \u00fclkemizde ya\u015fayan insanlar\u0131n %90\u2019\u0131ndan fazlas\u0131nda D vitamini eksikli\u011fi var maalesef. D vitaminini bolca alabilmek i\u00e7in bol bol ci\u011fer ve sakatat yiyin.\u201dDr. \u00dcmit Akta\u015f <\/p>\n","protected":false},"excerpt":{"rendered":"<p>Sakatat asl\u0131nda engin bir deniz&#8230; Tarihe bakt\u0131\u011f\u0131m\u0131z zaman en fakirin masas\u0131ndan tutun da en zenginin sofras\u0131na kadar s\u0131k\u00e7a rastl\u0131yoruz ona. T\u00fcrklerin en \u00e7ok sevdi\u011fi yiyeceklerden\u2026Seyyar a\u015f\u00e7\u0131lar<span class=\"excerpt-hellip\"> [\u2026]<\/span><\/p>\n","protected":false},"featured_media":0,"template":"","meta":{"_monsterinsights_skip_tracking":false,"_monsterinsights_sitenote_active":false,"_monsterinsights_sitenote_note":"","_monsterinsights_sitenote_category":0},"product_brand":[],"product_cat":[12457],"product_tag":[],"class_list":{"0":"post-704618","1":"product","2":"type-product","3":"status-publish","5":"product_cat-yemek-kitaplari","6":"pa_cilt-ciltsiz","7":"pa_tur-kitap","8":"pa_yayinevi-hayykitap","9":"pa_yazar-pelin-dumanli","11":"first","12":"instock","13":"sale","14":"shipping-taxable","15":"purchasable","16":"product-type-simple"},"_links":{"self":[{"href":"https:\/\/roveyayinevi.com.tr\/index.php\/wp-json\/wp\/v2\/product\/704618","targetHints":{"allow":["GET"]}}],"collection":[{"href":"https:\/\/roveyayinevi.com.tr\/index.php\/wp-json\/wp\/v2\/product"}],"about":[{"href":"https:\/\/roveyayinevi.com.tr\/index.php\/wp-json\/wp\/v2\/types\/product"}],"wp:attachment":[{"href":"https:\/\/roveyayinevi.com.tr\/index.php\/wp-json\/wp\/v2\/media?parent=704618"}],"wp:term":[{"taxonomy":"product_brand","embeddable":true,"href":"https:\/\/roveyayinevi.com.tr\/index.php\/wp-json\/wp\/v2\/product_brand?post=704618"},{"taxonomy":"product_cat","embeddable":true,"href":"https:\/\/roveyayinevi.com.tr\/index.php\/wp-json\/wp\/v2\/product_cat?post=704618"},{"taxonomy":"product_tag","embeddable":true,"href":"https:\/\/roveyayinevi.com.tr\/index.php\/wp-json\/wp\/v2\/product_tag?post=704618"}],"curies":[{"name":"wp","href":"https:\/\/api.w.org\/{rel}","templated":true}]}}