{"id":704615,"date":"2025-08-27T15:37:04","date_gmt":"2025-08-27T12:37:04","guid":{"rendered":"https:\/\/roveyayinevi.com.tr\/index.php\/urun\/tarihi-tersten-okumak\/"},"modified":"2026-04-16T02:13:31","modified_gmt":"2026-04-15T23:13:31","slug":"tarihi-tersten-okumak","status":"publish","type":"product","link":"https:\/\/roveyayinevi.com.tr\/index.php\/urun\/tarihi-tersten-okumak\/","title":{"rendered":"Tarihi Tersten Okumak"},"content":{"rendered":"<p>Sava\u015flar, ke\u015fifler, reformlar\u2026 Tarihin d\u00f6n\u00fcm noktalar\u0131 b\u00fcy\u00fck insanlar\u0131n b\u00fcy\u00fck ad\u0131mlar\u0131ylag\u00fcn\u00fcm\u00fcz\u00fc in\u015fa etti. Peki ya tarih sahnesindekiler kusursuz muydu? Olaylar hep ince planlarla m\u0131\u00f6r\u00fcl\u00fcyordu? \u0130\u015fin asl\u0131 her zaman de\u011fil\u2026Zeynep Dramal\u0131, Tarihi Tersten Okumak kitab\u0131nda sa\u00e7\u0131ndaki bir bit sayesinde sadrazam olanR\u00fcstem Pa\u015fa\u2019dan a\u015fk u\u011fruna sava\u015fmadan fethedilen Aydos Kalesi\u2019ne tarihin talih fakt\u00f6r\u00fcn\u00fc\u0131skalamayanlar\u0131n ger\u00e7ek hik\u00e2yelerini ele al\u0131yor. Elbette tarihte talih her zaman, herkesin yan\u0131ndade\u011fil. Salem\u2019de cad\u0131 diye as\u0131lanlar da var kundakta evlendirilen sultanlar da\u2026 Olaylar\u0131n geli\u015fiminietkileyen perde arkas\u0131nda kalm\u0131\u015f pek \u00e7ok ilgin\u00e7 ya\u015fanm\u0131\u015fl\u0131k, bir tarih\u00e7inin kaleminden okurasunuluyor.Bu kitap sizi, Osmanl\u0131\u2019n\u0131n Lale Devri\u2019nden Amerika\u2019n\u0131n tart\u0131\u015fmal\u0131 ke\u015ffine, Kaz\u0131kl\u0131 Voyvoda\u2019n\u0131ndeh\u015fetli saltanat\u0131ndan \u00c7in\u2019in ak\u0131l almaz i\u015fkence y\u00f6ntemlerine; zamanlar ve mek\u00e2nlar aras\u0131 tarih\u00eebir seyahate davet ediyor.<\/p>\n","protected":false},"excerpt":{"rendered":"<p>Sava\u015flar, ke\u015fifler, reformlar\u2026 Tarihin d\u00f6n\u00fcm noktalar\u0131 b\u00fcy\u00fck insanlar\u0131n b\u00fcy\u00fck ad\u0131mlar\u0131ylag\u00fcn\u00fcm\u00fcz\u00fc in\u015fa etti. Peki ya tarih sahnesindekiler kusursuz muydu? Olaylar hep ince planlarla m\u0131\u00f6r\u00fcl\u00fcyordu? \u0130\u015fin asl\u0131 her<span class=\"excerpt-hellip\"> [\u2026]<\/span><\/p>\n","protected":false},"featured_media":0,"template":"","meta":{"_monsterinsights_skip_tracking":false,"_monsterinsights_sitenote_active":false,"_monsterinsights_sitenote_note":"","_monsterinsights_sitenote_category":0},"product_brand":[],"product_cat":[12312,12304],"product_tag":[],"class_list":{"0":"post-704615","1":"product","2":"type-product","3":"status-publish","5":"product_cat-diger","6":"product_cat-tarih","7":"pa_cilt-ciltsiz","8":"pa_tur-kitap","9":"pa_yayinevi-yeditepe-yayinevi","10":"pa_yazar-zeynep-dramali","12":"first","13":"instock","14":"sale","15":"shipping-taxable","16":"purchasable","17":"product-type-simple"},"_links":{"self":[{"href":"https:\/\/roveyayinevi.com.tr\/index.php\/wp-json\/wp\/v2\/product\/704615","targetHints":{"allow":["GET"]}}],"collection":[{"href":"https:\/\/roveyayinevi.com.tr\/index.php\/wp-json\/wp\/v2\/product"}],"about":[{"href":"https:\/\/roveyayinevi.com.tr\/index.php\/wp-json\/wp\/v2\/types\/product"}],"wp:attachment":[{"href":"https:\/\/roveyayinevi.com.tr\/index.php\/wp-json\/wp\/v2\/media?parent=704615"}],"wp:term":[{"taxonomy":"product_brand","embeddable":true,"href":"https:\/\/roveyayinevi.com.tr\/index.php\/wp-json\/wp\/v2\/product_brand?post=704615"},{"taxonomy":"product_cat","embeddable":true,"href":"https:\/\/roveyayinevi.com.tr\/index.php\/wp-json\/wp\/v2\/product_cat?post=704615"},{"taxonomy":"product_tag","embeddable":true,"href":"https:\/\/roveyayinevi.com.tr\/index.php\/wp-json\/wp\/v2\/product_tag?post=704615"}],"curies":[{"name":"wp","href":"https:\/\/api.w.org\/{rel}","templated":true}]}}