{"id":704613,"date":"2025-08-27T15:37:03","date_gmt":"2025-08-27T12:37:03","guid":{"rendered":"https:\/\/roveyayinevi.com.tr\/index.php\/urun\/insanlarin-oynadigi-oyunlar\/"},"modified":"2026-04-08T02:17:48","modified_gmt":"2026-04-07T23:17:48","slug":"insanlarin-oynadigi-oyunlar","status":"publish","type":"product","link":"https:\/\/roveyayinevi.com.tr\/index.php\/urun\/insanlarin-oynadigi-oyunlar\/","title":{"rendered":"\u0130nsanlar\u0131n Oynad\u0131\u011f\u0131 Oyunlar"},"content":{"rendered":"<p>\u0130nsanlar\u0131n Oynad\u0131\u011f\u0131 Oyunlar ilk \u00e7\u0131kt\u0131\u011f\u0131nda bomba gibi bir etki yaratt\u0131 ve bug\u00fcn d\u00fcnya \u00e7ap\u0131nda en orijinal ve en etkili psikoloji kitaplar\u0131ndan biri kabul ediliyor. \u00c7\u00f6z\u00fcmleyici ve zihin a\u00e7\u0131c\u0131. \ufffcTan\u0131t\u0131m Metni<\/p>\n","protected":false},"excerpt":{"rendered":"<p>\u0130nsanlar\u0131n Oynad\u0131\u011f\u0131 Oyunlar ilk \u00e7\u0131kt\u0131\u011f\u0131nda bomba gibi bir etki yaratt\u0131 ve bug\u00fcn d\u00fcnya \u00e7ap\u0131nda en orijinal ve en etkili psikoloji kitaplar\u0131ndan biri kabul ediliyor. \u00c7\u00f6z\u00fcmleyici ve<span class=\"excerpt-hellip\"> [\u2026]<\/span><\/p>\n","protected":false},"featured_media":0,"template":"","meta":{"_monsterinsights_skip_tracking":false,"_monsterinsights_sitenote_active":false,"_monsterinsights_sitenote_note":"","_monsterinsights_sitenote_category":0},"product_brand":[],"product_cat":[12364,12376],"product_tag":[],"class_list":{"0":"post-704613","1":"product","2":"type-product","3":"status-publish","5":"product_cat-genel-konular","6":"product_cat-kisisel-gelisim","7":"pa_cilt-ciltsiz","8":"pa_tur-kitap","9":"pa_yayinevi-diyojen-yayincilik","10":"pa_yazar-eric-berne","12":"first","13":"instock","14":"sale","15":"shipping-taxable","16":"purchasable","17":"product-type-simple"},"_links":{"self":[{"href":"https:\/\/roveyayinevi.com.tr\/index.php\/wp-json\/wp\/v2\/product\/704613","targetHints":{"allow":["GET"]}}],"collection":[{"href":"https:\/\/roveyayinevi.com.tr\/index.php\/wp-json\/wp\/v2\/product"}],"about":[{"href":"https:\/\/roveyayinevi.com.tr\/index.php\/wp-json\/wp\/v2\/types\/product"}],"wp:attachment":[{"href":"https:\/\/roveyayinevi.com.tr\/index.php\/wp-json\/wp\/v2\/media?parent=704613"}],"wp:term":[{"taxonomy":"product_brand","embeddable":true,"href":"https:\/\/roveyayinevi.com.tr\/index.php\/wp-json\/wp\/v2\/product_brand?post=704613"},{"taxonomy":"product_cat","embeddable":true,"href":"https:\/\/roveyayinevi.com.tr\/index.php\/wp-json\/wp\/v2\/product_cat?post=704613"},{"taxonomy":"product_tag","embeddable":true,"href":"https:\/\/roveyayinevi.com.tr\/index.php\/wp-json\/wp\/v2\/product_tag?post=704613"}],"curies":[{"name":"wp","href":"https:\/\/api.w.org\/{rel}","templated":true}]}}