{"id":704611,"date":"2025-08-27T15:37:02","date_gmt":"2025-08-27T12:37:02","guid":{"rendered":"https:\/\/roveyayinevi.com.tr\/index.php\/urun\/kiliclarin-firtinasi-2\/"},"modified":"2026-04-16T02:13:31","modified_gmt":"2026-04-15T23:13:31","slug":"kiliclarin-firtinasi-2","status":"publish","type":"product","link":"https:\/\/roveyayinevi.com.tr\/index.php\/urun\/kiliclarin-firtinasi-2\/","title":{"rendered":"K\u0131l\u0131\u00e7lar\u0131n F\u0131rt\u0131nas\u0131  2"},"content":{"rendered":"<p>George R. R. Martin&#8217;in muhte\u015fem serisi, K\u0131l\u0131\u00e7lar\u0131n F\u0131rt\u0131nas\u0131 ile modern fantastik edebiyat\u0131n istisnai ba\u015fyap\u0131tlar\u0131ndan biri konumuna geliyor, imgesel kurgunun b\u00fcy\u00fck eserleri aras\u0131ndaki yerini sa\u011flamla\u015ft\u0131r\u0131yor. \ufffc<\/p>\n","protected":false},"excerpt":{"rendered":"<p>George R. R. Martin&#8217;in muhte\u015fem serisi, K\u0131l\u0131\u00e7lar\u0131n F\u0131rt\u0131nas\u0131 ile modern fantastik edebiyat\u0131n istisnai ba\u015fyap\u0131tlar\u0131ndan biri konumuna geliyor, imgesel kurgunun b\u00fcy\u00fck eserleri aras\u0131ndaki yerini sa\u011flamla\u015ft\u0131r\u0131yor. \ufffc<\/p>\n","protected":false},"featured_media":0,"template":"","meta":{"_monsterinsights_skip_tracking":false,"_monsterinsights_sitenote_active":false,"_monsterinsights_sitenote_note":"","_monsterinsights_sitenote_category":0},"product_brand":[],"product_cat":[12540,12291],"product_tag":[],"class_list":{"0":"post-704611","1":"product","2":"type-product","3":"status-publish","5":"product_cat-bilim-kurgu","6":"product_cat-edebiyat","7":"pa_cilt-ciltsiz","8":"pa_tur-kitap","9":"pa_yayinevi-epsilon-yayinlari","10":"pa_yazar-george-r-r-martin","12":"first","13":"instock","14":"sale","15":"shipping-taxable","16":"purchasable","17":"product-type-simple"},"_links":{"self":[{"href":"https:\/\/roveyayinevi.com.tr\/index.php\/wp-json\/wp\/v2\/product\/704611","targetHints":{"allow":["GET"]}}],"collection":[{"href":"https:\/\/roveyayinevi.com.tr\/index.php\/wp-json\/wp\/v2\/product"}],"about":[{"href":"https:\/\/roveyayinevi.com.tr\/index.php\/wp-json\/wp\/v2\/types\/product"}],"wp:attachment":[{"href":"https:\/\/roveyayinevi.com.tr\/index.php\/wp-json\/wp\/v2\/media?parent=704611"}],"wp:term":[{"taxonomy":"product_brand","embeddable":true,"href":"https:\/\/roveyayinevi.com.tr\/index.php\/wp-json\/wp\/v2\/product_brand?post=704611"},{"taxonomy":"product_cat","embeddable":true,"href":"https:\/\/roveyayinevi.com.tr\/index.php\/wp-json\/wp\/v2\/product_cat?post=704611"},{"taxonomy":"product_tag","embeddable":true,"href":"https:\/\/roveyayinevi.com.tr\/index.php\/wp-json\/wp\/v2\/product_tag?post=704611"}],"curies":[{"name":"wp","href":"https:\/\/api.w.org\/{rel}","templated":true}]}}