{"id":704608,"date":"2025-08-27T15:37:01","date_gmt":"2025-08-27T12:37:01","guid":{"rendered":"https:\/\/roveyayinevi.com.tr\/index.php\/urun\/duygu-odakli-cift-terapisi-uygulamalari\/"},"modified":"2026-01-29T02:25:04","modified_gmt":"2026-01-28T23:25:04","slug":"duygu-odakli-cift-terapisi-uygulamalari","status":"publish","type":"product","link":"https:\/\/roveyayinevi.com.tr\/index.php\/urun\/duygu-odakli-cift-terapisi-uygulamalari\/","title":{"rendered":"Duygu Odakl\u0131 \u00c7ift Terapisi Uygulamalar\u0131"},"content":{"rendered":"<p>Bu eser, hem sorun ya\u015fayan \u00e7iftler hem de \u00e7ift terapisi alan\u0131nda yetkinle\u015fmek isteyen profesyoneller i\u00e7in tam da bu i\u015fin nas\u0131l yap\u0131ld\u0131\u011f\u0131n\u0131 g\u00f6steren ve iyi bir ili\u015fkinin yarat\u0131lmas\u0131 s\u00fcrecinde uygulanmas\u0131 gereken y\u00f6ntemleri i\u00e7eren temel bir eserdir.- Do\u00e7. Dr. Cebrail K\u0131sa,Yak\u0131n ili\u015fkilerde, \u00f6zellikle de evlilik ve \u00e7ift ili\u015fkisinde sevgi ba\u011f\u0131ndan daha esasl\u0131, daha insani bir \u015fey yoktur. Susan M Johnson, bu eserinde, evlilik ve \u00e7ift ili\u015fkisinde e\u015flerin birbirlerine nas\u0131l ba\u011fland\u0131klar\u0131n\u0131, \u00e7at\u0131\u015fma ya\u015fad\u0131klar\u0131nda birbirlerinden nas\u0131l uzakla\u015ft\u0131klar\u0131n\u0131 ve yeniden bir ba\u011flanma yaratmak i\u00e7in onlara nas\u0131l yard\u0131m edilebilece\u011fi konular\u0131n\u0131 ayr\u0131nt\u0131l\u0131 bir \u015fekilde olgu \u00f6rnekleriyle beraber ele almaktad\u0131r.- Alan S. Gurman, Ph.D.Psikiyatri Profes\u00f6r\u00fc, Wisconsin \u00dcniversitesi T\u0131p Fak\u00fcltesiBu kitap; Duygu Odakl\u0131 Terapi\u2019nin varsay\u0131mlar\u0131, stratejileri ve m\u00fcdahaleleri a\u00e7\u0131k bir \u015fekilde anlat\u0131lmaktad\u0131r. Bu terapi yakla\u015f\u0131m\u0131 k\u0131sa s\u00fcrelidir, genellikle 8 ila 20 seans uygulan\u0131r.Bir terapistin sorunlu bir \u00e7iftle daha istikrarl\u0131 ve tatmin edici bir ili\u015fkiye do\u011fru \u00e7\u0131kt\u0131\u011f\u0131 yolculukta, evlilik sorunlar\u0131na ve yeti\u015fkin ba\u011flanmas\u0131na y\u00f6nelik ona yard\u0131mc\u0131 olan deneysel olarak ge\u00e7erli k\u0131l\u0131nm\u0131\u015f modeller ve yol haritalar\u0131 vard\u0131r.- Susan M. JohnsonDr. Susan M. Johnson, Ottawa \u00c7ift ve Aile Enstit\u00fcs\u00fc (Kanada) ve Uluslararas\u0131 Duygu Odakl\u0131 Terapi Merkezi&#8217;nin direkt\u00f6r\u00fc olmas\u0131n\u0131n yan\u0131 s\u0131ra, Kaliforniya San Diego Alliant \u00dcniversitesi&#8217;nde ara\u015ft\u0131rma profes\u00f6r\u00fc ve Ottawa \u00dcniversitesi&#8217;nde klinik psikoloji profes\u00f6r\u00fc olarak \u00e7al\u0131\u015fmaktad\u0131r. Amerikan Evlilik ve Aile Terapisi Derne\u011fi taraf\u0131ndan verilen &#8216;\u00c7ift ve Aile Terapisi Alan\u0131na \u00dcst\u00fcn Katk\u0131 \u00d6d\u00fcl\u00fc&#8217; de dahil olmak \u00fczere pek \u00e7ok kez onurland\u0131r\u0131lm\u0131\u015ft\u0131r. <\/p>\n","protected":false},"excerpt":{"rendered":"<p>Bu eser, hem sorun ya\u015fayan \u00e7iftler hem de \u00e7ift terapisi alan\u0131nda yetkinle\u015fmek isteyen profesyoneller i\u00e7in tam da bu i\u015fin nas\u0131l yap\u0131ld\u0131\u011f\u0131n\u0131 g\u00f6steren ve iyi bir ili\u015fkinin<span class=\"excerpt-hellip\"> [\u2026]<\/span><\/p>\n","protected":false},"featured_media":0,"template":"","meta":{"_monsterinsights_skip_tracking":false,"_monsterinsights_sitenote_active":false,"_monsterinsights_sitenote_note":"","_monsterinsights_sitenote_category":0},"product_brand":[],"product_cat":[26396,13488],"product_tag":[],"class_list":{"0":"post-704608","1":"product","2":"type-product","3":"status-publish","5":"product_cat-kadin-erkek-iliskileri","6":"product_cat-toplum-ve-insan","7":"pa_cilt-ciltsiz","8":"pa_tur-kitap","9":"pa_yayinevi-ck-yayinevi","10":"pa_yazar-susan-m-johnson","12":"first","13":"instock","14":"sale","15":"shipping-taxable","16":"purchasable","17":"product-type-simple"},"_links":{"self":[{"href":"https:\/\/roveyayinevi.com.tr\/index.php\/wp-json\/wp\/v2\/product\/704608","targetHints":{"allow":["GET"]}}],"collection":[{"href":"https:\/\/roveyayinevi.com.tr\/index.php\/wp-json\/wp\/v2\/product"}],"about":[{"href":"https:\/\/roveyayinevi.com.tr\/index.php\/wp-json\/wp\/v2\/types\/product"}],"wp:attachment":[{"href":"https:\/\/roveyayinevi.com.tr\/index.php\/wp-json\/wp\/v2\/media?parent=704608"}],"wp:term":[{"taxonomy":"product_brand","embeddable":true,"href":"https:\/\/roveyayinevi.com.tr\/index.php\/wp-json\/wp\/v2\/product_brand?post=704608"},{"taxonomy":"product_cat","embeddable":true,"href":"https:\/\/roveyayinevi.com.tr\/index.php\/wp-json\/wp\/v2\/product_cat?post=704608"},{"taxonomy":"product_tag","embeddable":true,"href":"https:\/\/roveyayinevi.com.tr\/index.php\/wp-json\/wp\/v2\/product_tag?post=704608"}],"curies":[{"name":"wp","href":"https:\/\/api.w.org\/{rel}","templated":true}]}}