{"id":704607,"date":"2025-08-27T15:37:01","date_gmt":"2025-08-27T12:37:01","guid":{"rendered":"https:\/\/roveyayinevi.com.tr\/index.php\/urun\/sandik-sepet-ankara\/"},"modified":"2026-04-16T02:13:31","modified_gmt":"2026-04-15T23:13:31","slug":"sandik-sepet-ankara","status":"publish","type":"product","link":"https:\/\/roveyayinevi.com.tr\/index.php\/urun\/sandik-sepet-ankara\/","title":{"rendered":"Sand\u0131k Sepet Ankara"},"content":{"rendered":"<p>K\u00fclt\u00fcrel Miras Serisi, \u00fc\u00e7\u00fcnc\u00fc kitab\u0131yla Ankara&#8217;da soluklan\u0131yor. Bu kez onlarca Anadolu uygarl\u0131\u011f\u0131n\u0131 konuk etmi\u015f, g\u00f6rm\u00fc\u015f ge\u00e7irmi\u015f bilge kentin, ba\u015fkentimizin alt\u0131n\u0131 \u00fcst\u00fcne getiriyoruz. Bisikletimize atl\u0131yor, eski Ankara sokaklar\u0131yla sarma\u015f dola\u015f oluyor, Pelin G\u00fcne\u015f&#8217;in mizah dolu kalemiyle bize sundu\u011fu Ankara&#8217;y\u0131 seyre dal\u0131yoruz. Dama\u011f\u0131m\u0131zda eskinin tad\u0131, koltu\u011fumuzun alt\u0131nda tarihi yap\u0131lar, medeniyetler\u2026 Ali ve ailesi, Ankara&#8217;n\u0131n eski mahallelerinden birine ta\u015f\u0131n\u0131r. Ali ba\u015fta hi\u00e7 \u0131s\u0131namaz buraya ama Kale \u0130\u00e7i&#8217;ndeki dar sokaklardan birinde, \u00fc\u00e7 katl\u0131 avlulu evde ba\u015flayan yeni hayat, zamanla ho\u015funa gitmeye ba\u015flar. Buras\u0131 mahalle hayat\u0131n\u0131n s\u00fcrd\u00fc\u011f\u00fc, tarihi kale surlar\u0131n\u0131n, k\u00fc\u00e7\u00fck esnaf d\u00fckk\u00e2nlar\u0131n\u0131n, kahvelerin, eskicilerin, antikac\u0131lar\u0131n hatta pek \u00e7ok m\u00fczenin de i\u00e7inde bulundu\u011fu s\u0131rad\u0131\u015f\u0131 bir semttir. Art\u0131k g\u00f6rkemli Ankara Kalesi&#8217;nin gri bisikletli prensidir Ali, kentin eski sokaklar\u0131ysa b\u00fcy\u00fck bir zevkle emrindedir. Derken akl\u0131na bir fikir d\u00fc\u015fer. Yeni mahallesinden arkada\u015flar\u0131yla bir i\u015f kurmaya karar verirler. Ama \u00f6nce y\u0131llanm\u0131\u015f Ankara ile ha\u015f\u0131r ne\u015fir olup onu dikkatlice dinlemeleri, sand\u0131klar\u0131n\u0131 az\u0131c\u0131k kar\u0131\u015ft\u0131rmalar\u0131 gereklidir. <\/p>\n","protected":false},"excerpt":{"rendered":"<p>K\u00fclt\u00fcrel Miras Serisi, \u00fc\u00e7\u00fcnc\u00fc kitab\u0131yla Ankara&#8217;da soluklan\u0131yor. Bu kez onlarca Anadolu uygarl\u0131\u011f\u0131n\u0131 konuk etmi\u015f, g\u00f6rm\u00fc\u015f ge\u00e7irmi\u015f bilge kentin, ba\u015fkentimizin alt\u0131n\u0131 \u00fcst\u00fcne getiriyoruz. Bisikletimize atl\u0131yor, eski Ankara<span class=\"excerpt-hellip\"> [\u2026]<\/span><\/p>\n","protected":false},"featured_media":0,"template":"","meta":{"_monsterinsights_skip_tracking":false,"_monsterinsights_sitenote_active":false,"_monsterinsights_sitenote_note":"","_monsterinsights_sitenote_category":0},"product_brand":[],"product_cat":[12275,12274],"product_tag":[],"class_list":{"0":"post-704607","1":"product","2":"type-product","3":"status-publish","5":"product_cat-6-12-yas-kitaplari","6":"product_cat-cocuk-ve-genclik-kitaplari","7":"pa_cilt-ciltsiz","8":"pa_tur-kitap","9":"pa_yayinevi-elma-cocuk","10":"pa_yazar-pelin-gunes","12":"first","13":"instock","14":"sale","15":"shipping-taxable","16":"purchasable","17":"product-type-simple"},"_links":{"self":[{"href":"https:\/\/roveyayinevi.com.tr\/index.php\/wp-json\/wp\/v2\/product\/704607","targetHints":{"allow":["GET"]}}],"collection":[{"href":"https:\/\/roveyayinevi.com.tr\/index.php\/wp-json\/wp\/v2\/product"}],"about":[{"href":"https:\/\/roveyayinevi.com.tr\/index.php\/wp-json\/wp\/v2\/types\/product"}],"wp:attachment":[{"href":"https:\/\/roveyayinevi.com.tr\/index.php\/wp-json\/wp\/v2\/media?parent=704607"}],"wp:term":[{"taxonomy":"product_brand","embeddable":true,"href":"https:\/\/roveyayinevi.com.tr\/index.php\/wp-json\/wp\/v2\/product_brand?post=704607"},{"taxonomy":"product_cat","embeddable":true,"href":"https:\/\/roveyayinevi.com.tr\/index.php\/wp-json\/wp\/v2\/product_cat?post=704607"},{"taxonomy":"product_tag","embeddable":true,"href":"https:\/\/roveyayinevi.com.tr\/index.php\/wp-json\/wp\/v2\/product_tag?post=704607"}],"curies":[{"name":"wp","href":"https:\/\/api.w.org\/{rel}","templated":true}]}}