{"id":704606,"date":"2025-08-27T15:37:01","date_gmt":"2025-08-27T12:37:01","guid":{"rendered":"https:\/\/roveyayinevi.com.tr\/index.php\/urun\/suyla-gelen-saglik-alkali-yasam\/"},"modified":"2026-04-16T02:13:31","modified_gmt":"2026-04-15T23:13:31","slug":"suyla-gelen-saglik-alkali-yasam","status":"publish","type":"product","link":"https:\/\/roveyayinevi.com.tr\/index.php\/urun\/suyla-gelen-saglik-alkali-yasam\/","title":{"rendered":"Suyla Gelen Sa\u011fl\u0131k: Alkali Ya\u015fam"},"content":{"rendered":"<p>V\u00fccudun olmazsa olmaz\u0131, kan\u0131n temiz yani alkali olmas\u0131d\u0131r. Kan ve v\u00fccut s\u0131v\u0131lar\u0131 alkaliyse ve oksijen ile beslenmi\u015fse, ba\u011f\u0131\u015f\u0131kl\u0131k sistemi g\u00fc\u00e7l\u00fc demektir. Vir\u00fcs, bakteri, mantarlar alkalik ve oksijenli ortamlarda geli\u015femezler. V\u00fccudun kirlili\u011fi, v\u00fccudun temizleme kapasitesinin \u00fczerine \u00e7\u0131kt\u0131\u011f\u0131nda, alkalik ve oksijen d\u00fczeyi d\u00fc\u015fer kan kirlili\u011fi olu\u015fur yani asidoz (fazla asit), hipoksi (oksijen yetersizli\u011fi) meydana gelir. Bu da vir\u00fcs, bakteri, mantar, parazit gibi hastal\u0131k etkenlerinin \u00fcreyip \u00e7o\u011falmas\u0131na neden olur. Kan\u0131, karaci\u011feri, ba\u011f\u0131rsaklar\u0131 temizler, dolay\u0131s\u0131yla ba\u011f\u0131\u015f\u0131kl\u0131k (imm\u00fcn sistem) sistemini g\u00fc\u00e7lendirirseniz v\u00fccut hastal\u0131kla m\u00fccadelede ba\u015far\u0131l\u0131 olur. Hastalanmamak i\u00e7in kan ve v\u00fccut s\u0131v\u0131lar\u0131 alkali, oksijen ise normal de\u011ferlerinde bulunmal\u0131d\u0131r.Bu kitap sizlere v\u00fccudu alkali h\u00e2le getirmenin yollar\u0131n\u0131 anlat\u0131yor&#8230; <\/p>\n","protected":false},"excerpt":{"rendered":"<p>V\u00fccudun olmazsa olmaz\u0131, kan\u0131n temiz yani alkali olmas\u0131d\u0131r. Kan ve v\u00fccut s\u0131v\u0131lar\u0131 alkaliyse ve oksijen ile beslenmi\u015fse, ba\u011f\u0131\u015f\u0131kl\u0131k sistemi g\u00fc\u00e7l\u00fc demektir. Vir\u00fcs, bakteri, mantarlar alkalik ve<span class=\"excerpt-hellip\"> [\u2026]<\/span><\/p>\n","protected":false},"featured_media":0,"template":"","meta":{"_monsterinsights_skip_tracking":false,"_monsterinsights_sitenote_active":false,"_monsterinsights_sitenote_note":"","_monsterinsights_sitenote_category":0},"product_brand":[],"product_cat":[13397,13365],"product_tag":[],"class_list":{"0":"post-704606","1":"product","2":"type-product","3":"status-publish","5":"product_cat-alternatif-tip-sifali-bitkiler","6":"product_cat-saglik","7":"pa_tur-kitap","8":"pa_yayinevi-nesil-yayinlari","9":"pa_yazar-ahmet-maranki","11":"first","12":"instock","13":"sale","14":"shipping-taxable","15":"purchasable","16":"product-type-simple"},"_links":{"self":[{"href":"https:\/\/roveyayinevi.com.tr\/index.php\/wp-json\/wp\/v2\/product\/704606","targetHints":{"allow":["GET"]}}],"collection":[{"href":"https:\/\/roveyayinevi.com.tr\/index.php\/wp-json\/wp\/v2\/product"}],"about":[{"href":"https:\/\/roveyayinevi.com.tr\/index.php\/wp-json\/wp\/v2\/types\/product"}],"wp:attachment":[{"href":"https:\/\/roveyayinevi.com.tr\/index.php\/wp-json\/wp\/v2\/media?parent=704606"}],"wp:term":[{"taxonomy":"product_brand","embeddable":true,"href":"https:\/\/roveyayinevi.com.tr\/index.php\/wp-json\/wp\/v2\/product_brand?post=704606"},{"taxonomy":"product_cat","embeddable":true,"href":"https:\/\/roveyayinevi.com.tr\/index.php\/wp-json\/wp\/v2\/product_cat?post=704606"},{"taxonomy":"product_tag","embeddable":true,"href":"https:\/\/roveyayinevi.com.tr\/index.php\/wp-json\/wp\/v2\/product_tag?post=704606"}],"curies":[{"name":"wp","href":"https:\/\/api.w.org\/{rel}","templated":true}]}}