{"id":704604,"date":"2025-08-27T15:37:00","date_gmt":"2025-08-27T12:37:00","guid":{"rendered":"https:\/\/roveyayinevi.com.tr\/index.php\/urun\/felsefe-yazilari-3\/"},"modified":"2026-04-16T02:13:31","modified_gmt":"2026-04-15T23:13:31","slug":"felsefe-yazilari-3","status":"publish","type":"product","link":"https:\/\/roveyayinevi.com.tr\/index.php\/urun\/felsefe-yazilari-3\/","title":{"rendered":"Felsefe Yaz\u0131lar\u0131"},"content":{"rendered":"<p>\u0130lk olarak 1910 y\u0131l\u0131nda bas\u0131lan Felsefe Yaz\u0131lar\u0131, d\u00fcnyan\u0131n en etkili d\u00fc\u015f\u00fcn\u00fcrlerinden biri olan Bertrand Russell\u2019\u0131n d\u00fc\u015f\u00fcnce evriminin \u00f6nemli bir d\u00f6nemini yans\u0131tan \u00e7al\u0131\u015fmalar\u0131ndand\u0131r. Yedi denemeden olu\u015fan bu kitap, Russell\u2019\u0131n zekas\u0131n\u0131 ve ahlaki konular ile ger\u00e7ekli\u011fin do\u011fas\u0131 hakk\u0131ndaki yorumlar\u0131n\u0131 g\u00f6zler \u00f6n\u00fcne seriyor. Bu ayd\u0131nlat\u0131c\u0131 denemelerin g\u00fcn\u00fcm\u00fczde de ilk bas\u0131ld\u0131\u011f\u0131 y\u0131llardaki kadar g\u00fcncel oldu\u011fu olduk\u00e7a a\u00e7\u0131kt\u0131r. \ufffcTan\u0131t\u0131m Metni<\/p>\n","protected":false},"excerpt":{"rendered":"<p>\u0130lk olarak 1910 y\u0131l\u0131nda bas\u0131lan Felsefe Yaz\u0131lar\u0131, d\u00fcnyan\u0131n en etkili d\u00fc\u015f\u00fcn\u00fcrlerinden biri olan Bertrand Russell\u2019\u0131n d\u00fc\u015f\u00fcnce evriminin \u00f6nemli bir d\u00f6nemini yans\u0131tan \u00e7al\u0131\u015fmalar\u0131ndand\u0131r. Yedi denemeden olu\u015fan bu<span class=\"excerpt-hellip\"> [\u2026]<\/span><\/p>\n","protected":false},"featured_media":0,"template":"","meta":{"_monsterinsights_skip_tracking":false,"_monsterinsights_sitenote_active":false,"_monsterinsights_sitenote_note":"","_monsterinsights_sitenote_category":0},"product_brand":[],"product_cat":[12389,12388],"product_tag":[],"class_list":{"0":"post-704604","1":"product","2":"type-product","3":"status-publish","5":"product_cat-diger-felsefe","6":"product_cat-felsefe","7":"pa_cilt-ciltsiz","8":"pa_tur-kitap","9":"pa_yayinevi-say-yayinlari","10":"pa_yazar-bertrand-russell","12":"first","13":"instock","14":"sale","15":"shipping-taxable","16":"purchasable","17":"product-type-simple"},"_links":{"self":[{"href":"https:\/\/roveyayinevi.com.tr\/index.php\/wp-json\/wp\/v2\/product\/704604","targetHints":{"allow":["GET"]}}],"collection":[{"href":"https:\/\/roveyayinevi.com.tr\/index.php\/wp-json\/wp\/v2\/product"}],"about":[{"href":"https:\/\/roveyayinevi.com.tr\/index.php\/wp-json\/wp\/v2\/types\/product"}],"wp:attachment":[{"href":"https:\/\/roveyayinevi.com.tr\/index.php\/wp-json\/wp\/v2\/media?parent=704604"}],"wp:term":[{"taxonomy":"product_brand","embeddable":true,"href":"https:\/\/roveyayinevi.com.tr\/index.php\/wp-json\/wp\/v2\/product_brand?post=704604"},{"taxonomy":"product_cat","embeddable":true,"href":"https:\/\/roveyayinevi.com.tr\/index.php\/wp-json\/wp\/v2\/product_cat?post=704604"},{"taxonomy":"product_tag","embeddable":true,"href":"https:\/\/roveyayinevi.com.tr\/index.php\/wp-json\/wp\/v2\/product_tag?post=704604"}],"curies":[{"name":"wp","href":"https:\/\/api.w.org\/{rel}","templated":true}]}}