{"id":704603,"date":"2025-08-27T15:37:00","date_gmt":"2025-08-27T12:37:00","guid":{"rendered":"https:\/\/roveyayinevi.com.tr\/index.php\/urun\/kucuk-prens-dunya-cocuk-klasikleri\/"},"modified":"2026-04-16T02:13:31","modified_gmt":"2026-04-15T23:13:31","slug":"kucuk-prens-dunya-cocuk-klasikleri","status":"publish","type":"product","link":"https:\/\/roveyayinevi.com.tr\/index.php\/urun\/kucuk-prens-dunya-cocuk-klasikleri\/","title":{"rendered":"K\u00fc\u00e7\u00fck Prens &#8211; D\u00fcnya \u00c7ocuk Klasikleri"},"content":{"rendered":"<p>D\u00fcnya \u00e7ocuk klasikleri; aya yolculuk alt\u0131n beyinli adam balonla  hafta bat\u0131k gemi Beyaz Di\u015f \u00e7al\u0131nan ta\u00e7 \u00c7ocuk Kalbi Dav\u0131d Copperf\u0131eld demir maske demiryolu \u00e7ocuklar\u0131 deniz y\u0131lan\u0131 denizler alt\u0131nda 20 bin fersah Donki\u015fot dr. oks d\u00fcnyan\u0131n merkezine seyahat elmas avc\u0131lar\u0131 esrarl\u0131 ada g\u00f6klerin hakimi g\u00fcm\u00fc\u015f patenler iki y\u0131l okul tatili jane eyre ka\u00e7\u0131r\u0131lan \u00e7ocuk kahraman fenerciler kaptan grant&#8217;\u0131n \u00e7ocuklar\u0131 kara ok karanl\u0131k \u00fclke karpatlar \u015fatosu kimsesiz \u00e7ocuk korkusuz kaptanlar kurt h\u00fccumu k\u00fc\u00e7\u00fck erkekler k\u00fc\u00e7\u00fck kad\u0131nlar k\u00fc\u00e7\u00fck kemanc\u0131 K\u00fc\u00e7\u00fck Lord k\u00fc\u00e7\u00fck prenses mercan adas\u0131 moby d\u0131ck monte kristo onbe\u015f ya\u015f\u0131nda bir kaptan orman \u00e7ocu\u011fu ormandan gelen ses robensonlar okulu rob\u0131nson crusoe se\u00e7me hikayeler sefiller siyah inci siyah lale tom amca&#8217;n\u0131n kul\u00fcbesi ye\u015fil \u0131\u015f\u0131k zenda mahkumlar\u0131. <\/p>\n","protected":false},"excerpt":{"rendered":"<p>D\u00fcnya \u00e7ocuk klasikleri; aya yolculuk alt\u0131n beyinli adam balonla hafta bat\u0131k gemi Beyaz Di\u015f \u00e7al\u0131nan ta\u00e7 \u00c7ocuk Kalbi Dav\u0131d Copperf\u0131eld demir maske demiryolu \u00e7ocuklar\u0131 deniz y\u0131lan\u0131<span class=\"excerpt-hellip\"> [\u2026]<\/span><\/p>\n","protected":false},"featured_media":0,"template":"","meta":{"_monsterinsights_skip_tracking":false,"_monsterinsights_sitenote_active":false,"_monsterinsights_sitenote_note":"","_monsterinsights_sitenote_category":0},"product_brand":[],"product_cat":[12274,12467],"product_tag":[],"class_list":{"0":"post-704603","1":"product","2":"type-product","3":"status-publish","5":"product_cat-cocuk-ve-genclik-kitaplari","6":"product_cat-dunya-klasikleri","7":"pa_tur-kitap","8":"pa_yayinevi-parilti-yayinlari","9":"pa_yazar-antonie-de-saint-exupery","11":"first","12":"instock","13":"sale","14":"shipping-taxable","15":"purchasable","16":"product-type-simple"},"_links":{"self":[{"href":"https:\/\/roveyayinevi.com.tr\/index.php\/wp-json\/wp\/v2\/product\/704603","targetHints":{"allow":["GET"]}}],"collection":[{"href":"https:\/\/roveyayinevi.com.tr\/index.php\/wp-json\/wp\/v2\/product"}],"about":[{"href":"https:\/\/roveyayinevi.com.tr\/index.php\/wp-json\/wp\/v2\/types\/product"}],"wp:attachment":[{"href":"https:\/\/roveyayinevi.com.tr\/index.php\/wp-json\/wp\/v2\/media?parent=704603"}],"wp:term":[{"taxonomy":"product_brand","embeddable":true,"href":"https:\/\/roveyayinevi.com.tr\/index.php\/wp-json\/wp\/v2\/product_brand?post=704603"},{"taxonomy":"product_cat","embeddable":true,"href":"https:\/\/roveyayinevi.com.tr\/index.php\/wp-json\/wp\/v2\/product_cat?post=704603"},{"taxonomy":"product_tag","embeddable":true,"href":"https:\/\/roveyayinevi.com.tr\/index.php\/wp-json\/wp\/v2\/product_tag?post=704603"}],"curies":[{"name":"wp","href":"https:\/\/api.w.org\/{rel}","templated":true}]}}