{"id":704597,"date":"2025-08-27T15:36:58","date_gmt":"2025-08-27T12:36:58","guid":{"rendered":"https:\/\/roveyayinevi.com.tr\/index.php\/urun\/cocuk-psikanalizi\/"},"modified":"2026-04-16T02:13:31","modified_gmt":"2026-04-15T23:13:31","slug":"cocuk-psikanalizi","status":"publish","type":"product","link":"https:\/\/roveyayinevi.com.tr\/index.php\/urun\/cocuk-psikanalizi\/","title":{"rendered":"\u00c7ocuk Psikanalizi"},"content":{"rendered":"<p>1920\u2019li y\u0131llarda psikanalistlerin \u00e7og\u0306u ku\u0308\u00e7u\u0308k \u00e7ocuklar\u0131n psikanalitik metot i\u00e7in yeterli ve haz\u0131r olmad\u0131klar\u0131n\u0131 savunuyorlard\u0131. Melanie Klein bu go\u0308ru\u0308\u015fu\u0308 reddetti ve \u00e7ocuklara uygulanan metodu yeniden du\u0308zenledi. 1932 y\u0131l\u0131nda ise bu eseri yay\u0131nlad\u0131. \u00c7ocuk Psikanalizi, \u00e7ocuk analizindeki devrimci tavr\u0131yla art\u0131k alan\u0131nda bir klasik olarak kabul go\u0308ru\u0308r. Klein\u2019\u0131n kendi tasarlad\u0131g\u0306\u0131 o\u0308zel teknikleri metin i\u00e7inde ayr\u0131nt\u0131l\u0131 bir \u015fekilde sunmas\u0131 esere ayr\u0131ca o\u0308ncu\u0308lu\u0308k ve o\u0308zgu\u0308nlu\u0308k katar. Psikanaliz ug\u0306ra\u015f\u0131n\u0131 \u00e7ocuklug\u0306un erken do\u0308nemlerine kadar go\u0308tu\u0308ren Klein, sadece \u00e7ocuklar\u0131n tedavisine katk\u0131 yapmakla kalmaz, ayr\u0131ca \u00e7ocuklug\u0306un ki\u015filig\u0306in geli\u015fimindeki etkisine ve yeti\u015fkinlerde go\u0308ru\u0308len nevroz ve psikozlara dair yeni perspektifler a\u00e7ar. \ufffcTan\u0131t\u0131m Metni<\/p>\n","protected":false},"excerpt":{"rendered":"<p>1920\u2019li y\u0131llarda psikanalistlerin \u00e7og\u0306u ku\u0308\u00e7u\u0308k \u00e7ocuklar\u0131n psikanalitik metot i\u00e7in yeterli ve haz\u0131r olmad\u0131klar\u0131n\u0131 savunuyorlard\u0131. Melanie Klein bu go\u0308ru\u0308\u015fu\u0308 reddetti ve \u00e7ocuklara uygulanan metodu yeniden du\u0308zenledi. 1932<span class=\"excerpt-hellip\"> [\u2026]<\/span><\/p>\n","protected":false},"featured_media":0,"template":"","meta":{"_monsterinsights_skip_tracking":false,"_monsterinsights_sitenote_active":false,"_monsterinsights_sitenote_note":"","_monsterinsights_sitenote_category":0},"product_brand":[],"product_cat":[12679,12357],"product_tag":[],"class_list":{"0":"post-704597","1":"product","2":"type-product","3":"status-publish","5":"product_cat-cocuk-psikolojisi","6":"product_cat-psikoloji","7":"pa_tur-kitap","8":"pa_yayinevi-pinhan-yayincilik","9":"pa_yazar-melanie-klein","11":"first","12":"instock","13":"sale","14":"shipping-taxable","15":"purchasable","16":"product-type-simple"},"_links":{"self":[{"href":"https:\/\/roveyayinevi.com.tr\/index.php\/wp-json\/wp\/v2\/product\/704597","targetHints":{"allow":["GET"]}}],"collection":[{"href":"https:\/\/roveyayinevi.com.tr\/index.php\/wp-json\/wp\/v2\/product"}],"about":[{"href":"https:\/\/roveyayinevi.com.tr\/index.php\/wp-json\/wp\/v2\/types\/product"}],"wp:attachment":[{"href":"https:\/\/roveyayinevi.com.tr\/index.php\/wp-json\/wp\/v2\/media?parent=704597"}],"wp:term":[{"taxonomy":"product_brand","embeddable":true,"href":"https:\/\/roveyayinevi.com.tr\/index.php\/wp-json\/wp\/v2\/product_brand?post=704597"},{"taxonomy":"product_cat","embeddable":true,"href":"https:\/\/roveyayinevi.com.tr\/index.php\/wp-json\/wp\/v2\/product_cat?post=704597"},{"taxonomy":"product_tag","embeddable":true,"href":"https:\/\/roveyayinevi.com.tr\/index.php\/wp-json\/wp\/v2\/product_tag?post=704597"}],"curies":[{"name":"wp","href":"https:\/\/api.w.org\/{rel}","templated":true}]}}