{"id":704596,"date":"2025-08-27T15:36:57","date_gmt":"2025-08-27T12:36:57","guid":{"rendered":"https:\/\/roveyayinevi.com.tr\/index.php\/urun\/dalgalar-dedikoduyu-sever\/"},"modified":"2026-04-16T02:13:31","modified_gmt":"2026-04-15T23:13:31","slug":"dalgalar-dedikoduyu-sever","status":"publish","type":"product","link":"https:\/\/roveyayinevi.com.tr\/index.php\/urun\/dalgalar-dedikoduyu-sever\/","title":{"rendered":"Dalgalar Dedikoduyu Sever"},"content":{"rendered":"<p>Dalgalar\u0131n bo\u015fbo\u011faz oldu\u011funu ve bu y\u00fczden de denizle kavgalar\u0131n\u0131n bitmedi\u011fini; dokumac\u0131 ku\u015fu Fiyok&#8217;un \u00e7\u00f6pl\u00fckte buldu\u011fu pet \u015fi\u015feler, magazin dergileri, kilim par\u00e7alar\u0131, d\u00fc\u011fmeler ve portakal \u00e7ekirdeklerinden birbirinden g\u00fczel \u015fapkalar ve s\u00fcs e\u015fyalar\u0131 yapt\u0131\u011f\u0131n\u0131 biliyor muydunuz? Peki, d\u00fcnyay\u0131 ba\u015fkalar\u0131n\u0131n de\u011fil kendi g\u00f6z\u00fcyle g\u00f6rmek isteyen yi\u011fit albatrosun hikayesini; mart\u0131 gibi ya\u015famaya ba\u015flayan leyle\u011fin ba\u015f\u0131ndan ge\u00e7enleri merak ediyor musunuz? \ufffc<\/p>\n","protected":false},"excerpt":{"rendered":"<p>Dalgalar\u0131n bo\u015fbo\u011faz oldu\u011funu ve bu y\u00fczden de denizle kavgalar\u0131n\u0131n bitmedi\u011fini; dokumac\u0131 ku\u015fu Fiyok&#8217;un \u00e7\u00f6pl\u00fckte buldu\u011fu pet \u015fi\u015feler, magazin dergileri, kilim par\u00e7alar\u0131, d\u00fc\u011fmeler ve portakal \u00e7ekirdeklerinden birbirinden<span class=\"excerpt-hellip\"> [\u2026]<\/span><\/p>\n","protected":false},"featured_media":0,"template":"","meta":{"_monsterinsights_skip_tracking":false,"_monsterinsights_sitenote_active":false,"_monsterinsights_sitenote_note":"","_monsterinsights_sitenote_category":0},"product_brand":[],"product_cat":[12274,12284],"product_tag":[],"class_list":{"0":"post-704596","1":"product","2":"type-product","3":"status-publish","5":"product_cat-cocuk-ve-genclik-kitaplari","6":"product_cat-hikayeler","7":"pa_cilt-ciltsiz","8":"pa_tur-kitap","9":"pa_yayinevi-can-cocuk-yayinlari","10":"pa_yazar-sevim-ak","12":"first","13":"instock","14":"sale","15":"shipping-taxable","16":"purchasable","17":"product-type-simple"},"_links":{"self":[{"href":"https:\/\/roveyayinevi.com.tr\/index.php\/wp-json\/wp\/v2\/product\/704596","targetHints":{"allow":["GET"]}}],"collection":[{"href":"https:\/\/roveyayinevi.com.tr\/index.php\/wp-json\/wp\/v2\/product"}],"about":[{"href":"https:\/\/roveyayinevi.com.tr\/index.php\/wp-json\/wp\/v2\/types\/product"}],"wp:attachment":[{"href":"https:\/\/roveyayinevi.com.tr\/index.php\/wp-json\/wp\/v2\/media?parent=704596"}],"wp:term":[{"taxonomy":"product_brand","embeddable":true,"href":"https:\/\/roveyayinevi.com.tr\/index.php\/wp-json\/wp\/v2\/product_brand?post=704596"},{"taxonomy":"product_cat","embeddable":true,"href":"https:\/\/roveyayinevi.com.tr\/index.php\/wp-json\/wp\/v2\/product_cat?post=704596"},{"taxonomy":"product_tag","embeddable":true,"href":"https:\/\/roveyayinevi.com.tr\/index.php\/wp-json\/wp\/v2\/product_tag?post=704596"}],"curies":[{"name":"wp","href":"https:\/\/api.w.org\/{rel}","templated":true}]}}